{"id":1842,"date":"2025-01-23T10:49:45","date_gmt":"2025-01-23T13:49:45","guid":{"rendered":"https:\/\/lucasvasconcelos.com.br\/bumper\/?page_id=1842"},"modified":"2025-01-27T21:43:27","modified_gmt":"2025-01-28T00:43:27","slug":"blog-bumper-magazine","status":"publish","type":"page","link":"https:\/\/lucasvasconcelos.com.br\/bumper\/blog-bumper-magazine\/","title":{"rendered":"Blog Bumper Magazine"},"content":{"rendered":"\t\t<div data-elementor-type=\"wp-page\" data-elementor-id=\"1842\" class=\"elementor elementor-1842\">\n\t\t\t\t<div class=\"aux-parallax-section elementor-element elementor-element-827b7a4 e-con-full e-flex e-con e-parent\" data-id=\"827b7a4\" data-element_type=\"container\" data-e-type=\"container\" data-settings=\"{&quot;background_background&quot;:&quot;classic&quot;}\">\n\t\t\t\t<div class=\"elementor-element elementor-element-4fd2811 elementor-widget elementor-widget-heading\" data-id=\"4fd2811\" data-element_type=\"widget\" data-e-type=\"widget\" data-widget_type=\"heading.default\">\n\t\t\t\t<div class=\"elementor-widget-container\">\n\t\t\t\t\t<h2 class=\"elementor-heading-title elementor-size-default\">BLOG BUMPER MAGAZINE<\/h2>\t\t\t\t<\/div>\n\t\t\t\t<\/div>\n\t\t\t\t<\/div>\n\t\t<div class=\"aux-parallax-section elementor-element elementor-element-f40c2c4 e-con-full e-flex e-con e-parent\" data-id=\"f40c2c4\" data-element_type=\"container\" data-e-type=\"container\">\n\t\t<div class=\"elementor-element elementor-element-3fe9fc4 e-con-full e-flex e-con e-child\" data-id=\"3fe9fc4\" data-element_type=\"container\" data-e-type=\"container\">\n\t\t\t\t<div class=\"elementor-element elementor-element-f02e387 elementor-widget elementor-widget-aux_recent_posts_land_style\" data-id=\"f02e387\" data-element_type=\"widget\" data-e-type=\"widget\" data-widget_type=\"aux_recent_posts_land_style.default\">\n\t\t\t\t<div class=\"elementor-widget-container\">\n\t\t\t\t\t<section class=\"widget-container aux-widget-recent-posts-land aux-parent-auad1a6fc1\"><div data-element-id=\"auad1a6fc1\" class=\"aux-blog-land-style aux-ajax-view \"><div class=\"aux-block post-1823\">\n                        <article class=\"aux-column-post-entry land-post-style post-1823 post type-post status-publish format-standard has-post-thumbnail hentry category-sem-categoria\">\n                                                        <div class=\"entry-media\"><div class=\"aux-media-frame aux-media-image aux-image-mask\"><a href=\"https:\/\/lucasvasconcelos.com.br\/bumper\/2025\/01\/23\/deliciosas-receitas-para-explorar-com-o-seu-mixer\/\"><img fetchpriority=\"high\" decoding=\"async\" width=\"970\" height=\"543\" src=\"https:\/\/lucasvasconcelos.com.br\/bumper\/wp-content\/uploads\/2025\/01\/receitas-970x543.webp\" class=\"aux-attachment aux-featured-image attachment-970x543.2 aux-attachment-id-1829 \" alt=\"receitas\" srcset=\"https:\/\/lucasvasconcelos.com.br\/bumper\/wp-content\/uploads\/2025\/01\/receitas-150x84.webp 150w,https:\/\/lucasvasconcelos.com.br\/bumper\/wp-content\/uploads\/2025\/01\/receitas-300x168.webp 300w,https:\/\/lucasvasconcelos.com.br\/bumper\/wp-content\/uploads\/2025\/01\/receitas-768x430.webp 768w,https:\/\/lucasvasconcelos.com.br\/bumper\/wp-content\/uploads\/2025\/01\/receitas-1024x573.webp 1024w,https:\/\/lucasvasconcelos.com.br\/bumper\/wp-content\/uploads\/2025\/01\/receitas-970x543.webp 970w,https:\/\/lucasvasconcelos.com.br\/bumper\/wp-content\/uploads\/2025\/01\/receitas-1390x778.webp 1390w\" data-ratio=\"1.79\" data-original-w=\"1400\" sizes=\"(max-width:479px) 480px,(max-width:767px) 768px,(max-width:1023px) 1024px,970px\" \/><\/a><\/div><\/div>\n                            \n                            <div class=\"entry-main\">\n                                                        \n                                <header class=\"entry-header\">\n                                \n                                    <h4 class=\"entry-title\">\n                                        <a href=\"https:\/\/lucasvasconcelos.com.br\/bumper\/2025\/01\/23\/deliciosas-receitas-para-explorar-com-o-seu-mixer\/\">\n                                            Deliciosas receitas para explorar com o seu Mixer                                        <\/a>\n                                    <\/h4>\n                                                                    <div class=\"entry-format\">\n                                        <a href=\"https:\/\/lucasvasconcelos.com.br\/bumper\/2025\/01\/23\/deliciosas-receitas-para-explorar-com-o-seu-mixer\/\">\n                                            <div class=\"post-format format-\"> <\/div>\n                                        <\/a>\n                                    <\/div>\n                                <\/header>\n                                                            \n                                <div class=\"entry-info\">\n                                                                    <div class=\"entry-date\">\n                                        <a href=\"https:\/\/lucasvasconcelos.com.br\/bumper\/2025\/01\/23\/deliciosas-receitas-para-explorar-com-o-seu-mixer\/\">\n                                            <time datetime=\"2025-01-23T09:40:36-03:00\" title=\"2025-01-23T09:40:36-03:00\" >23 de janeiro de 2025<\/time>\n                                        <\/a>\n                                    <\/div>\n                                                                                                    <span class=\"entry-meta-sep meta-sep\">by<\/span>\n                                    <span class=\"author vcard\">\n                                        <a href=\"https:\/\/lucasvasconcelos.com.br\/bumper\/author\/admin\/\" rel=\"author\" title=\"View all posts by admin\" >\n                                            admin                                        <\/a>\n                                    <\/span>\n                                                                                                    <span class=\"entry-tax \">\n                                        <a href=\"https:\/\/lucasvasconcelos.com.br\/bumper\/category\/sem-categoria\/\" title=\"View all posts in Sem categoria\" rel=\"category\" >Sem categoria<\/a>                                    <\/span>\n                                                                                                                                            <\/div>\n                            \n                                                            <div class=\"entry-content\">\n                                                                            <p>\nVers\u00e1til. Compacto. Multifuncional. N\u00e3o importa o adjetivo, o Mixer 3 em 1&nbsp;transforma a experi\u00eancia&nbsp;na hora de preparar receitas e permite explorar a ...<\/p><div class=\"clear\"><\/div>                                <\/div>\n                                                                                        <footer class=\"entry-meta aux-after-content\">\n                                                                        <div class=\"readmore\">\n                                        <a href=\"https:\/\/lucasvasconcelos.com.br\/bumper\/2025\/01\/23\/deliciosas-receitas-para-explorar-com-o-seu-mixer\/\" class=\"aux-read-more\"><span class=\"aux-read-more-text\">Leia mais<\/span><\/a>\n                                    <\/div>\n                                                                    <\/footer>\n                            \n                            <\/div>\n\n                        <\/article>\n<\/div><div class=\"aux-block post-1822\">\n                        <article class=\"aux-column-post-entry land-post-style post-1822 post type-post status-publish format-standard has-post-thumbnail hentry category-sem-categoria\">\n                                                        <div class=\"entry-media\"><div class=\"aux-media-frame aux-media-image aux-image-mask\"><a href=\"https:\/\/lucasvasconcelos.com.br\/bumper\/2025\/01\/23\/o-complemento-ideal-para-o-seu-aspirador\/\"><img decoding=\"async\" width=\"970\" height=\"543\" src=\"https:\/\/lucasvasconcelos.com.br\/bumper\/wp-content\/uploads\/2025\/01\/complemento-970x543.webp\" class=\"aux-attachment aux-featured-image attachment-970x543.2 aux-attachment-id-1828 \" alt=\"complemento\" srcset=\"https:\/\/lucasvasconcelos.com.br\/bumper\/wp-content\/uploads\/2025\/01\/complemento-150x84.webp 150w,https:\/\/lucasvasconcelos.com.br\/bumper\/wp-content\/uploads\/2025\/01\/complemento-300x168.webp 300w,https:\/\/lucasvasconcelos.com.br\/bumper\/wp-content\/uploads\/2025\/01\/complemento-768x430.webp 768w,https:\/\/lucasvasconcelos.com.br\/bumper\/wp-content\/uploads\/2025\/01\/complemento-1024x573.webp 1024w,https:\/\/lucasvasconcelos.com.br\/bumper\/wp-content\/uploads\/2025\/01\/complemento-970x543.webp 970w,https:\/\/lucasvasconcelos.com.br\/bumper\/wp-content\/uploads\/2025\/01\/complemento-1390x778.webp 1390w\" data-ratio=\"1.79\" data-original-w=\"1400\" sizes=\"(max-width:479px) 480px,(max-width:767px) 768px,(max-width:1023px) 1024px,970px\" \/><\/a><\/div><\/div>\n                            \n                            <div class=\"entry-main\">\n                                                        \n                                <header class=\"entry-header\">\n                                \n                                    <h4 class=\"entry-title\">\n                                        <a href=\"https:\/\/lucasvasconcelos.com.br\/bumper\/2025\/01\/23\/o-complemento-ideal-para-o-seu-aspirador\/\">\n                                            O complemento ideal para o seu aspirador!                                        <\/a>\n                                    <\/h4>\n                                                                    <div class=\"entry-format\">\n                                        <a href=\"https:\/\/lucasvasconcelos.com.br\/bumper\/2025\/01\/23\/o-complemento-ideal-para-o-seu-aspirador\/\">\n                                            <div class=\"post-format format-\"> <\/div>\n                                        <\/a>\n                                    <\/div>\n                                <\/header>\n                                                            \n                                <div class=\"entry-info\">\n                                                                    <div class=\"entry-date\">\n                                        <a href=\"https:\/\/lucasvasconcelos.com.br\/bumper\/2025\/01\/23\/o-complemento-ideal-para-o-seu-aspirador\/\">\n                                            <time datetime=\"2025-01-23T09:40:00-03:00\" title=\"2025-01-23T09:40:00-03:00\" >23 de janeiro de 2025<\/time>\n                                        <\/a>\n                                    <\/div>\n                                                                                                    <span class=\"entry-meta-sep meta-sep\">by<\/span>\n                                    <span class=\"author vcard\">\n                                        <a href=\"https:\/\/lucasvasconcelos.com.br\/bumper\/author\/admin\/\" rel=\"author\" title=\"View all posts by admin\" >\n                                            admin                                        <\/a>\n                                    <\/span>\n                                                                                                    <span class=\"entry-tax \">\n                                        <a href=\"https:\/\/lucasvasconcelos.com.br\/bumper\/category\/sem-categoria\/\" title=\"View all posts in Sem categoria\" rel=\"category\" >Sem categoria<\/a>                                    <\/span>\n                                                                                                                                            <\/div>\n                            \n                                                            <div class=\"entry-content\">\n                                                                            <p>\nNa hora de escolher um novo aspirador de p\u00f3 para auxiliar nas tarefas dom\u00e9sticas, pesquisamos as melhores marcas, a efici\u00eancia, os acess\u00f3rios e o fator decisiv ...<\/p><div class=\"clear\"><\/div>                                <\/div>\n                                                                                        <footer class=\"entry-meta aux-after-content\">\n                                                                        <div class=\"readmore\">\n                                        <a href=\"https:\/\/lucasvasconcelos.com.br\/bumper\/2025\/01\/23\/o-complemento-ideal-para-o-seu-aspirador\/\" class=\"aux-read-more\"><span class=\"aux-read-more-text\">Leia mais<\/span><\/a>\n                                    <\/div>\n                                                                    <\/footer>\n                            \n                            <\/div>\n\n                        <\/article>\n<\/div><div class=\"aux-block post-1821\">\n                        <article class=\"aux-column-post-entry land-post-style post-1821 post type-post status-publish format-standard has-post-thumbnail hentry category-sem-categoria\">\n                                                        <div class=\"entry-media\"><div class=\"aux-media-frame aux-media-image aux-image-mask\"><a href=\"https:\/\/lucasvasconcelos.com.br\/bumper\/2025\/01\/23\/como-encontrar-o-presente-ideal-para-sua-mae\/\"><img decoding=\"async\" width=\"970\" height=\"543\" src=\"https:\/\/lucasvasconcelos.com.br\/bumper\/wp-content\/uploads\/2025\/01\/maes-970x543.webp\" class=\"aux-attachment aux-featured-image attachment-970x543.2 aux-attachment-id-1827 \" alt=\"maes\" srcset=\"https:\/\/lucasvasconcelos.com.br\/bumper\/wp-content\/uploads\/2025\/01\/maes-150x84.webp 150w,https:\/\/lucasvasconcelos.com.br\/bumper\/wp-content\/uploads\/2025\/01\/maes-300x168.webp 300w,https:\/\/lucasvasconcelos.com.br\/bumper\/wp-content\/uploads\/2025\/01\/maes-768x430.webp 768w,https:\/\/lucasvasconcelos.com.br\/bumper\/wp-content\/uploads\/2025\/01\/maes-1024x573.webp 1024w,https:\/\/lucasvasconcelos.com.br\/bumper\/wp-content\/uploads\/2025\/01\/maes-970x543.webp 970w,https:\/\/lucasvasconcelos.com.br\/bumper\/wp-content\/uploads\/2025\/01\/maes-1390x778.webp 1390w\" data-ratio=\"1.79\" data-original-w=\"1400\" sizes=\"(max-width:479px) 480px,(max-width:767px) 768px,(max-width:1023px) 1024px,970px\" \/><\/a><\/div><\/div>\n                            \n                            <div class=\"entry-main\">\n                                                        \n                                <header class=\"entry-header\">\n                                \n                                    <h4 class=\"entry-title\">\n                                        <a href=\"https:\/\/lucasvasconcelos.com.br\/bumper\/2025\/01\/23\/como-encontrar-o-presente-ideal-para-sua-mae\/\">\n                                            Como encontrar o presente ideal para sua m\u00e3e                                        <\/a>\n                                    <\/h4>\n                                                                    <div class=\"entry-format\">\n                                        <a href=\"https:\/\/lucasvasconcelos.com.br\/bumper\/2025\/01\/23\/como-encontrar-o-presente-ideal-para-sua-mae\/\">\n                                            <div class=\"post-format format-\"> <\/div>\n                                        <\/a>\n                                    <\/div>\n                                <\/header>\n                                                            \n                                <div class=\"entry-info\">\n                                                                    <div class=\"entry-date\">\n                                        <a href=\"https:\/\/lucasvasconcelos.com.br\/bumper\/2025\/01\/23\/como-encontrar-o-presente-ideal-para-sua-mae\/\">\n                                            <time datetime=\"2025-01-23T09:39:26-03:00\" title=\"2025-01-23T09:39:26-03:00\" >23 de janeiro de 2025<\/time>\n                                        <\/a>\n                                    <\/div>\n                                                                                                    <span class=\"entry-meta-sep meta-sep\">by<\/span>\n                                    <span class=\"author vcard\">\n                                        <a href=\"https:\/\/lucasvasconcelos.com.br\/bumper\/author\/admin\/\" rel=\"author\" title=\"View all posts by admin\" >\n                                            admin                                        <\/a>\n                                    <\/span>\n                                                                                                    <span class=\"entry-tax \">\n                                        <a href=\"https:\/\/lucasvasconcelos.com.br\/bumper\/category\/sem-categoria\/\" title=\"View all posts in Sem categoria\" rel=\"category\" >Sem categoria<\/a>                                    <\/span>\n                                                                                                                                            <\/div>\n                            \n                                                            <div class=\"entry-content\">\n                                                                            <p>\nNa psicologia Junguiana, o arqu\u00e9tipo de M\u00e3e \u00e9 caracterizado pelo amor, carinho e prote\u00e7\u00e3o da figura materna e a conex\u00e3o com o pr\u00f3ximo. \u00c9 uma figura presente de ...<\/p><div class=\"clear\"><\/div>                                <\/div>\n                                                                                        <footer class=\"entry-meta aux-after-content\">\n                                                                        <div class=\"readmore\">\n                                        <a href=\"https:\/\/lucasvasconcelos.com.br\/bumper\/2025\/01\/23\/como-encontrar-o-presente-ideal-para-sua-mae\/\" class=\"aux-read-more\"><span class=\"aux-read-more-text\">Leia mais<\/span><\/a>\n                                    <\/div>\n                                                                    <\/footer>\n                            \n                            <\/div>\n\n                        <\/article>\n<\/div><\/div><\/section><!-- widget-container -->\t\t\t\t<\/div>\n\t\t\t\t<\/div>\n\t\t\t\t<\/div>\n\t\t\t\t<\/div>\n\t\t\t\t<\/div>\n\t\t","protected":false},"excerpt":{"rendered":"<p>BLOG BUMPER MAGAZINE Deliciosas receitas para explorar com o seu Mixer 23 de janeiro de 2025 by admin Sem categoria | Edit Vers\u00e1til. Compacto. Multifuncional. N\u00e3o importa o adjetivo, o Mixer 3 em 1&nbsp;transforma a experi\u00eancia&nbsp;na hora de preparar receitas e permite explorar a &#8230; Leia mais O complemento ideal para o seu aspirador! 23 [&hellip;]<\/p>\n","protected":false},"author":1,"featured_media":0,"parent":0,"menu_order":0,"comment_status":"closed","ping_status":"closed","template":"","meta":{"footnotes":""},"class_list":["post-1842","page","type-page","status-publish","hentry"],"_links":{"self":[{"href":"https:\/\/lucasvasconcelos.com.br\/bumper\/wp-json\/wp\/v2\/pages\/1842","targetHints":{"allow":["GET"]}}],"collection":[{"href":"https:\/\/lucasvasconcelos.com.br\/bumper\/wp-json\/wp\/v2\/pages"}],"about":[{"href":"https:\/\/lucasvasconcelos.com.br\/bumper\/wp-json\/wp\/v2\/types\/page"}],"author":[{"embeddable":true,"href":"https:\/\/lucasvasconcelos.com.br\/bumper\/wp-json\/wp\/v2\/users\/1"}],"replies":[{"embeddable":true,"href":"https:\/\/lucasvasconcelos.com.br\/bumper\/wp-json\/wp\/v2\/comments?post=1842"}],"version-history":[{"count":13,"href":"https:\/\/lucasvasconcelos.com.br\/bumper\/wp-json\/wp\/v2\/pages\/1842\/revisions"}],"predecessor-version":[{"id":2009,"href":"https:\/\/lucasvasconcelos.com.br\/bumper\/wp-json\/wp\/v2\/pages\/1842\/revisions\/2009"}],"wp:attachment":[{"href":"https:\/\/lucasvasconcelos.com.br\/bumper\/wp-json\/wp\/v2\/media?parent=1842"}],"curies":[{"name":"wp","href":"https:\/\/api.w.org\/{rel}","templated":true}]}}