{"id":506,"date":"2025-01-21T10:00:16","date_gmt":"2025-01-21T13:00:16","guid":{"rendered":"https:\/\/lucasvasconcelos.com.br\/bumper\/?page_id=506"},"modified":"2025-01-27T21:36:27","modified_gmt":"2025-01-28T00:36:27","slug":"quem-somos","status":"publish","type":"page","link":"https:\/\/lucasvasconcelos.com.br\/bumper\/quem-somos\/","title":{"rendered":"Quem Somos"},"content":{"rendered":"\t\t<div data-elementor-type=\"wp-page\" data-elementor-id=\"506\" class=\"elementor elementor-506\">\n\t\t\t\t<div class=\"aux-parallax-section elementor-element elementor-element-119878f e-con-full e-flex e-con e-parent\" data-id=\"119878f\" data-element_type=\"container\" data-e-type=\"container\" data-settings=\"{&quot;background_background&quot;:&quot;classic&quot;}\">\n\t\t\t\t<div class=\"elementor-element elementor-element-5d3c78e elementor-widget elementor-widget-heading\" data-id=\"5d3c78e\" data-element_type=\"widget\" data-e-type=\"widget\" data-widget_type=\"heading.default\">\n\t\t\t\t<div class=\"elementor-widget-container\">\n\t\t\t\t\t<h2 class=\"elementor-heading-title elementor-size-default\">SOBRE A BUMPER<\/h2>\t\t\t\t<\/div>\n\t\t\t\t<\/div>\n\t\t\t\t<\/div>\n\t\t<div class=\"aux-parallax-section elementor-element elementor-element-703ea9c e-flex e-con-boxed e-con e-parent\" data-id=\"703ea9c\" data-element_type=\"container\" data-e-type=\"container\">\n\t\t\t\t\t<div class=\"e-con-inner\">\n\t\t<div class=\"elementor-element elementor-element-b1da2a1 e-con-full e-flex e-con e-child\" data-id=\"b1da2a1\" data-element_type=\"container\" data-e-type=\"container\">\n\t\t\t\t<div class=\"elementor-element elementor-element-ca6e4e1 aux-appear-watch-animation aux-fade-in-up-1 elementor-widget elementor-widget-aux_modern_heading\" data-id=\"ca6e4e1\" data-element_type=\"widget\" data-e-type=\"widget\" data-widget_type=\"aux_modern_heading.default\">\n\t\t\t\t<div class=\"elementor-widget-container\">\n\t\t\t\t\t<section class=\"aux-widget-modern-heading\">\n            <div class=\"aux-widget-inner\"><p class=\"aux-modern-heading-primary\">BUMPER MAGAZINE<\/p><h4 class=\"aux-modern-heading-secondary\"><span class=\"aux-head-before\">Sua magazine favorita<\/span><\/h4><div class=\"aux-modern-heading-description\"><p>Desde 2006 atuando no com\u00e9rcio varejista, a Bumper Magazine est\u00e1 presente nos maiores marketplaces do pa\u00eds. Nossa miss\u00e3o \u00e9 simplificar e aprimorar a sua experi\u00eancia de compra online, proporcionando confian\u00e7a, conveni\u00eancia e uma ampla variedade de produtos<\/p><p>Nos esfor\u00e7amos para oferecer o melhor, prezando pela qualidade dos produtos e para entregarmos seus pedidos o mais r\u00e1pido poss\u00edvel \ud83d\ude80<\/p><\/div><\/div>\n        <\/section>\t\t\t\t<\/div>\n\t\t\t\t<\/div>\n\t\t\t\t<div class=\"elementor-element elementor-element-fa611bd aux-appear-watch-animation aux-fade-in-up-1 elementor-widget elementor-widget-aux_modern_heading\" data-id=\"fa611bd\" data-element_type=\"widget\" data-e-type=\"widget\" data-widget_type=\"aux_modern_heading.default\">\n\t\t\t\t<div class=\"elementor-widget-container\">\n\t\t\t\t\t<section class=\"aux-widget-modern-heading\">\n            <div class=\"aux-widget-inner\"><p class=\"aux-modern-heading-primary\"><\/p><h4 class=\"aux-modern-heading-secondary\"><span class=\"aux-head-before\">Atender bem para atender sempre, esse \u00e9 o nosso lema! \ud83d\udc99<\/span><\/h4><\/div>\n        <\/section>\t\t\t\t<\/div>\n\t\t\t\t<\/div>\n\t\t\t\t<\/div>\n\t\t<div class=\"elementor-element elementor-element-5ad4a64 e-con-full e-flex e-con e-child\" data-id=\"5ad4a64\" data-element_type=\"container\" data-e-type=\"container\">\n\t\t<div class=\"elementor-element elementor-element-549de2c e-con-full e-flex e-con e-child\" data-id=\"549de2c\" data-element_type=\"container\" data-e-type=\"container\">\n\t\t<div class=\"elementor-element elementor-element-707a0ae e-con-full e-flex e-con e-child\" data-id=\"707a0ae\" data-element_type=\"container\" data-e-type=\"container\">\n\t\t\t\t<div class=\"elementor-element elementor-element-0775e71 elementor-widget elementor-widget-image\" data-id=\"0775e71\" data-element_type=\"widget\" data-e-type=\"widget\" data-widget_type=\"image.default\">\n\t\t\t\t<div class=\"elementor-widget-container\">\n\t\t\t\t\t\t\t\t\t\t\t\t\t\t\t<img fetchpriority=\"high\" decoding=\"async\" width=\"962\" height=\"630\" src=\"https:\/\/lucasvasconcelos.com.br\/bumper\/wp-content\/uploads\/2025\/01\/D_NQ_NP_824683-MLA80857172748_122024-F.webp\" class=\"attachment-full size-full wp-image-1988\" alt=\"\" srcset=\"https:\/\/lucasvasconcelos.com.br\/bumper\/wp-content\/uploads\/2025\/01\/D_NQ_NP_824683-MLA80857172748_122024-F.webp 962w, https:\/\/lucasvasconcelos.com.br\/bumper\/wp-content\/uploads\/2025\/01\/D_NQ_NP_824683-MLA80857172748_122024-F-200x131.webp 200w, https:\/\/lucasvasconcelos.com.br\/bumper\/wp-content\/uploads\/2025\/01\/D_NQ_NP_824683-MLA80857172748_122024-F-800x524.webp 800w\" sizes=\"(max-width: 962px) 100vw, 962px\" \/>\t\t\t\t\t\t\t\t\t\t\t\t\t\t\t<\/div>\n\t\t\t\t<\/div>\n\t\t\t\t<\/div>\n\t\t<div class=\"elementor-element elementor-element-5dcabe0 e-con-full e-flex e-con e-child\" data-id=\"5dcabe0\" data-element_type=\"container\" data-e-type=\"container\">\n\t\t\t\t<div class=\"elementor-element elementor-element-ee540a2 elementor-widget elementor-widget-image\" data-id=\"ee540a2\" data-element_type=\"widget\" data-e-type=\"widget\" data-widget_type=\"image.default\">\n\t\t\t\t<div class=\"elementor-widget-container\">\n\t\t\t\t\t\t\t\t\t\t\t\t\t\t\t<img decoding=\"async\" width=\"972\" height=\"436\" src=\"https:\/\/lucasvasconcelos.com.br\/bumper\/wp-content\/uploads\/2025\/01\/D_NQ_NP_730501-MLA80857221898_122024-F.webp\" class=\"attachment-full size-full wp-image-1985\" alt=\"\" srcset=\"https:\/\/lucasvasconcelos.com.br\/bumper\/wp-content\/uploads\/2025\/01\/D_NQ_NP_730501-MLA80857221898_122024-F.webp 972w, https:\/\/lucasvasconcelos.com.br\/bumper\/wp-content\/uploads\/2025\/01\/D_NQ_NP_730501-MLA80857221898_122024-F-200x90.webp 200w, https:\/\/lucasvasconcelos.com.br\/bumper\/wp-content\/uploads\/2025\/01\/D_NQ_NP_730501-MLA80857221898_122024-F-800x359.webp 800w\" sizes=\"(max-width: 972px) 100vw, 972px\" \/>\t\t\t\t\t\t\t\t\t\t\t\t\t\t\t<\/div>\n\t\t\t\t<\/div>\n\t\t\t\t<\/div>\n\t\t\t\t<\/div>\n\t\t<div class=\"elementor-element elementor-element-9ac2ef4 e-con-full e-flex e-con e-child\" data-id=\"9ac2ef4\" data-element_type=\"container\" data-e-type=\"container\">\n\t\t<div class=\"elementor-element elementor-element-5c521f2 e-con-full e-flex e-con e-child\" data-id=\"5c521f2\" data-element_type=\"container\" data-e-type=\"container\">\n\t\t\t\t<div class=\"elementor-element elementor-element-34a3b3d elementor-widget elementor-widget-image\" data-id=\"34a3b3d\" data-element_type=\"widget\" data-e-type=\"widget\" data-widget_type=\"image.default\">\n\t\t\t\t<div class=\"elementor-widget-container\">\n\t\t\t\t\t\t\t\t\t\t\t\t\t\t\t<img decoding=\"async\" width=\"972\" height=\"436\" src=\"https:\/\/lucasvasconcelos.com.br\/bumper\/wp-content\/uploads\/2025\/01\/D_NQ_NP_982610-MLA80857242096_122024-F.webp\" class=\"attachment-full size-full wp-image-1987\" alt=\"\" srcset=\"https:\/\/lucasvasconcelos.com.br\/bumper\/wp-content\/uploads\/2025\/01\/D_NQ_NP_982610-MLA80857242096_122024-F.webp 972w, https:\/\/lucasvasconcelos.com.br\/bumper\/wp-content\/uploads\/2025\/01\/D_NQ_NP_982610-MLA80857242096_122024-F-200x90.webp 200w, https:\/\/lucasvasconcelos.com.br\/bumper\/wp-content\/uploads\/2025\/01\/D_NQ_NP_982610-MLA80857242096_122024-F-800x359.webp 800w\" sizes=\"(max-width: 972px) 100vw, 972px\" \/>\t\t\t\t\t\t\t\t\t\t\t\t\t\t\t<\/div>\n\t\t\t\t<\/div>\n\t\t\t\t<\/div>\n\t\t<div class=\"elementor-element elementor-element-81da7b9 e-con-full e-flex e-con e-child\" data-id=\"81da7b9\" data-element_type=\"container\" data-e-type=\"container\">\n\t\t\t\t<div class=\"elementor-element elementor-element-7e7f1f1 elementor-widget elementor-widget-image\" data-id=\"7e7f1f1\" data-element_type=\"widget\" data-e-type=\"widget\" data-widget_type=\"image.default\">\n\t\t\t\t<div class=\"elementor-widget-container\">\n\t\t\t\t\t\t\t\t\t\t\t\t\t\t\t<img loading=\"lazy\" decoding=\"async\" width=\"962\" height=\"630\" src=\"https:\/\/lucasvasconcelos.com.br\/bumper\/wp-content\/uploads\/2025\/01\/D_NQ_NP_845177-MLA80857232274_122024-F.webp\" class=\"attachment-full size-full wp-image-1986\" alt=\"\" srcset=\"https:\/\/lucasvasconcelos.com.br\/bumper\/wp-content\/uploads\/2025\/01\/D_NQ_NP_845177-MLA80857232274_122024-F.webp 962w, https:\/\/lucasvasconcelos.com.br\/bumper\/wp-content\/uploads\/2025\/01\/D_NQ_NP_845177-MLA80857232274_122024-F-200x131.webp 200w, https:\/\/lucasvasconcelos.com.br\/bumper\/wp-content\/uploads\/2025\/01\/D_NQ_NP_845177-MLA80857232274_122024-F-800x524.webp 800w\" sizes=\"(max-width: 962px) 100vw, 962px\" \/>\t\t\t\t\t\t\t\t\t\t\t\t\t\t\t<\/div>\n\t\t\t\t<\/div>\n\t\t\t\t<\/div>\n\t\t\t\t<\/div>\n\t\t\t\t<\/div>\n\t\t\t\t\t<\/div>\n\t\t\t\t<\/div>\n\t\t<div class=\"aux-parallax-section elementor-element elementor-element-4f1d6b7 e-flex e-con-boxed e-con e-parent\" data-id=\"4f1d6b7\" data-element_type=\"container\" data-e-type=\"container\">\n\t\t\t\t\t<div class=\"e-con-inner\">\n\t\t<div class=\"elementor-element elementor-element-0a4fdbf e-con-full e-flex e-con e-child\" data-id=\"0a4fdbf\" data-element_type=\"container\" data-e-type=\"container\" data-settings=\"{&quot;background_background&quot;:&quot;classic&quot;}\">\n\t\t<div class=\"elementor-element elementor-element-8807872 e-con-full e-flex e-con e-child\" data-id=\"8807872\" data-element_type=\"container\" data-e-type=\"container\">\n\t\t\t\t<div class=\"elementor-element elementor-element-865b724 elementor-widget elementor-widget-aux_text\" data-id=\"865b724\" data-element_type=\"widget\" data-e-type=\"widget\" data-widget_type=\"aux_text.default\">\n\t\t\t\t<div class=\"elementor-widget-container\">\n\t\t\t\t\t<section class=\"widget-container aux-widget-text aux-parent-auf7bdc7d1\">        <div class=\"aux-widget-advanced-text aux-wrap-style-simple aux-ico-pos-left aux-text-left aux-text-resp- aux-text-color-dark aux-text-widget-bg-center  aux-text-padding-fix \" >\n        \n                            <div class=\"aux-text-widget-header \"  >\n                        <div class=\"aux-ico-box aux-ico-large aux-ico-shape-circle aux-ico-clear \">\n                            <svg aria-hidden=\"true\" class=\"aux-ico e-font-icon-svg e-far-check-circle\" viewBox=\"0 0 512 512\" xmlns=\"http:\/\/www.w3.org\/2000\/svg\"><path d=\"M256 8C119.033 8 8 119.033 8 256s111.033 248 248 248 248-111.033 248-248S392.967 8 256 8zm0 48c110.532 0 200 89.451 200 200 0 110.532-89.451 200-200 200-110.532 0-200-89.451-200-200 0-110.532 89.451-200 200-200m140.204 130.267l-22.536-22.718c-4.667-4.705-12.265-4.736-16.97-.068L215.346 303.697l-59.792-60.277c-4.667-4.705-12.265-4.736-16.97-.069l-22.719 22.536c-4.705 4.667-4.736 12.265-.068 16.971l90.781 91.516c4.667 4.705 12.265 4.736 16.97.068l172.589-171.204c4.704-4.668 4.734-12.266.067-16.971z\"><\/path><\/svg>                        <\/div>\n                <\/div>\n            \n            <div class=\"aux-text-inner aux-text-widget-content\">\n                                <h4 class=\"col-title\">Nossa Miss\u00e3o<\/h4>\n                                <div class=\"widget-content\">\n                                        Conectar o mundo com uma plataforma de com\u00e9rcio eletr\u00f4nico excepcional. Nossa miss\u00e3o \u00e9 simplificar e aprimorar a experi\u00eancia de compra online, proporcionando confian\u00e7a, conveni\u00eancia e uma ampla variedade de produtos.                <\/div>\n                            <\/div>\n        <\/div>\n                    <div class=\"aux-text-widget-footer\">\n                <div class=\"aux-border-shape-none \">\n                                <\/div>\n            <\/div>\n        \n<\/section><!-- widget-container -->\t\t\t\t<\/div>\n\t\t\t\t<\/div>\n\t\t\t\t<\/div>\n\t\t<div class=\"elementor-element elementor-element-3b7035f e-con-full e-flex e-con e-child\" data-id=\"3b7035f\" data-element_type=\"container\" data-e-type=\"container\">\n\t\t\t\t<div class=\"elementor-element elementor-element-430005a elementor-widget elementor-widget-aux_text\" data-id=\"430005a\" data-element_type=\"widget\" data-e-type=\"widget\" data-widget_type=\"aux_text.default\">\n\t\t\t\t<div class=\"elementor-widget-container\">\n\t\t\t\t\t<section class=\"widget-container aux-widget-text aux-parent-auce9a7059\">        <div class=\"aux-widget-advanced-text aux-wrap-style-simple aux-ico-pos-left aux-text-left aux-text-resp- aux-text-color-dark aux-text-widget-bg-center  aux-text-padding-fix \" >\n        \n                            <div class=\"aux-text-widget-header \"  >\n                        <div class=\"aux-ico-box aux-ico-large aux-ico-shape-circle aux-ico-clear \">\n                            <svg aria-hidden=\"true\" class=\"aux-ico e-font-icon-svg e-far-eye\" viewBox=\"0 0 576 512\" xmlns=\"http:\/\/www.w3.org\/2000\/svg\"><path d=\"M288 144a110.94 110.94 0 0 0-31.24 5 55.4 55.4 0 0 1 7.24 27 56 56 0 0 1-56 56 55.4 55.4 0 0 1-27-7.24A111.71 111.71 0 1 0 288 144zm284.52 97.4C518.29 135.59 410.93 64 288 64S57.68 135.64 3.48 241.41a32.35 32.35 0 0 0 0 29.19C57.71 376.41 165.07 448 288 448s230.32-71.64 284.52-177.41a32.35 32.35 0 0 0 0-29.19zM288 400c-98.65 0-189.09-55-237.93-144C98.91 167 189.34 112 288 112s189.09 55 237.93 144C477.1 345 386.66 400 288 400z\"><\/path><\/svg>                        <\/div>\n                <\/div>\n            \n            <div class=\"aux-text-inner aux-text-widget-content\">\n                                <h4 class=\"col-title\">Nossa Vis\u00e3o<\/h4>\n                                <div class=\"widget-content\">\n                                        Ser reconhecida como a plataforma l\u00edder mundial em com\u00e9rcio eletr\u00f4nico, oferecendo a melhor experi\u00eancia de compra online, criando oportunidades para vendedores em todo o mundo.                <\/div>\n                            <\/div>\n        <\/div>\n                    <div class=\"aux-text-widget-footer\">\n                <div class=\"aux-border-shape-none \">\n                                <\/div>\n            <\/div>\n        \n<\/section><!-- widget-container -->\t\t\t\t<\/div>\n\t\t\t\t<\/div>\n\t\t\t\t<\/div>\n\t\t<div class=\"elementor-element elementor-element-9e9796c e-con-full e-flex e-con e-child\" data-id=\"9e9796c\" data-element_type=\"container\" data-e-type=\"container\">\n\t\t\t\t<div class=\"elementor-element elementor-element-54e72b7 elementor-widget elementor-widget-aux_text\" data-id=\"54e72b7\" data-element_type=\"widget\" data-e-type=\"widget\" data-widget_type=\"aux_text.default\">\n\t\t\t\t<div class=\"elementor-widget-container\">\n\t\t\t\t\t<section class=\"widget-container aux-widget-text aux-parent-au24391d8a\">        <div class=\"aux-widget-advanced-text aux-wrap-style-simple aux-ico-pos-left aux-text-left aux-text-resp- aux-text-color-dark aux-text-widget-bg-center  aux-text-padding-fix \" >\n        \n                            <div class=\"aux-text-widget-header \"  >\n                        <div class=\"aux-ico-box aux-ico-large aux-ico-shape-circle aux-ico-clear \">\n                            <svg aria-hidden=\"true\" class=\"aux-ico e-font-icon-svg e-far-check-square\" viewBox=\"0 0 448 512\" xmlns=\"http:\/\/www.w3.org\/2000\/svg\"><path d=\"M400 32H48C21.49 32 0 53.49 0 80v352c0 26.51 21.49 48 48 48h352c26.51 0 48-21.49 48-48V80c0-26.51-21.49-48-48-48zm0 400H48V80h352v352zm-35.864-241.724L191.547 361.48c-4.705 4.667-12.303 4.637-16.97-.068l-90.781-91.516c-4.667-4.705-4.637-12.303.069-16.971l22.719-22.536c4.705-4.667 12.303-4.637 16.97.069l59.792 60.277 141.352-140.216c4.705-4.667 12.303-4.637 16.97.068l22.536 22.718c4.667 4.706 4.637 12.304-.068 16.971z\"><\/path><\/svg>                        <\/div>\n                <\/div>\n            \n            <div class=\"aux-text-inner aux-text-widget-content\">\n                                <h4 class=\"col-title\">Nossos Valores<\/h4>\n                                <div class=\"widget-content\">\n                                        <p>Cliente em primeiro lugar: Colocamos os interesses de nossos clientes no centro de tudo o que fazemos. Nossos esfor\u00e7os s\u00e3o direcionados para superar suas expectativas, proporcionando uma experi\u00eancia de compra confi\u00e1vel e excepcional.<\/p>                <\/div>\n                            <\/div>\n        <\/div>\n                    <div class=\"aux-text-widget-footer\">\n                <div class=\"aux-border-shape-none \">\n                                <\/div>\n            <\/div>\n        \n<\/section><!-- widget-container -->\t\t\t\t<\/div>\n\t\t\t\t<\/div>\n\t\t\t\t<\/div>\n\t\t\t\t<\/div>\n\t\t\t\t\t<\/div>\n\t\t\t\t<\/div>\n\t\t<div class=\"aux-parallax-section elementor-element elementor-element-506523a e-flex e-con-boxed e-con e-parent\" data-id=\"506523a\" data-element_type=\"container\" data-e-type=\"container\">\n\t\t\t\t\t<div class=\"e-con-inner\">\n\t\t\t\t<div class=\"elementor-element elementor-element-a5dc672 elementor-widget elementor-widget-image\" data-id=\"a5dc672\" data-element_type=\"widget\" data-e-type=\"widget\" data-widget_type=\"image.default\">\n\t\t\t\t<div class=\"elementor-widget-container\">\n\t\t\t\t\t\t\t\t\t\t\t\t\t\t\t<img loading=\"lazy\" decoding=\"async\" width=\"1200\" height=\"201\" src=\"https:\/\/lucasvasconcelos.com.br\/bumper\/wp-content\/uploads\/2025\/01\/D_NQ_NP_921949-MLA80247663812_112024-F.webp\" class=\"attachment-full size-full wp-image-1981\" alt=\"\" srcset=\"https:\/\/lucasvasconcelos.com.br\/bumper\/wp-content\/uploads\/2025\/01\/D_NQ_NP_921949-MLA80247663812_112024-F.webp 1200w, https:\/\/lucasvasconcelos.com.br\/bumper\/wp-content\/uploads\/2025\/01\/D_NQ_NP_921949-MLA80247663812_112024-F-200x34.webp 200w, https:\/\/lucasvasconcelos.com.br\/bumper\/wp-content\/uploads\/2025\/01\/D_NQ_NP_921949-MLA80247663812_112024-F-800x134.webp 800w\" sizes=\"(max-width: 1200px) 100vw, 1200px\" \/>\t\t\t\t\t\t\t\t\t\t\t\t\t\t\t<\/div>\n\t\t\t\t<\/div>\n\t\t\t\t\t<\/div>\n\t\t\t\t<\/div>\n\t\t\t\t<\/div>\n\t\t","protected":false},"excerpt":{"rendered":"<p>SOBRE A BUMPER BUMPER MAGAZINE Sua magazine favorita Desde 2006 atuando no com\u00e9rcio varejista, a Bumper Magazine est\u00e1 presente nos maiores marketplaces do pa\u00eds. Nossa miss\u00e3o \u00e9 simplificar e aprimorar a sua experi\u00eancia de compra online, proporcionando confian\u00e7a, conveni\u00eancia e uma ampla variedade de produtos Nos esfor\u00e7amos para oferecer o melhor, prezando pela qualidade dos [&hellip;]<\/p>\n","protected":false},"author":1,"featured_media":0,"parent":0,"menu_order":0,"comment_status":"closed","ping_status":"closed","template":"","meta":{"footnotes":""},"class_list":["post-506","page","type-page","status-publish","hentry"],"_links":{"self":[{"href":"https:\/\/lucasvasconcelos.com.br\/bumper\/wp-json\/wp\/v2\/pages\/506","targetHints":{"allow":["GET"]}}],"collection":[{"href":"https:\/\/lucasvasconcelos.com.br\/bumper\/wp-json\/wp\/v2\/pages"}],"about":[{"href":"https:\/\/lucasvasconcelos.com.br\/bumper\/wp-json\/wp\/v2\/types\/page"}],"author":[{"embeddable":true,"href":"https:\/\/lucasvasconcelos.com.br\/bumper\/wp-json\/wp\/v2\/users\/1"}],"replies":[{"embeddable":true,"href":"https:\/\/lucasvasconcelos.com.br\/bumper\/wp-json\/wp\/v2\/comments?post=506"}],"version-history":[{"count":40,"href":"https:\/\/lucasvasconcelos.com.br\/bumper\/wp-json\/wp\/v2\/pages\/506\/revisions"}],"predecessor-version":[{"id":2003,"href":"https:\/\/lucasvasconcelos.com.br\/bumper\/wp-json\/wp\/v2\/pages\/506\/revisions\/2003"}],"wp:attachment":[{"href":"https:\/\/lucasvasconcelos.com.br\/bumper\/wp-json\/wp\/v2\/media?parent=506"}],"curies":[{"name":"wp","href":"https:\/\/api.w.org\/{rel}","templated":true}]}}