{"id":509,"date":"2025-01-21T10:39:49","date_gmt":"2025-01-21T13:39:49","guid":{"rendered":"https:\/\/lucasvasconcelos.com.br\/bumper\/?page_id=509"},"modified":"2025-01-21T10:48:49","modified_gmt":"2025-01-21T13:48:49","slug":"politica-de-envio-e-entrega","status":"publish","type":"page","link":"https:\/\/lucasvasconcelos.com.br\/bumper\/politica-de-envio-e-entrega\/","title":{"rendered":"Pol\u00edtica de envio e entrega"},"content":{"rendered":"\t\t<div data-elementor-type=\"wp-page\" data-elementor-id=\"509\" class=\"elementor elementor-509\">\n\t\t\t\t<div class=\"aux-parallax-section elementor-element elementor-element-cb6e02a e-con-full e-flex e-con e-parent\" data-id=\"cb6e02a\" data-element_type=\"container\" data-e-type=\"container\" data-settings=\"{&quot;background_background&quot;:&quot;classic&quot;}\">\n\t\t\t\t<div class=\"elementor-element elementor-element-6716dc3 elementor-widget elementor-widget-heading\" data-id=\"6716dc3\" data-element_type=\"widget\" data-e-type=\"widget\" data-widget_type=\"heading.default\">\n\t\t\t\t<div class=\"elementor-widget-container\">\n\t\t\t\t\t<h2 class=\"elementor-heading-title elementor-size-default\">POL\u00cdTICA DE ENTREGA BUMPER MAGAZINE<\/h2>\t\t\t\t<\/div>\n\t\t\t\t<\/div>\n\t\t\t\t<\/div>\n\t\t<div class=\"aux-parallax-section elementor-element elementor-element-0287921 e-con-full e-flex e-con e-parent\" data-id=\"0287921\" data-element_type=\"container\" data-e-type=\"container\">\n\t\t\t\t<div class=\"elementor-element elementor-element-958b63f elementor-widget elementor-widget-text-editor\" data-id=\"958b63f\" data-element_type=\"widget\" data-e-type=\"widget\" data-widget_type=\"text-editor.default\">\n\t\t\t\t<div class=\"elementor-widget-container\">\n\t\t\t\t\t\t\t\t\t<p>As entregas dos pedidos realizados no site bumper.com.br est\u00e3o dispon\u00edveis para todo o Brasil.<br \/>Pedidos realizados na Grande S\u00e3o Paulo se enquadram na modalidade <strong>Bumper Flash<\/strong>.<\/p><p><strong>OP\u00c7\u00d5ES DE ENVIO<\/strong><\/p><ol><li><strong>Bumper Flash:<\/strong> Para pedidos realizados na Grande S\u00e3o Paulo.<ul><li>Entrega realizada pela transportadora DEXCOM.<\/li><\/ul><\/li><li><strong>Manda\u00ea:<\/strong> Op\u00e7\u00f5es de modalidade Econ\u00f4mica e R\u00e1pida de envio nacional.<ul><li>Entrega realizada pela transportadora Manda\u00ea.<\/li><\/ul><\/li><li>O custo do frete \u00e9 calculado durante o processo de compra, considerando a localiza\u00e7\u00e3o e o peso do produto.<ul><li>N\u00e3o h\u00e1 frete para compras na modalidade Bumper Flash.<\/li><\/ul><\/li><\/ol><p><strong>PRAZOS DE ENTREGA<\/strong><\/p><ol><li>Os prazos de entrega s\u00e3o estimados e podem variar de acordo com a regi\u00e3o e a modalidade de envio.<ul><li><strong>Bumper Flash:<\/strong> Prazo de entrega at\u00e9 \u00e0s 23h para pedidos realizados at\u00e9 12h.<\/li><li><strong>Manda\u00ea Econ\u00f4mico:<\/strong> Prazo de entrega calculado com base no CEP com envio padr\u00e3o.<\/li><li><strong>Manda\u00ea R\u00e1pido:<\/strong> Prazo de entrega calculado com base no CEP com envio mais r\u00e1pido.<\/li><\/ul><\/li><li>Caso a 1\u00b0 tentativa de entrega n\u00e3o seja bem sucedida, ser\u00e1 realizada mais 2 (duas) tentativas: no dia seguinte e no dia subsequente.<\/li><li>Poss\u00edveis atrasos podem ocorrer devido a condi\u00e7\u00f5es clim\u00e1ticas adversas ou feriados locais.<\/li><\/ol><p><strong>RASTREIO DE PEDIDO<\/strong><\/p><ol><li>O acompanhamento do pedido \u00e9 realizado atrav\u00e9s do C\u00f3digo de Rastreio encaminhado para o e-mail cadastrado no site bumper.com.br.<ul><li><strong>Bumper Flash:<\/strong> C\u00f3digo de Rastreio encaminhado pela DEXCOM.<\/li><li><strong>Manda\u00ea Econ\u00f4mico e R\u00e1pido:<\/strong> C\u00f3digo de Rastreio encaminhado pela Manda\u00ea.<\/li><\/ul><\/li><\/ol><p><strong>POL\u00cdTICA DE ENTREGA E RESPONSABILIDADE<\/strong><\/p><ol><li>Entregas na modalidade <strong>Bumper Flash<\/strong> s\u00e3o realizadas pela empresa DEXCOM.<\/li><li>Entregas nas modalidades <strong>Manda\u00ea Econ\u00f4mico e R\u00e1pido<\/strong> s\u00e3o realizadas pela empresa Manda\u00ea.<\/li><li>Produtos danificados durante o transporte ser\u00e3o trocados sem custo adicional.<ul><li>\u00c9 necess\u00e1rio acionar a equipe de P\u00f3s-Venda Bumper dentro do prazo de 7 (sete) dias corridos a contar da entrega do produto.<\/li><\/ul><\/li><li>Para mais informa\u00e7\u00f5es, entre em contato com a equipe de P\u00f3s-Venda atrav\u00e9s do e-mail <span style=\"text-decoration: underline;\">equipeposvendabumper@gmail.com<\/span> ou pelo WhatsApp <span style=\"text-decoration: underline;\">(11) 94014-7049.<\/span><\/li><\/ol><p><strong>POL\u00cdTICA DE PRIVACIDADE E TERMOS DE USO<\/strong><\/p><p>Para conhecer nossa Pol\u00edtica de Privacidade de Termos de Uso, acesse o <a href=\"https:\/\/lucasvasconcelos.com.br\/bumper\/index.php\/politica-de-privacidade-2\/\">link<\/a>.<\/p>\t\t\t\t\t\t\t\t<\/div>\n\t\t\t\t<\/div>\n\t\t\t\t<\/div>\n\t\t\t\t<\/div>\n\t\t","protected":false},"excerpt":{"rendered":"<p>POL\u00cdTICA DE ENTREGA BUMPER MAGAZINE As entregas dos pedidos realizados no site bumper.com.br est\u00e3o dispon\u00edveis para todo o Brasil.Pedidos realizados na Grande S\u00e3o Paulo se enquadram na modalidade Bumper Flash. OP\u00c7\u00d5ES DE ENVIO Bumper Flash: Para pedidos realizados na Grande S\u00e3o Paulo. Entrega realizada pela transportadora DEXCOM. Manda\u00ea: Op\u00e7\u00f5es de modalidade Econ\u00f4mica e R\u00e1pida de [&hellip;]<\/p>\n","protected":false},"author":1,"featured_media":0,"parent":0,"menu_order":0,"comment_status":"closed","ping_status":"closed","template":"","meta":{"footnotes":""},"class_list":["post-509","page","type-page","status-publish","hentry"],"_links":{"self":[{"href":"https:\/\/lucasvasconcelos.com.br\/bumper\/wp-json\/wp\/v2\/pages\/509","targetHints":{"allow":["GET"]}}],"collection":[{"href":"https:\/\/lucasvasconcelos.com.br\/bumper\/wp-json\/wp\/v2\/pages"}],"about":[{"href":"https:\/\/lucasvasconcelos.com.br\/bumper\/wp-json\/wp\/v2\/types\/page"}],"author":[{"embeddable":true,"href":"https:\/\/lucasvasconcelos.com.br\/bumper\/wp-json\/wp\/v2\/users\/1"}],"replies":[{"embeddable":true,"href":"https:\/\/lucasvasconcelos.com.br\/bumper\/wp-json\/wp\/v2\/comments?post=509"}],"version-history":[{"count":10,"href":"https:\/\/lucasvasconcelos.com.br\/bumper\/wp-json\/wp\/v2\/pages\/509\/revisions"}],"predecessor-version":[{"id":548,"href":"https:\/\/lucasvasconcelos.com.br\/bumper\/wp-json\/wp\/v2\/pages\/509\/revisions\/548"}],"wp:attachment":[{"href":"https:\/\/lucasvasconcelos.com.br\/bumper\/wp-json\/wp\/v2\/media?parent=509"}],"curies":[{"name":"wp","href":"https:\/\/api.w.org\/{rel}","templated":true}]}}