{"id":1015,"date":"2025-01-21T12:10:40","date_gmt":"2025-01-21T15:10:40","guid":{"rendered":"https:\/\/lucasvasconcelos.com.br\/bumper\/?post_type=product&#038;p=1015"},"modified":"2025-01-21T12:12:23","modified_gmt":"2025-01-21T15:12:23","slug":"chaleira-eletrica-lenoxx-express-18l-prateada-pce211-127v","status":"publish","type":"product","link":"https:\/\/lucasvasconcelos.com.br\/bumper\/produto\/chaleira-eletrica-lenoxx-express-18l-prateada-pce211-127v\/","title":{"rendered":"Chaleira El\u00e9trica Lenoxx Express 1,8L Prateada (PCE211) &#8211; 127V"},"content":{"rendered":"<p><strong>\u00c1gua Quente Sempre Pronta com a Chaleira El\u00e9trica Lenoxx Express<\/strong><\/p>\n<p>&nbsp;<\/p>\n<p>Mantenha a \u00e1gua quente sempre \u00e0 disposi\u00e7\u00e3o com a <strong>Chaleira El\u00e9trica Lenoxx Express PCE211<\/strong>. Desfrute de uma bebida quente em minutos, economizando tempo e tornando o preparo de caf\u00e9, ch\u00e1, chimarr\u00e3o ou sopas instant\u00e2neas uma experi\u00eancia r\u00e1pida e conveniente.<\/p>\n<p>&nbsp;<\/p>\n<p>Priorizando a efici\u00eancia energ\u00e9tica, a <strong>Chaleira Lenoxx PCE211<\/strong> oferece a praticidade de desligamento autom\u00e1tico assim que a \u00e1gua atinge a temperatura desejada. Essa caracter\u00edstica n\u00e3o apenas garante a seguran\u00e7a, mas tamb\u00e9m contribui para a economia de energia, refor\u00e7ando o compromisso com a efic\u00e1cia e a responsabilidade ambiental.<\/p>\n<p>&nbsp;<\/p>\n<p>Seja para desfrutar de uma pausa relaxante com sua bebida favorita ou agilizar o preparo de refei\u00e7\u00f5es instant\u00e2neas, a <strong>Chaleira El\u00e9trica Lenoxx Express<\/strong> \u00e9 a escolha ideal para quem busca praticidade e efici\u00eancia no dia a dia.<\/p>\n<p>&nbsp;<\/p>\n<p>Aque\u00e7a seu momento, aque\u00e7a com a <strong>Chaleira El\u00e9trica Lenoxx Express<\/strong>.<\/p>\n","protected":false},"excerpt":{"rendered":"<p>Aque\u00e7a seu momento, aque\u00e7a com a Chaleira El\u00e9trica Lenoxx Express.<\/p>\n","protected":false},"featured_media":1084,"comment_status":"open","ping_status":"closed","template":"","meta":[],"pwb-brand":[152],"product_brand":[],"product_cat":[215,20,21],"product_tag":[62],"class_list":{"0":"post-1015","1":"product","2":"type-product","3":"status-publish","4":"has-post-thumbnail","6":"pwb-brand-lenoxx","7":"product_cat-chaleira-eletrica","8":"product_cat-eletroportateis","9":"product_cat-para-cozinha","10":"product_tag-mais-procurados","12":"first","13":"instock","14":"shipping-taxable","15":"purchasable","16":"product-type-simple"},"brands":[{"id":152,"name":"Lenoxx","slug":"lenoxx"}],"_links":{"self":[{"href":"https:\/\/lucasvasconcelos.com.br\/bumper\/wp-json\/wp\/v2\/product\/1015","targetHints":{"allow":["GET"]}}],"collection":[{"href":"https:\/\/lucasvasconcelos.com.br\/bumper\/wp-json\/wp\/v2\/product"}],"about":[{"href":"https:\/\/lucasvasconcelos.com.br\/bumper\/wp-json\/wp\/v2\/types\/product"}],"replies":[{"embeddable":true,"href":"https:\/\/lucasvasconcelos.com.br\/bumper\/wp-json\/wp\/v2\/comments?post=1015"}],"wp:featuredmedia":[{"embeddable":true,"href":"https:\/\/lucasvasconcelos.com.br\/bumper\/wp-json\/wp\/v2\/media\/1084"}],"wp:attachment":[{"href":"https:\/\/lucasvasconcelos.com.br\/bumper\/wp-json\/wp\/v2\/media?parent=1015"}],"wp:term":[{"taxonomy":"pwb-brand","embeddable":true,"href":"https:\/\/lucasvasconcelos.com.br\/bumper\/wp-json\/wp\/v2\/pwb-brand?post=1015"},{"taxonomy":"product_brand","embeddable":true,"href":"https:\/\/lucasvasconcelos.com.br\/bumper\/wp-json\/wp\/v2\/product_brand?post=1015"},{"taxonomy":"product_cat","embeddable":true,"href":"https:\/\/lucasvasconcelos.com.br\/bumper\/wp-json\/wp\/v2\/product_cat?post=1015"},{"taxonomy":"product_tag","embeddable":true,"href":"https:\/\/lucasvasconcelos.com.br\/bumper\/wp-json\/wp\/v2\/product_tag?post=1015"}],"curies":[{"name":"wp","href":"https:\/\/api.w.org\/{rel}","templated":true}]}}