{"id":1054,"date":"2025-01-21T12:11:35","date_gmt":"2025-01-21T15:11:35","guid":{"rendered":"https:\/\/lucasvasconcelos.com.br\/bumper\/?post_type=product&#038;p=1054"},"modified":"2025-01-21T12:12:39","modified_gmt":"2025-01-21T15:12:39","slug":"limpa-maquina-de-lavar-roupas-electrolux-200ml-remove-sujeiras-e-residuos","status":"publish","type":"product","link":"https:\/\/lucasvasconcelos.com.br\/bumper\/produto\/limpa-maquina-de-lavar-roupas-electrolux-200ml-remove-sujeiras-e-residuos\/","title":{"rendered":"Limpa M\u00e1quina de Lavar Roupas Electrolux 200ml Remove Sujeiras e Res\u00edduos"},"content":{"rendered":"<p>Desenvolvido especialmente para remover com efici\u00eancia as sujeiras que se acumulam ao longo do tempo e aderem ao cesto da m\u00e1quina de lavar. Pr\u00e1tico e eficaz, este produto n\u00e3o deixa odores indesejados e n\u00e3o mancha as roupas.<\/p>\n<p>&nbsp;<\/p>\n<p>Invista na limpeza da sua m\u00e1quina de lavar com o Limpa M\u00e1quina de Lavar Roupas Electrolux, proporcionando um aroma de novidade a qualquer momento do dia!<\/p>\n<p>&nbsp;<\/p>\n<p><strong>Solu\u00e7\u00e3o org\u00e2nica e eficaz:<\/strong><\/p>\n<p>Composto por agentes limpadores \u00e0 base de solventes org\u00e2nicos sol\u00faveis em \u00e1gua, o produto permite a remo\u00e7\u00e3o e dissolu\u00e7\u00e3o eficaz de sujeiras e filamentos acumulados no cesto da m\u00e1quina de lavar.<\/p>\n<p>&nbsp;<\/p>\n<p><strong>Livre-se de qualquer res\u00edduo:<\/strong><\/p>\n<p>Remove sujeiras, res\u00edduos de sab\u00e3o e produtos qu\u00edmicos que se acumulam no cesto da lavadora.<\/p>\n<p>&nbsp;<\/p>\n<p><strong>Dupla funcionalidade:<\/strong><\/p>\n<p>Pode ser utilizado em lavadoras de carga superior (top load) e de carga frontal (front load).<\/p>\n<p>&nbsp;<\/p>\n<p><strong>Flexibilidade de uso:<\/strong><\/p>\n<p>Compat\u00edvel com cestos\/tambores de pl\u00e1stico ou a\u00e7o inoxid\u00e1vel.<\/p>\n","protected":false},"excerpt":{"rendered":"<p>Desenvolvido especialmente para remover com efici\u00eancia as sujeiras que se acumulam ao longo do tempo e aderem ao cesto da m\u00e1quina de lavar.<\/p>\n","protected":false},"featured_media":1100,"comment_status":"open","ping_status":"closed","template":"","meta":[],"pwb-brand":[],"product_brand":[],"product_cat":[21,225,69],"product_tag":[70],"class_list":{"0":"post-1054","1":"product","2":"type-product","3":"status-publish","4":"has-post-thumbnail","6":"product_cat-para-cozinha","7":"product_cat-utensilios-para-casa","8":"product_cat-utilidades-domesticas","9":"product_tag-utilidades-domesticas","11":"first","12":"instock","13":"shipping-taxable","14":"purchasable","15":"product-type-simple"},"brands":[],"_links":{"self":[{"href":"https:\/\/lucasvasconcelos.com.br\/bumper\/wp-json\/wp\/v2\/product\/1054","targetHints":{"allow":["GET"]}}],"collection":[{"href":"https:\/\/lucasvasconcelos.com.br\/bumper\/wp-json\/wp\/v2\/product"}],"about":[{"href":"https:\/\/lucasvasconcelos.com.br\/bumper\/wp-json\/wp\/v2\/types\/product"}],"replies":[{"embeddable":true,"href":"https:\/\/lucasvasconcelos.com.br\/bumper\/wp-json\/wp\/v2\/comments?post=1054"}],"wp:featuredmedia":[{"embeddable":true,"href":"https:\/\/lucasvasconcelos.com.br\/bumper\/wp-json\/wp\/v2\/media\/1100"}],"wp:attachment":[{"href":"https:\/\/lucasvasconcelos.com.br\/bumper\/wp-json\/wp\/v2\/media?parent=1054"}],"wp:term":[{"taxonomy":"pwb-brand","embeddable":true,"href":"https:\/\/lucasvasconcelos.com.br\/bumper\/wp-json\/wp\/v2\/pwb-brand?post=1054"},{"taxonomy":"product_brand","embeddable":true,"href":"https:\/\/lucasvasconcelos.com.br\/bumper\/wp-json\/wp\/v2\/product_brand?post=1054"},{"taxonomy":"product_cat","embeddable":true,"href":"https:\/\/lucasvasconcelos.com.br\/bumper\/wp-json\/wp\/v2\/product_cat?post=1054"},{"taxonomy":"product_tag","embeddable":true,"href":"https:\/\/lucasvasconcelos.com.br\/bumper\/wp-json\/wp\/v2\/product_tag?post=1054"}],"curies":[{"name":"wp","href":"https:\/\/api.w.org\/{rel}","templated":true}]}}