{"id":1055,"date":"2025-01-21T12:11:35","date_gmt":"2025-01-21T15:11:35","guid":{"rendered":"https:\/\/lucasvasconcelos.com.br\/bumper\/?post_type=product&#038;p=1055"},"modified":"2025-01-21T12:12:47","modified_gmt":"2025-01-21T15:12:47","slug":"abridor-eletrico-de-vinho-electrolux-com-corta-lacres","status":"publish","type":"product","link":"https:\/\/lucasvasconcelos.com.br\/bumper\/produto\/abridor-eletrico-de-vinho-electrolux-com-corta-lacres\/","title":{"rendered":"Abridor El\u00e9trico de Vinho Electrolux com Corta Lacres"},"content":{"rendered":"<p>O <strong>Abridor El\u00e9trico de Vinho Electrolux<\/strong> combina tecnologia, sofistica\u00e7\u00e3o e praticidade para tornar o momento de apreciar seu vinho favorito ainda mais agrad\u00e1vel.<\/p>\n<p>&nbsp;<\/p>\n<p><strong>Sem Esfor\u00e7o:<\/strong><\/p>\n<p>Abre de maneira r\u00e1pida e f\u00e1cil qualquer garrafa de vinho.<\/p>\n<p>&nbsp;<\/p>\n<p><strong>Leve e Port\u00e1til:<\/strong><\/p>\n<p>Recarrega facilmente com um cabo USB universal, incluso no produto.<\/p>\n<p>&nbsp;<\/p>\n<p><strong>Grande Autonomia:<\/strong><\/p>\n<p>Equipado com uma bateria de l\u00edtio, tem a capacidade de abrir, em m\u00e9dia, at\u00e9 30 garrafas antes de precisar recarregar.<\/p>\n<p>&nbsp;<\/p>\n<p><strong>Corta-Lacres:<\/strong><\/p>\n<p>Acompanha um corta-lacres, um acess\u00f3rio indispens\u00e1vel para proporcionar ainda mais praticidade ao seu ritual de degusta\u00e7\u00e3o.<\/p>\n","protected":false},"excerpt":{"rendered":"<p>Abridor el\u00e9trico de vinho Electrolux, com carregamento via cabo USB que pode ser conectado at\u00e9 mesmo em um computador ou outro terminal compat\u00edvel.<\/p>\n","protected":false},"featured_media":1102,"comment_status":"open","ping_status":"closed","template":"","meta":[],"pwb-brand":[],"product_brand":[],"product_cat":[21,226,69],"product_tag":[70],"class_list":{"0":"post-1055","1":"product","2":"type-product","3":"status-publish","4":"has-post-thumbnail","6":"product_cat-para-cozinha","7":"product_cat-utensilios-para-cozinha","8":"product_cat-utilidades-domesticas","9":"product_tag-utilidades-domesticas","11":"first","12":"instock","13":"shipping-taxable","14":"purchasable","15":"product-type-simple"},"brands":[],"_links":{"self":[{"href":"https:\/\/lucasvasconcelos.com.br\/bumper\/wp-json\/wp\/v2\/product\/1055","targetHints":{"allow":["GET"]}}],"collection":[{"href":"https:\/\/lucasvasconcelos.com.br\/bumper\/wp-json\/wp\/v2\/product"}],"about":[{"href":"https:\/\/lucasvasconcelos.com.br\/bumper\/wp-json\/wp\/v2\/types\/product"}],"replies":[{"embeddable":true,"href":"https:\/\/lucasvasconcelos.com.br\/bumper\/wp-json\/wp\/v2\/comments?post=1055"}],"wp:featuredmedia":[{"embeddable":true,"href":"https:\/\/lucasvasconcelos.com.br\/bumper\/wp-json\/wp\/v2\/media\/1102"}],"wp:attachment":[{"href":"https:\/\/lucasvasconcelos.com.br\/bumper\/wp-json\/wp\/v2\/media?parent=1055"}],"wp:term":[{"taxonomy":"pwb-brand","embeddable":true,"href":"https:\/\/lucasvasconcelos.com.br\/bumper\/wp-json\/wp\/v2\/pwb-brand?post=1055"},{"taxonomy":"product_brand","embeddable":true,"href":"https:\/\/lucasvasconcelos.com.br\/bumper\/wp-json\/wp\/v2\/product_brand?post=1055"},{"taxonomy":"product_cat","embeddable":true,"href":"https:\/\/lucasvasconcelos.com.br\/bumper\/wp-json\/wp\/v2\/product_cat?post=1055"},{"taxonomy":"product_tag","embeddable":true,"href":"https:\/\/lucasvasconcelos.com.br\/bumper\/wp-json\/wp\/v2\/product_tag?post=1055"}],"curies":[{"name":"wp","href":"https:\/\/api.w.org\/{rel}","templated":true}]}}