{"id":1071,"date":"2025-01-21T12:12:04","date_gmt":"2025-01-21T15:12:04","guid":{"rendered":"https:\/\/lucasvasconcelos.com.br\/bumper\/?post_type=product&#038;p=1071"},"modified":"2025-01-21T12:12:59","modified_gmt":"2025-01-21T15:12:59","slug":"balanca-digital-de-cozinha-electrolux-de-vidro-com-app-nutricional","status":"publish","type":"product","link":"https:\/\/lucasvasconcelos.com.br\/bumper\/produto\/balanca-digital-de-cozinha-electrolux-de-vidro-com-app-nutricional\/","title":{"rendered":"Balan\u00e7a Digital de Cozinha Electrolux de Vidro com App Nutricional"},"content":{"rendered":"<p>A balan\u00e7a digital de cozinha Explore da Electrolux \u00e9 a medi\u00e7\u00e3o precisa para um sabor perfeito. Com precis\u00e3o de at\u00e9 um grama, ajuda voc\u00ea a obter as medidas exatas para suas receitas favoritas.<\/p>\n<p>&nbsp;<\/p>\n<p>Com aplicativo de f\u00e1cil uso, que exibe uma medi\u00e7\u00e3o em tempo real do que est\u00e1 na balan\u00e7a. O app tamb\u00e9m possui um amplo banco de dados de alimentos, que permite uma busca r\u00e1pida e f\u00e1cil sobre o valor nutricional de cada ingrediente. Al\u00e9m disso, essa fun\u00e7\u00e3o de pesquisa pode ser usada off-line sem a balan\u00e7a estar por perto. O app tamb\u00e9m calcula o conte\u00fado nutricional uma vez que o ingrediente \u00e9 selecionado, com base no volume medido.<\/p>\n<p>&nbsp;<\/p>\n<p>A balan\u00e7a Balan\u00e7a Digital de Cozinha Electrolux tamb\u00e9m conta com a fun\u00e7\u00e3o tara, que permite que m\u00faltiplos ingredientes sejam adicionados e \u00e9 calculado o conte\u00fado nutricional da receita completa.<\/p>\n<p>&nbsp;<\/p>\n<p><strong>Principais caracter\u00edsticas:<\/strong><\/p>\n<p>&nbsp;<\/p>\n<p class=\"electrolux-product-extra-information-0-x-paragraph\"><strong class=\"electrolux-product-extra-information-0-x-strong\">Medi\u00e7\u00e3o precisa para um sabor perfeito:<\/strong><br \/>\nA Balan\u00e7a Electrolux tem uma precis\u00e3o de at\u00e9 uma grama, ajudando voc\u00ea a obter as medidas exatas para suas receitas favoritas.<\/p>\n<p>&nbsp;<\/p>\n<p class=\"electrolux-product-extra-information-0-x-paragraph\"><strong class=\"electrolux-product-extra-information-0-x-strong\">Aplicativo de f\u00e1cil uso:<\/strong><br \/>\nSimples e f\u00e1cil de navegar, o aplicativo exibe uma medi\u00e7\u00e3o em tempo real do que est\u00e1 na balan\u00e7a. O app tamb\u00e9m possui um amplo banco de dados de alimentos, que permite uma busca r\u00e1pida e f\u00e1cil sobre o valor nutricional de cada ingrediente. Al\u00e9m disso, essa fun\u00e7\u00e3o de pesquisa pode ser usada off-line sem a balan\u00e7a estar por perto.<\/p>\n<p>&nbsp;<\/p>\n<p class=\"electrolux-product-extra-information-0-x-paragraph\"><strong class=\"electrolux-product-extra-information-0-x-strong\">Vis\u00e3o nutritiva significativa:<\/strong><br \/>\nUma vez que o ingrediente \u00e9 selecionado, o aplicativo calcula o conte\u00fado nutricional com base no volume medido.<\/p>\n<p>&nbsp;<\/p>\n<p class=\"electrolux-product-extra-information-0-x-paragraph\"><strong class=\"electrolux-product-extra-information-0-x-strong\">Fun\u00e7\u00e3o Tara:<\/strong><br \/>\nPermite que m\u00faltiplos ingredientes sejam adicionados e \u00e9 calculado o conte\u00fado nutricional da receita completa.<\/p>\n<p>&nbsp;<\/p>\n<p>Experimente a precis\u00e3o e a conveni\u00eancia da Balan\u00e7a Digital de Cozinha Electrolux Explore para aprimorar suas habilidades culin\u00e1rias.<\/p>\n","protected":false},"excerpt":{"rendered":"<p>Com precis\u00e3o de at\u00e9 um grama, ajuda voc\u00ea a obter as medidas exatas para suas receitas favoritas.<\/p>\n","protected":false},"featured_media":1108,"comment_status":"open","ping_status":"closed","template":"","meta":[],"pwb-brand":[],"product_brand":[],"product_cat":[226,69],"product_tag":[70],"class_list":{"0":"post-1071","1":"product","2":"type-product","3":"status-publish","4":"has-post-thumbnail","6":"product_cat-utensilios-para-cozinha","7":"product_cat-utilidades-domesticas","8":"product_tag-utilidades-domesticas","10":"first","11":"instock","12":"shipping-taxable","13":"purchasable","14":"product-type-simple"},"brands":[],"_links":{"self":[{"href":"https:\/\/lucasvasconcelos.com.br\/bumper\/wp-json\/wp\/v2\/product\/1071","targetHints":{"allow":["GET"]}}],"collection":[{"href":"https:\/\/lucasvasconcelos.com.br\/bumper\/wp-json\/wp\/v2\/product"}],"about":[{"href":"https:\/\/lucasvasconcelos.com.br\/bumper\/wp-json\/wp\/v2\/types\/product"}],"replies":[{"embeddable":true,"href":"https:\/\/lucasvasconcelos.com.br\/bumper\/wp-json\/wp\/v2\/comments?post=1071"}],"wp:featuredmedia":[{"embeddable":true,"href":"https:\/\/lucasvasconcelos.com.br\/bumper\/wp-json\/wp\/v2\/media\/1108"}],"wp:attachment":[{"href":"https:\/\/lucasvasconcelos.com.br\/bumper\/wp-json\/wp\/v2\/media?parent=1071"}],"wp:term":[{"taxonomy":"pwb-brand","embeddable":true,"href":"https:\/\/lucasvasconcelos.com.br\/bumper\/wp-json\/wp\/v2\/pwb-brand?post=1071"},{"taxonomy":"product_brand","embeddable":true,"href":"https:\/\/lucasvasconcelos.com.br\/bumper\/wp-json\/wp\/v2\/product_brand?post=1071"},{"taxonomy":"product_cat","embeddable":true,"href":"https:\/\/lucasvasconcelos.com.br\/bumper\/wp-json\/wp\/v2\/product_cat?post=1071"},{"taxonomy":"product_tag","embeddable":true,"href":"https:\/\/lucasvasconcelos.com.br\/bumper\/wp-json\/wp\/v2\/product_tag?post=1071"}],"curies":[{"name":"wp","href":"https:\/\/api.w.org\/{rel}","templated":true}]}}