{"id":1072,"date":"2025-01-21T12:12:05","date_gmt":"2025-01-21T15:12:05","guid":{"rendered":"https:\/\/lucasvasconcelos.com.br\/bumper\/?post_type=product&#038;p=1072"},"modified":"2025-01-21T12:13:04","modified_gmt":"2025-01-21T15:13:04","slug":"porta-vinho-electrolux-portatil-termica-cor-preta","status":"publish","type":"product","link":"https:\/\/lucasvasconcelos.com.br\/bumper\/produto\/porta-vinho-electrolux-portatil-termica-cor-preta\/","title":{"rendered":"Porta Vinho Electrolux Port\u00e1til T\u00e9rmica Cor Preta"},"content":{"rendered":"<p><strong>Porta Vinho Electrolux Port\u00e1til T\u00e9rmica &#8211; Wine Bag<\/strong><\/p>\n<p>&nbsp;<\/p>\n<p>O <strong>Porta Vinho Electrolux<\/strong>, tamb\u00e9m conhecido como Wine Bag, \u00e9 a solu\u00e7\u00e3o pr\u00e1tica e f\u00e1cil para transportar suas garrafas de vinho para onde quer que v\u00e1.<\/p>\n<p>&nbsp;<\/p>\n<p>Desenvolvido com material de alta qualidade, este porta vinho mant\u00e9m sua bebida sempre gelada, garantindo que esteja pronta para ser apreciada a qualquer momento. Com capacidade de conservar a temperatura da garrafa por at\u00e9 3 horas, torna-se um item indispens\u00e1vel no seu dia a dia, ideal para levar seus vinhos em celebra\u00e7\u00f5es, encontros com amigos ou momentos especiais a dois.<\/p>\n<p>&nbsp;<\/p>\n<p>Desfrute da sua bebida da maneira que ela merece, com qualidade, praticidade e comodidade proporcionadas pelo <strong>Porta Vinho Electrolux<\/strong>.<\/p>\n","protected":false},"excerpt":{"rendered":"<p>Desenvolvido com material de alta qualidade, este porta vinho mant\u00e9m sua bebida na temperatura ideal, garantindo que esteja pronta para ser apreciada a qualquer momento.<\/p>\n","protected":false},"featured_media":1118,"comment_status":"open","ping_status":"closed","template":"","meta":[],"pwb-brand":[],"product_brand":[],"product_cat":[21,226,69],"product_tag":[70],"class_list":{"0":"post-1072","1":"product","2":"type-product","3":"status-publish","4":"has-post-thumbnail","6":"product_cat-para-cozinha","7":"product_cat-utensilios-para-cozinha","8":"product_cat-utilidades-domesticas","9":"product_tag-utilidades-domesticas","11":"first","12":"instock","13":"shipping-taxable","14":"purchasable","15":"product-type-simple"},"brands":[],"_links":{"self":[{"href":"https:\/\/lucasvasconcelos.com.br\/bumper\/wp-json\/wp\/v2\/product\/1072","targetHints":{"allow":["GET"]}}],"collection":[{"href":"https:\/\/lucasvasconcelos.com.br\/bumper\/wp-json\/wp\/v2\/product"}],"about":[{"href":"https:\/\/lucasvasconcelos.com.br\/bumper\/wp-json\/wp\/v2\/types\/product"}],"replies":[{"embeddable":true,"href":"https:\/\/lucasvasconcelos.com.br\/bumper\/wp-json\/wp\/v2\/comments?post=1072"}],"wp:featuredmedia":[{"embeddable":true,"href":"https:\/\/lucasvasconcelos.com.br\/bumper\/wp-json\/wp\/v2\/media\/1118"}],"wp:attachment":[{"href":"https:\/\/lucasvasconcelos.com.br\/bumper\/wp-json\/wp\/v2\/media?parent=1072"}],"wp:term":[{"taxonomy":"pwb-brand","embeddable":true,"href":"https:\/\/lucasvasconcelos.com.br\/bumper\/wp-json\/wp\/v2\/pwb-brand?post=1072"},{"taxonomy":"product_brand","embeddable":true,"href":"https:\/\/lucasvasconcelos.com.br\/bumper\/wp-json\/wp\/v2\/product_brand?post=1072"},{"taxonomy":"product_cat","embeddable":true,"href":"https:\/\/lucasvasconcelos.com.br\/bumper\/wp-json\/wp\/v2\/product_cat?post=1072"},{"taxonomy":"product_tag","embeddable":true,"href":"https:\/\/lucasvasconcelos.com.br\/bumper\/wp-json\/wp\/v2\/product_tag?post=1072"}],"curies":[{"name":"wp","href":"https:\/\/api.w.org\/{rel}","templated":true}]}}