{"id":1078,"date":"2025-01-21T12:12:05","date_gmt":"2025-01-21T15:12:05","guid":{"rendered":"https:\/\/lucasvasconcelos.com.br\/bumper\/?post_type=product&#038;p=1078"},"modified":"2025-01-21T12:14:02","modified_gmt":"2025-01-21T15:14:02","slug":"kit-de-utensilios-de-bambu-electrolux-com-6-pecas","status":"publish","type":"product","link":"https:\/\/lucasvasconcelos.com.br\/bumper\/produto\/kit-de-utensilios-de-bambu-electrolux-com-6-pecas\/","title":{"rendered":"Kit de Utens\u00edlios de Bambu Electrolux com 6 pe\u00e7as"},"content":{"rendered":"<p><b>Kit de Utens\u00edlios de Bambu Electrolux: Eleg\u00e2ncia e Sustentabilidade na sua Cozinha<\/b><\/p>\n<p>&nbsp;<\/p>\n<p><span style=\"font-weight: 400;\">Transforme sua cozinha em um espa\u00e7o funcional e cheio de estilo com o Conjunto de Utens\u00edlios de Bambu da Electrolux. Esses itens n\u00e3o s\u00f3 adicionam beleza, mas tamb\u00e9m organizam seu ambiente, proporcionando praticidade em todas as etapas, desde o preparo at\u00e9 a hora de servir.<\/span><\/p>\n<p>&nbsp;<\/p>\n<p><b>Destaques do Conjunto:<\/b><\/p>\n<p>&nbsp;<\/p>\n<p><b>Estilo Sustent\u00e1vel:<\/b><\/p>\n<p><span style=\"font-weight: 400;\">Cada pe\u00e7a \u00e9 confeccionada em bambu, um material sustent\u00e1vel e notavelmente resistente. Al\u00e9m de seguir as \u00faltimas tend\u00eancias em design, o bambu possui propriedades bactericidas naturais que impedem o crescimento de bact\u00e9rias e evitam maus odores.<\/span><\/p>\n<p>&nbsp;<\/p>\n<p><b>Multiuso:<\/b><\/p>\n<p><span style=\"font-weight: 400;\">O conjunto inclui 5 utens\u00edlios distintos e 1 suporte, oferecendo versatilidade no preparo de uma variedade de pratos e receitas.<\/span><\/p>\n<p>&nbsp;<\/p>\n<p><b>Organiza\u00e7\u00e3o e Decora\u00e7\u00e3o:<\/b><\/p>\n<p><span style=\"font-weight: 400;\">Com um design minimalista, o conjunto apresenta um porta-utens\u00edlios que n\u00e3o apenas facilita a visualiza\u00e7\u00e3o dos itens, mas tamb\u00e9m contribui para manter sua cozinha sempre bonita e organizada.<\/span><\/p>\n<p>&nbsp;<\/p>\n<p><b>Informa\u00e7\u00f5es T\u00e9cnicas:<\/b><\/p>\n<p>&nbsp;<\/p>\n<p><b>Dimens\u00f5es (C x L x A):<\/b><\/p>\n<p>&nbsp;<\/p>\n<ul>\n<li style=\"font-weight: 400;\" aria-level=\"1\"><span style=\"font-weight: 400;\">01 Colher: 6 x 1 x 32 cm<\/span><\/li>\n<li style=\"font-weight: 400;\" aria-level=\"1\"><span style=\"font-weight: 400;\">01 Colher Vazada: 6 x 1 x 32 cm<\/span><\/li>\n<li style=\"font-weight: 400;\" aria-level=\"1\"><span style=\"font-weight: 400;\">01 Esp\u00e1tula: 6 x 1 x 32 cm<\/span><\/li>\n<li style=\"font-weight: 400;\" aria-level=\"1\"><span style=\"font-weight: 400;\">01 Esp\u00e1tula Vazada: 6 x 1 x 32 cm<\/span><\/li>\n<li style=\"font-weight: 400;\" aria-level=\"1\"><span style=\"font-weight: 400;\">01 Colher Esp\u00e1tula: 6 x 1 x 32 cm<\/span><\/li>\n<li style=\"font-weight: 400;\" aria-level=\"1\"><span style=\"font-weight: 400;\">01 Porta-Utens\u00edlios: 9 x 9 x 14,5 cm<\/span><\/li>\n<\/ul>\n<p>&nbsp;<\/p>\n<p><span style=\"font-weight: 400;\">Adote a eleg\u00e2ncia e a consci\u00eancia ambiental na sua rotina culin\u00e1ria com o <\/span><b>Kit de Utens\u00edlios de Bambu Electrolux<\/b><span style=\"font-weight: 400;\">. Funcionalidade, design e sustentabilidade unidos para proporcionar uma experi\u00eancia \u00fanica na sua cozinha.<\/span><\/p>\n<p>&nbsp;<\/p>\n","protected":false},"excerpt":{"rendered":"<p><span style=\"font-weight: 400;\">Funcionalidade, design e sustentabilidade unidos para proporcionar uma experi\u00eancia \u00fanica na sua cozinha.<\/span><\/p>\n","protected":false},"featured_media":1156,"comment_status":"open","ping_status":"closed","template":"","meta":[],"pwb-brand":[],"product_brand":[],"product_cat":[226,69],"product_tag":[],"class_list":{"0":"post-1078","1":"product","2":"type-product","3":"status-publish","4":"has-post-thumbnail","6":"product_cat-utensilios-para-cozinha","7":"product_cat-utilidades-domesticas","9":"first","10":"instock","11":"shipping-taxable","12":"purchasable","13":"product-type-simple"},"brands":[],"_links":{"self":[{"href":"https:\/\/lucasvasconcelos.com.br\/bumper\/wp-json\/wp\/v2\/product\/1078","targetHints":{"allow":["GET"]}}],"collection":[{"href":"https:\/\/lucasvasconcelos.com.br\/bumper\/wp-json\/wp\/v2\/product"}],"about":[{"href":"https:\/\/lucasvasconcelos.com.br\/bumper\/wp-json\/wp\/v2\/types\/product"}],"replies":[{"embeddable":true,"href":"https:\/\/lucasvasconcelos.com.br\/bumper\/wp-json\/wp\/v2\/comments?post=1078"}],"wp:featuredmedia":[{"embeddable":true,"href":"https:\/\/lucasvasconcelos.com.br\/bumper\/wp-json\/wp\/v2\/media\/1156"}],"wp:attachment":[{"href":"https:\/\/lucasvasconcelos.com.br\/bumper\/wp-json\/wp\/v2\/media?parent=1078"}],"wp:term":[{"taxonomy":"pwb-brand","embeddable":true,"href":"https:\/\/lucasvasconcelos.com.br\/bumper\/wp-json\/wp\/v2\/pwb-brand?post=1078"},{"taxonomy":"product_brand","embeddable":true,"href":"https:\/\/lucasvasconcelos.com.br\/bumper\/wp-json\/wp\/v2\/product_brand?post=1078"},{"taxonomy":"product_cat","embeddable":true,"href":"https:\/\/lucasvasconcelos.com.br\/bumper\/wp-json\/wp\/v2\/product_cat?post=1078"},{"taxonomy":"product_tag","embeddable":true,"href":"https:\/\/lucasvasconcelos.com.br\/bumper\/wp-json\/wp\/v2\/product_tag?post=1078"}],"curies":[{"name":"wp","href":"https:\/\/api.w.org\/{rel}","templated":true}]}}