{"id":1227,"date":"2025-01-21T12:15:48","date_gmt":"2025-01-21T15:15:48","guid":{"rendered":"https:\/\/lucasvasconcelos.com.br\/bumper\/?post_type=product&#038;p=1227"},"modified":"2025-01-21T12:17:04","modified_gmt":"2025-01-21T15:17:04","slug":"fatiador-de-frios-eletrico-lenoxx-pratic-cor-branca-220v","status":"publish","type":"product","link":"https:\/\/lucasvasconcelos.com.br\/bumper\/produto\/fatiador-de-frios-eletrico-lenoxx-pratic-cor-branca-220v\/","title":{"rendered":"Fatiador de Frios El\u00e9trico Lenoxx Pratic Cor Branca &#8211; 220V"},"content":{"rendered":"<p><strong>Desfrute da Efici\u00eancia e Praticidade com o Fatiador El\u00e9trico de Frios Lenoxx Pratic &#8211; 127V<\/strong><\/p>\n<p>&nbsp;<\/p>\n<p>Experimente a conveni\u00eancia e efici\u00eancia que voc\u00ea merece com o <strong>Fatiador de Frios El\u00e9trico Lenoxx Pratic<\/strong>. Ajuste a espessura das fatias de acordo com sua prefer\u00eancia e desfrute de um produto projetado com os melhores materiais do mercado.<\/p>\n<p>&nbsp;<\/p>\n<p><strong>Principais Caracter\u00edsticas:<\/strong><\/p>\n<ul>\n<li><strong>Marca:<\/strong> Lenoxx<\/li>\n<li><strong>Modelo:<\/strong> PFA 461<\/li>\n<li><strong>Pot\u00eancia:<\/strong> 85W<\/li>\n<li><strong>Velocidades:<\/strong> 03<\/li>\n<li><strong>Ajuste de Corte:<\/strong> Sim<\/li>\n<li><strong>Bot\u00e3o Liga\/Desliga:<\/strong> Sim<\/li>\n<li><strong>Trava de Seguran\u00e7a:<\/strong> Sim<\/li>\n<li><strong>Base Antiderrapante:<\/strong> Sim<\/li>\n<li><strong>Voltagem:<\/strong> 220 Volts<\/li>\n<li><strong>Consumo Aproximado de Energia:<\/strong> 0,15 kW\/h<\/li>\n<li><strong>Cor:<\/strong> Branco<\/li>\n<li><strong>Tipo de Fatiador:<\/strong> El\u00e9trico<\/li>\n<li><strong>Frequ\u00eancia:<\/strong> 60Hz<\/li>\n<li><strong>Certifica\u00e7\u00e3o INMETRO:<\/strong> BRA HO 15\/04297<\/li>\n<\/ul>\n<p>&nbsp;<\/p>\n<p><strong>Garantia:<\/strong> 12 meses<\/p>\n<p>&nbsp;<\/p>\n<p>Os produtos Lenoxx s\u00e3o reconhecidos pelo compromisso com a qualidade, proporcionando o melhor custo-benef\u00edcio, design avan\u00e7ado e facilidade de uso. Tenha o controle total sobre o corte de seus frios com o Fatiador El\u00e9trico de Frios Lenoxx Pratic, uma escolha confi\u00e1vel para sua cozinha.<\/p>\n","protected":false},"excerpt":{"rendered":"<p>Ajuste a espessura das fatias de acordo com sua prefer\u00eancia e desfrute de um produto projetado com os melhores materiais do mercado.<\/p>\n","protected":false},"featured_media":1248,"comment_status":"open","ping_status":"closed","template":"","meta":[],"pwb-brand":[],"product_brand":[],"product_cat":[21,226,69],"product_tag":[80],"class_list":{"0":"post-1227","1":"product","2":"type-product","3":"status-publish","4":"has-post-thumbnail","6":"product_cat-para-cozinha","7":"product_cat-utensilios-para-cozinha","8":"product_cat-utilidades-domesticas","9":"product_tag-dia-da-maes-2024","11":"first","12":"instock","13":"shipping-taxable","14":"purchasable","15":"product-type-simple"},"brands":[],"_links":{"self":[{"href":"https:\/\/lucasvasconcelos.com.br\/bumper\/wp-json\/wp\/v2\/product\/1227","targetHints":{"allow":["GET"]}}],"collection":[{"href":"https:\/\/lucasvasconcelos.com.br\/bumper\/wp-json\/wp\/v2\/product"}],"about":[{"href":"https:\/\/lucasvasconcelos.com.br\/bumper\/wp-json\/wp\/v2\/types\/product"}],"replies":[{"embeddable":true,"href":"https:\/\/lucasvasconcelos.com.br\/bumper\/wp-json\/wp\/v2\/comments?post=1227"}],"wp:featuredmedia":[{"embeddable":true,"href":"https:\/\/lucasvasconcelos.com.br\/bumper\/wp-json\/wp\/v2\/media\/1248"}],"wp:attachment":[{"href":"https:\/\/lucasvasconcelos.com.br\/bumper\/wp-json\/wp\/v2\/media?parent=1227"}],"wp:term":[{"taxonomy":"pwb-brand","embeddable":true,"href":"https:\/\/lucasvasconcelos.com.br\/bumper\/wp-json\/wp\/v2\/pwb-brand?post=1227"},{"taxonomy":"product_brand","embeddable":true,"href":"https:\/\/lucasvasconcelos.com.br\/bumper\/wp-json\/wp\/v2\/product_brand?post=1227"},{"taxonomy":"product_cat","embeddable":true,"href":"https:\/\/lucasvasconcelos.com.br\/bumper\/wp-json\/wp\/v2\/product_cat?post=1227"},{"taxonomy":"product_tag","embeddable":true,"href":"https:\/\/lucasvasconcelos.com.br\/bumper\/wp-json\/wp\/v2\/product_tag?post=1227"}],"curies":[{"name":"wp","href":"https:\/\/api.w.org\/{rel}","templated":true}]}}