{"id":1228,"date":"2025-01-21T12:15:48","date_gmt":"2025-01-21T15:15:48","guid":{"rendered":"https:\/\/lucasvasconcelos.com.br\/bumper\/?post_type=product&#038;p=1228"},"modified":"2025-01-21T12:17:16","modified_gmt":"2025-01-21T15:17:16","slug":"moedor-de-alimentos-lenoxx-power-food-350w-cor-preta-127v","status":"publish","type":"product","link":"https:\/\/lucasvasconcelos.com.br\/bumper\/produto\/moedor-de-alimentos-lenoxx-power-food-350w-cor-preta-127v\/","title":{"rendered":"Moedor de Alimentos  Lenoxx Power Food 350W Cor Preta &#8211; 127V"},"content":{"rendered":"<p><strong>Desfrute da Versatilidade com o Moedor de Alimentos Lenoxx Power Food!<\/strong><\/p>\n<p>&nbsp;<\/p>\n<p>O Moedor de Alimentos Lenoxx Power Food \u00e9 a escolha ideal para preparar pratos deliciosos e surpreender sua fam\u00edlia e amigos. Com este vers\u00e1til moedor, voc\u00ea pode transformar carnes em mo\u00eddo, preparar lingui\u00e7as, e uma variedade de outros alimentos. Equipado com 2 l\u00e2minas distintas em a\u00e7o inoxid\u00e1vel, oferece op\u00e7\u00f5es de moagem nos tamanhos m\u00e9dio ou grosso, proporcionando flexibilidade na textura dos alimentos. Al\u00e9m disso, conta com modelador e cone auxiliares para criar lingui\u00e7as, bolinhos, e kibes com facilidade.<\/p>\n<p>Com uma pot\u00eancia robusta de 350W, este moedor proporciona for\u00e7a suficiente para moer alimentos com praticidade, efici\u00eancia e seguran\u00e7a. A op\u00e7\u00e3o de 2 sentidos de rota\u00e7\u00e3o oferece ainda mais controle durante o processo de moagem.<\/p>\n<p>&nbsp;<\/p>\n<p><strong>Principais Caracter\u00edsticas:<\/strong><\/p>\n<ul>\n<li><strong>Pot\u00eancia:<\/strong> 350W<\/li>\n<li><strong>Dimens\u00f5es:<\/strong> Altura: 22 cm x Largura: 27 cm x Profundidade: 23 cm<\/li>\n<li><strong>Peso:<\/strong> 2,600 kg<\/li>\n<li><strong>Garantia:<\/strong> 12 meses<\/li>\n<\/ul>\n<p>&nbsp;<\/p>\n<p>Prepare refei\u00e7\u00f5es irresist\u00edveis e inove na cozinha com o Moedor de Alimentos Lenoxx Power Food, um aliado essencial para explorar sua criatividade culin\u00e1ria!<\/p>\n","protected":false},"excerpt":{"rendered":"<p>Equipado com 2 l\u00e2minas distintas em a\u00e7o inoxid\u00e1vel, oferece op\u00e7\u00f5es de moagem nos tamanhos m\u00e9dio ou grosso, proporcionando flexibilidade na textura dos alimentos.<\/p>\n","protected":false},"featured_media":1253,"comment_status":"open","ping_status":"closed","template":"","meta":[],"pwb-brand":[],"product_brand":[],"product_cat":[21,226,69],"product_tag":[],"class_list":{"0":"post-1228","1":"product","2":"type-product","3":"status-publish","4":"has-post-thumbnail","6":"product_cat-para-cozinha","7":"product_cat-utensilios-para-cozinha","8":"product_cat-utilidades-domesticas","10":"first","11":"instock","12":"shipping-taxable","13":"purchasable","14":"product-type-simple"},"brands":[],"_links":{"self":[{"href":"https:\/\/lucasvasconcelos.com.br\/bumper\/wp-json\/wp\/v2\/product\/1228","targetHints":{"allow":["GET"]}}],"collection":[{"href":"https:\/\/lucasvasconcelos.com.br\/bumper\/wp-json\/wp\/v2\/product"}],"about":[{"href":"https:\/\/lucasvasconcelos.com.br\/bumper\/wp-json\/wp\/v2\/types\/product"}],"replies":[{"embeddable":true,"href":"https:\/\/lucasvasconcelos.com.br\/bumper\/wp-json\/wp\/v2\/comments?post=1228"}],"wp:featuredmedia":[{"embeddable":true,"href":"https:\/\/lucasvasconcelos.com.br\/bumper\/wp-json\/wp\/v2\/media\/1253"}],"wp:attachment":[{"href":"https:\/\/lucasvasconcelos.com.br\/bumper\/wp-json\/wp\/v2\/media?parent=1228"}],"wp:term":[{"taxonomy":"pwb-brand","embeddable":true,"href":"https:\/\/lucasvasconcelos.com.br\/bumper\/wp-json\/wp\/v2\/pwb-brand?post=1228"},{"taxonomy":"product_brand","embeddable":true,"href":"https:\/\/lucasvasconcelos.com.br\/bumper\/wp-json\/wp\/v2\/product_brand?post=1228"},{"taxonomy":"product_cat","embeddable":true,"href":"https:\/\/lucasvasconcelos.com.br\/bumper\/wp-json\/wp\/v2\/product_cat?post=1228"},{"taxonomy":"product_tag","embeddable":true,"href":"https:\/\/lucasvasconcelos.com.br\/bumper\/wp-json\/wp\/v2\/product_tag?post=1228"}],"curies":[{"name":"wp","href":"https:\/\/api.w.org\/{rel}","templated":true}]}}