{"id":1277,"date":"2025-01-21T12:17:18","date_gmt":"2025-01-21T15:17:18","guid":{"rendered":"https:\/\/lucasvasconcelos.com.br\/bumper\/?post_type=product&#038;p=1277"},"modified":"2025-01-21T12:21:30","modified_gmt":"2025-01-21T15:21:30","slug":"ferro-de-passar-roupa-a-seco-philips-walita-1000w-serie-3000-cor-cinza-220v","status":"publish","type":"product","link":"https:\/\/lucasvasconcelos.com.br\/bumper\/produto\/ferro-de-passar-roupa-a-seco-philips-walita-1000w-serie-3000-cor-cinza-220v\/","title":{"rendered":"Ferro de Passar Roupa a Seco Philips Walita 1000W S\u00e9rie 3000 Cor Cinza &#8211; 220V"},"content":{"rendered":"<h2 class=\"\" data-sourcepos=\"1:1-1:91\">Ferro de Passar Roupa a Seco Philips Walita S\u00e9rie 3000: Deslize e Diga Adeus aos Vincos!<\/h2>\n<p data-sourcepos=\"3:1-3:99\">Experimente a rapidez e a efici\u00eancia do <strong>Ferro de Passar Roupa a Seco Philips Walita S\u00e9rie 3000.<\/strong><\/p>\n<p data-sourcepos=\"5:1-5:5\"><strong>Deslizamento Suave:<\/strong><\/p>\n<ul data-sourcepos=\"7:1-8:39\">\n<li data-sourcepos=\"7:1-7:72\">Base antiaderente que desliza facilmente em todos os tipos de tecidos.<\/li>\n<li data-sourcepos=\"8:1-8:39\">Ponta de precis\u00e3o para alcan\u00e7ar \u00e1reas de dif\u00edcil acesso,\u00a0como golas e mangas.<\/li>\n<\/ul>\n<p data-sourcepos=\"10:1-10:39\"><strong>Resultados R\u00e1pidos e Profissionais:<\/strong><\/p>\n<ul data-sourcepos=\"12:1-12:28\">\n<li data-sourcepos=\"12:1-12:28\">Pot\u00eancia de 1400W para aquecimento r\u00e1pido e resultados impec\u00e1veis.<\/li>\n<\/ul>\n<p data-sourcepos=\"20:1-20:28\"><strong>Praticidade e Seguran\u00e7a:<\/strong><\/p>\n<ul data-sourcepos=\"22:1-25:0\">\n<li data-sourcepos=\"22:1-22:58\">Design ergon\u00f4mico para um uso confort\u00e1vel e sem esfor\u00e7o.<\/li>\n<li data-sourcepos=\"23:1-23:50\">Cabo longo e flex\u00edvel para facilitar o manuseio.<\/li>\n<li data-sourcepos=\"24:1-25:0\">Sistema de autodesligamento para sua seguran\u00e7a e economia de energia.<\/li>\n<li data-sourcepos=\"18:1-19:0\">Controle de temperatura regul\u00e1vel para diferentes tipos de tecidos.<\/li>\n<\/ul>\n<p data-sourcepos=\"26:1-26:47\"><strong>O Ferro de Passar Roupa a Seco Philips Walita S\u00e9rie 3000 \u00e9 a escolha ideal para quem busca:<\/strong><\/p>\n<ul data-sourcepos=\"28:1-31:0\">\n<li data-sourcepos=\"28:1-28:37\">Resultados r\u00e1pidos e profissionais.<\/li>\n<li data-sourcepos=\"29:1-29:33\">Praticidade e seguran\u00e7a de uso.<\/li>\n<li data-sourcepos=\"30:1-31:0\">Durabilidade e confiabilidade.<\/li>\n<\/ul>\n<p>&nbsp;<\/p>\n","protected":false},"excerpt":{"rendered":"<p>Com base de cer\u00e2mica antiaderente que desliza suavemente e protege suas roupas.<\/p>\n","protected":false},"featured_media":1444,"comment_status":"open","ping_status":"closed","template":"","meta":[],"pwb-brand":[],"product_brand":[],"product_cat":[20,257,122],"product_tag":[],"class_list":{"0":"post-1277","1":"product","2":"type-product","3":"status-publish","4":"has-post-thumbnail","6":"product_cat-eletroportateis","7":"product_cat-ferro-de-passar","8":"product_cat-para-casa","10":"first","11":"instock","12":"shipping-taxable","13":"purchasable","14":"product-type-simple"},"brands":[],"_links":{"self":[{"href":"https:\/\/lucasvasconcelos.com.br\/bumper\/wp-json\/wp\/v2\/product\/1277","targetHints":{"allow":["GET"]}}],"collection":[{"href":"https:\/\/lucasvasconcelos.com.br\/bumper\/wp-json\/wp\/v2\/product"}],"about":[{"href":"https:\/\/lucasvasconcelos.com.br\/bumper\/wp-json\/wp\/v2\/types\/product"}],"replies":[{"embeddable":true,"href":"https:\/\/lucasvasconcelos.com.br\/bumper\/wp-json\/wp\/v2\/comments?post=1277"}],"wp:featuredmedia":[{"embeddable":true,"href":"https:\/\/lucasvasconcelos.com.br\/bumper\/wp-json\/wp\/v2\/media\/1444"}],"wp:attachment":[{"href":"https:\/\/lucasvasconcelos.com.br\/bumper\/wp-json\/wp\/v2\/media?parent=1277"}],"wp:term":[{"taxonomy":"pwb-brand","embeddable":true,"href":"https:\/\/lucasvasconcelos.com.br\/bumper\/wp-json\/wp\/v2\/pwb-brand?post=1277"},{"taxonomy":"product_brand","embeddable":true,"href":"https:\/\/lucasvasconcelos.com.br\/bumper\/wp-json\/wp\/v2\/product_brand?post=1277"},{"taxonomy":"product_cat","embeddable":true,"href":"https:\/\/lucasvasconcelos.com.br\/bumper\/wp-json\/wp\/v2\/product_cat?post=1277"},{"taxonomy":"product_tag","embeddable":true,"href":"https:\/\/lucasvasconcelos.com.br\/bumper\/wp-json\/wp\/v2\/product_tag?post=1277"}],"curies":[{"name":"wp","href":"https:\/\/api.w.org\/{rel}","templated":true}]}}