{"id":1454,"date":"2025-01-21T12:21:52","date_gmt":"2025-01-21T15:21:52","guid":{"rendered":"https:\/\/lucasvasconcelos.com.br\/bumper\/?post_type=product&#038;p=1454"},"modified":"2025-01-21T12:23:15","modified_gmt":"2025-01-21T15:23:15","slug":"bebedouro-consul-gela-mais-cjd42ab-branco-110v","status":"publish","type":"product","link":"https:\/\/lucasvasconcelos.com.br\/bumper\/produto\/bebedouro-consul-gela-mais-cjd42ab-branco-110v\/","title":{"rendered":"Bebedouro Consul Gela Mais CJD42AB Branco 110V"},"content":{"rendered":"<h3>Bebedouro Gela Mais<\/h3>\n<p>Forne\u00e7a \u00e1gua de qualidade e garanta a sa\u00fade e o bem-estar de sua fam\u00edlia, seus clientes ou sua equipe de trabalho com o <strong>Bebedouro Gela Mais<\/strong>. Este bebedouro industrial \u00e9 fabricado com materiais resistentes e dur\u00e1veis, garantindo uma bebida segura e refrescante o tempo todo.<\/p>\n<p>Com desempenho adaptado \u00e0s suas necessidades, o <strong>Bebedouro Gela Mais<\/strong> possui uma grande capacidade de 20 litros, sendo suficiente para fornecer \u00e1gua fresca e gelada \u00e0 sua equipe, organiza\u00e7\u00e3o, empresa ou escrit\u00f3rio sempre que quiserem. Essa capacidade robusta significa menos reabastecimentos e mais tempo para voc\u00ea se concentrar nas tarefas importantes do dia a dia.<\/p>\n<p>A hidrata\u00e7\u00e3o refrescante \u00e9 essencial para manter a sa\u00fade e a produtividade, e o <strong>Bebedouro Gela Mais<\/strong> cuida disso para voc\u00ea. Ele atinge a temperatura m\u00ednima ideal, permitindo que voc\u00ea desfrute de um copo de \u00e1gua fria a qualquer momento, especialmente nos dias quentes de ver\u00e3o. Seja no escrit\u00f3rio, em eventos ou em ambientes industriais, este bebedouro \u00e9 a escolha perfeita para garantir que todos se mantenham hidratados e saud\u00e1veis.<\/p>\n<p>O <strong>Bebedouro Gela Mais<\/strong> \u00e9 f\u00e1cil de usar e manter, proporcionando praticidade e efici\u00eancia para o seu dia a dia. Seu design robusto e funcional \u00e9 ideal para ambientes de alta demanda, oferecendo um fluxo cont\u00ednuo de \u00e1gua gelada para todos. Al\u00e9m disso, sua estrutura dur\u00e1vel assegura que o bebedouro mantenha sua performance ao longo do tempo, resistindo ao uso constante e \u00e0s condi\u00e7\u00f5es mais exigentes.<\/p>\n<p>Escolha o <strong>Bebedouro Gela Mais<\/strong> e ofere\u00e7a \u00e0 sua equipe, clientes e fam\u00edlia a melhor experi\u00eancia em hidrata\u00e7\u00e3o. Com sua capacidade de 20 litros e desempenho superior, este bebedouro \u00e9 a solu\u00e7\u00e3o ideal para qualquer ambiente que exige qualidade e confiabilidade. Invista na sa\u00fade e bem-estar de todos ao seu redor com o <strong>Bebedouro Gela Mais<\/strong> e fa\u00e7a a diferen\u00e7a na rotina di\u00e1ria.<\/p>\n","protected":false},"excerpt":{"rendered":"<p>O <strong>Bebedouro Gela Mais<\/strong> de 20 litros oferece \u00e1gua gelada de qualidade, ideal para manter sua equipe e clientes hidratados. Feito com materiais dur\u00e1veis, garante bebida segura e refrescante a qualquer momento.<\/p>\n","protected":false},"featured_media":1490,"comment_status":"open","ping_status":"closed","template":"","meta":[],"pwb-brand":[258],"product_brand":[],"product_cat":[20,119],"product_tag":[],"class_list":{"0":"post-1454","1":"product","2":"type-product","3":"status-publish","4":"has-post-thumbnail","6":"pwb-brand-consul","7":"product_cat-eletroportateis","8":"product_cat-purificadores","10":"first","11":"instock","12":"shipping-taxable","13":"purchasable","14":"product-type-simple"},"brands":[{"id":258,"name":"Consul","slug":"consul"}],"_links":{"self":[{"href":"https:\/\/lucasvasconcelos.com.br\/bumper\/wp-json\/wp\/v2\/product\/1454","targetHints":{"allow":["GET"]}}],"collection":[{"href":"https:\/\/lucasvasconcelos.com.br\/bumper\/wp-json\/wp\/v2\/product"}],"about":[{"href":"https:\/\/lucasvasconcelos.com.br\/bumper\/wp-json\/wp\/v2\/types\/product"}],"replies":[{"embeddable":true,"href":"https:\/\/lucasvasconcelos.com.br\/bumper\/wp-json\/wp\/v2\/comments?post=1454"}],"wp:featuredmedia":[{"embeddable":true,"href":"https:\/\/lucasvasconcelos.com.br\/bumper\/wp-json\/wp\/v2\/media\/1490"}],"wp:attachment":[{"href":"https:\/\/lucasvasconcelos.com.br\/bumper\/wp-json\/wp\/v2\/media?parent=1454"}],"wp:term":[{"taxonomy":"pwb-brand","embeddable":true,"href":"https:\/\/lucasvasconcelos.com.br\/bumper\/wp-json\/wp\/v2\/pwb-brand?post=1454"},{"taxonomy":"product_brand","embeddable":true,"href":"https:\/\/lucasvasconcelos.com.br\/bumper\/wp-json\/wp\/v2\/product_brand?post=1454"},{"taxonomy":"product_cat","embeddable":true,"href":"https:\/\/lucasvasconcelos.com.br\/bumper\/wp-json\/wp\/v2\/product_cat?post=1454"},{"taxonomy":"product_tag","embeddable":true,"href":"https:\/\/lucasvasconcelos.com.br\/bumper\/wp-json\/wp\/v2\/product_tag?post=1454"}],"curies":[{"name":"wp","href":"https:\/\/api.w.org\/{rel}","templated":true}]}}