{"id":1470,"date":"2025-01-21T12:22:34","date_gmt":"2025-01-21T15:22:34","guid":{"rendered":"https:\/\/lucasvasconcelos.com.br\/bumper\/?post_type=product&#038;p=1470"},"modified":"2025-01-21T12:23:26","modified_gmt":"2025-01-21T15:23:26","slug":"cafeteira-eletrica-electrolux-expert-cmp70-automatica-127v","status":"publish","type":"product","link":"https:\/\/lucasvasconcelos.com.br\/bumper\/produto\/cafeteira-eletrica-electrolux-expert-cmp70-automatica-127v\/","title":{"rendered":"Cafeteira El\u00e9trica Electrolux Expert CMP70 Autom\u00e1tica 127V"},"content":{"rendered":"<p>Desperte para uma experi\u00eancia de caf\u00e9 extraordin\u00e1ria com a Cafeteira El\u00e9trica Electrolux Expert CMP70. Esta m\u00e1quina revolucion\u00e1ria combina tecnologia avan\u00e7ada com um design elegante para oferecer um caf\u00e9 excepcional em todas as manh\u00e3s.<\/p>\n<p>Equipada com a Tecnologia PerfectSense, a Cafeteira CMP70 mant\u00e9m a temperatura ideal de preparo do caf\u00e9, atingindo at\u00e9 96\u00b0C\u00b9 por aproximadamente 8 minutos. Essa precis\u00e3o no controle de temperatura extrai o m\u00e1ximo aroma e sabor dos gr\u00e3os, garantindo uma experi\u00eancia sensorial incompar\u00e1vel a cada x\u00edcara.<\/p>\n<p>A Tecnologia AutoBloom \u00e9 o segredo por tr\u00e1s da distribui\u00e7\u00e3o uniforme da \u00e1gua no filtro. Com 12 aberturas mais largas do que o convencional\u00b2, ela permite que a \u00e1gua alcance o caf\u00e9 de maneira equilibrada, resultando em uma extra\u00e7\u00e3o completa e consistente, e um sabor superior em cada gole. Al\u00e9m disso, o funil de mixagem localizado no interior da jarra garante que as ess\u00eancias do caf\u00e9 sejam delicadamente misturadas durante o despejo, proporcionando uma experi\u00eancia \u00fanica de sabor a cada x\u00edcara.<\/p>\n<p>Para os amantes de caf\u00e9 que buscam uma intensidade extra, a Fun\u00e7\u00e3o AromaStrength oferece a op\u00e7\u00e3o de aumentar a concentra\u00e7\u00e3o do caf\u00e9. E com a inclus\u00e3o da Colher Medidora Especial, especialmente desenhada para moagens mais finas, voc\u00ea pode personalizar ainda mais a intensidade do seu caf\u00e9.<\/p>\n<p>O filtro permanente remov\u00edvel n\u00e3o apenas reduz o desperd\u00edcio ao eliminar a necessidade de filtros de papel descart\u00e1veis, mas tamb\u00e9m \u00e9 mais sustent\u00e1vel, evitando o descarte de at\u00e9 730 filtros por ano. Al\u00e9m disso, o sistema deslizante do filtro torna sua remo\u00e7\u00e3o e limpeza r\u00e1pidas e f\u00e1ceis.<\/p>\n<p>A Cafeteira CMP70 \u00e9 projetada para oferecer conforto e praticidade em cada detalhe. Com seu sistema corta-pingos, voc\u00ea pode servir o caf\u00e9 mesmo durante o preparo, sem preocupa\u00e7\u00f5es com respingos indesejados. E gra\u00e7as ao indicador autom\u00e1tico de descalcifica\u00e7\u00e3o, voc\u00ea sempre saber\u00e1 o momento certo de limpar a m\u00e1quina, garantindo o melhor sabor do caf\u00e9 em todas as x\u00edcaras.<\/p>\n<p>Al\u00e9m de sua funcionalidade excepcional, a Cafeteira CMP70 se destaca pelo seu acabamento premium texturizado, que confere eleg\u00e2ncia \u00e0 sua cozinha enquanto \u00e9 f\u00e1cil de limpar e manter. Combine-a com outros eletroport\u00e1teis da Linha Electrolux Expert e transforme sua rotina matinal em um ritual de caf\u00e9 verdadeiramente luxuoso.<\/p>\n","protected":false},"excerpt":{"rendered":"<p>Desfrute de caf\u00e9 excepcional com a Cafeteira El\u00e9trica Electrolux Expert CMP70. Tecnologia avan\u00e7ada e acabamento premium para uma experi\u00eancia de caf\u00e9 \u00fanica.<\/p>\n","protected":false},"featured_media":1502,"comment_status":"open","ping_status":"closed","template":"","meta":[],"pwb-brand":[196],"product_brand":[],"product_cat":[203,20,21],"product_tag":[],"class_list":{"0":"post-1470","1":"product","2":"type-product","3":"status-publish","4":"has-post-thumbnail","6":"pwb-brand-electrolux","7":"product_cat-cafeteiras","8":"product_cat-eletroportateis","9":"product_cat-para-cozinha","11":"first","12":"instock","13":"shipping-taxable","14":"purchasable","15":"product-type-simple"},"brands":[{"id":196,"name":"Electrolux","slug":"electrolux"}],"_links":{"self":[{"href":"https:\/\/lucasvasconcelos.com.br\/bumper\/wp-json\/wp\/v2\/product\/1470","targetHints":{"allow":["GET"]}}],"collection":[{"href":"https:\/\/lucasvasconcelos.com.br\/bumper\/wp-json\/wp\/v2\/product"}],"about":[{"href":"https:\/\/lucasvasconcelos.com.br\/bumper\/wp-json\/wp\/v2\/types\/product"}],"replies":[{"embeddable":true,"href":"https:\/\/lucasvasconcelos.com.br\/bumper\/wp-json\/wp\/v2\/comments?post=1470"}],"wp:featuredmedia":[{"embeddable":true,"href":"https:\/\/lucasvasconcelos.com.br\/bumper\/wp-json\/wp\/v2\/media\/1502"}],"wp:attachment":[{"href":"https:\/\/lucasvasconcelos.com.br\/bumper\/wp-json\/wp\/v2\/media?parent=1470"}],"wp:term":[{"taxonomy":"pwb-brand","embeddable":true,"href":"https:\/\/lucasvasconcelos.com.br\/bumper\/wp-json\/wp\/v2\/pwb-brand?post=1470"},{"taxonomy":"product_brand","embeddable":true,"href":"https:\/\/lucasvasconcelos.com.br\/bumper\/wp-json\/wp\/v2\/product_brand?post=1470"},{"taxonomy":"product_cat","embeddable":true,"href":"https:\/\/lucasvasconcelos.com.br\/bumper\/wp-json\/wp\/v2\/product_cat?post=1470"},{"taxonomy":"product_tag","embeddable":true,"href":"https:\/\/lucasvasconcelos.com.br\/bumper\/wp-json\/wp\/v2\/product_tag?post=1470"}],"curies":[{"name":"wp","href":"https:\/\/api.w.org\/{rel}","templated":true}]}}