{"id":1643,"date":"2025-01-21T12:25:25","date_gmt":"2025-01-21T15:25:25","guid":{"rendered":"https:\/\/lucasvasconcelos.com.br\/bumper\/?post_type=product&#038;p=1643"},"modified":"2025-01-23T00:29:15","modified_gmt":"2025-01-23T03:29:15","slug":"grill-multifuncional-eletrica-lenoxx-pgr159-vermelho-127v","status":"publish","type":"product","link":"https:\/\/lucasvasconcelos.com.br\/bumper\/produto\/grill-multifuncional-eletrica-lenoxx-pgr159-vermelho-127v\/","title":{"rendered":"Grill Multifuncional El\u00e9trica Lenoxx Pgr159 Vermelho 127V"},"content":{"rendered":"<p>Eleve suas habilidades culin\u00e1rias com o Grill Multifuncional El\u00e9trico Lenoxx Pgr159. Este vers\u00e1til grill oferece uma maneira conveniente e saud\u00e1vel de preparar uma variedade de pratos deliciosos em sua pr\u00f3pria casa.<\/p>\n<p>Com um design elegante e funcional, o Grill Multifuncional El\u00e9trico Lenoxx Pgr159 \u00e9 equipado com placas antiaderentes que garantem uma distribui\u00e7\u00e3o uniforme do calor e facilitam a limpeza ap\u00f3s o uso. Voc\u00ea pode grelhar carnes suculentas, legumes frescos e at\u00e9 mesmo fazer deliciosos paninis com facilidade.<\/p>\n<p>Al\u00e9m disso, este grill possui controle de temperatura ajust\u00e1vel, permitindo que voc\u00ea cozinhe seus alimentos de acordo com suas prefer\u00eancias pessoais. Seu sistema de aquecimento eficiente garante resultados r\u00e1pidos e uniformes, para que voc\u00ea possa desfrutar de refei\u00e7\u00f5es perfeitamente grelhadas sempre que quiser.<\/p>\n<p>Com o Grill Multifuncional El\u00e9trico Lenoxx Pgr159, voc\u00ea pode experimentar uma culin\u00e1ria mais criativa e saud\u00e1vel no conforto da sua pr\u00f3pria cozinha. Surpreenda-se com a versatilidade e praticidade deste incr\u00edvel grill el\u00e9trico.<\/p>\n","protected":false},"excerpt":{"rendered":"<p>Prepare uma variedade de pratos deliciosos com facilidade e praticidade. Placas antiaderentes e controle de temperatura ajust\u00e1vel, com o Grill El\u00e9trico Multifuncional Lenoxx Pgr159<\/p>\n","protected":false},"featured_media":1646,"comment_status":"open","ping_status":"closed","template":"","meta":[],"pwb-brand":[152],"product_brand":[],"product_cat":[20,182,21],"product_tag":[],"class_list":{"0":"post-1643","1":"product","2":"type-product","3":"status-publish","4":"has-post-thumbnail","6":"pwb-brand-lenoxx","7":"product_cat-eletroportateis","8":"product_cat-grill-eletrico","9":"product_cat-para-cozinha","11":"first","12":"instock","13":"shipping-taxable","14":"purchasable","15":"product-type-simple"},"brands":[{"id":152,"name":"Lenoxx","slug":"lenoxx"}],"_links":{"self":[{"href":"https:\/\/lucasvasconcelos.com.br\/bumper\/wp-json\/wp\/v2\/product\/1643","targetHints":{"allow":["GET"]}}],"collection":[{"href":"https:\/\/lucasvasconcelos.com.br\/bumper\/wp-json\/wp\/v2\/product"}],"about":[{"href":"https:\/\/lucasvasconcelos.com.br\/bumper\/wp-json\/wp\/v2\/types\/product"}],"replies":[{"embeddable":true,"href":"https:\/\/lucasvasconcelos.com.br\/bumper\/wp-json\/wp\/v2\/comments?post=1643"}],"wp:featuredmedia":[{"embeddable":true,"href":"https:\/\/lucasvasconcelos.com.br\/bumper\/wp-json\/wp\/v2\/media\/1646"}],"wp:attachment":[{"href":"https:\/\/lucasvasconcelos.com.br\/bumper\/wp-json\/wp\/v2\/media?parent=1643"}],"wp:term":[{"taxonomy":"pwb-brand","embeddable":true,"href":"https:\/\/lucasvasconcelos.com.br\/bumper\/wp-json\/wp\/v2\/pwb-brand?post=1643"},{"taxonomy":"product_brand","embeddable":true,"href":"https:\/\/lucasvasconcelos.com.br\/bumper\/wp-json\/wp\/v2\/product_brand?post=1643"},{"taxonomy":"product_cat","embeddable":true,"href":"https:\/\/lucasvasconcelos.com.br\/bumper\/wp-json\/wp\/v2\/product_cat?post=1643"},{"taxonomy":"product_tag","embeddable":true,"href":"https:\/\/lucasvasconcelos.com.br\/bumper\/wp-json\/wp\/v2\/product_tag?post=1643"}],"curies":[{"name":"wp","href":"https:\/\/api.w.org\/{rel}","templated":true}]}}