{"id":336,"date":"2025-01-20T23:46:10","date_gmt":"2025-01-21T02:46:10","guid":{"rendered":"https:\/\/lucasvasconcelos.com.br\/bumper\/?post_type=product&#038;p=336"},"modified":"2025-01-20T23:46:11","modified_gmt":"2025-01-21T02:46:11","slug":"panela-de-arroz-eletrica-electrolux-13l-efficient-por-rita-lobo-cor-branca-220v","status":"publish","type":"product","link":"https:\/\/lucasvasconcelos.com.br\/bumper\/produto\/panela-de-arroz-eletrica-electrolux-13l-efficient-por-rita-lobo-cor-branca-220v\/","title":{"rendered":"Panela de Arroz El\u00e9trica Electrolux 1,3L Efficient por Rita Lobo Cor Branca &#8211; 220V"},"content":{"rendered":"<p><b>Panela de Arroz El\u00e9trica Electrolux Easyline 1,3L por Rita Lobo &#8211; Sabor e Praticidade Di\u00e1ria<\/b><\/p>\n<p>&nbsp;<\/p>\n<p><span style=\"font-weight: 400;\">Desfrute de arroz um delicioso e soltinho diariamente com a Panela El\u00e9trica Easyline 7 x\u00edcaras 1,3L da Electrolux. Esta panela vers\u00e1til vai al\u00e9m do preparo de arroz, permitindo o cozimento de legumes e proporcionando a praticidade do suporte para cozimento a vapor.<\/span><\/p>\n<p>&nbsp;<\/p>\n<p><b>Principais Caracter\u00edsticas:<\/b><\/p>\n<p>&nbsp;<\/p>\n<p><b>Capacidade para 7 x\u00edcaras:<\/b><\/p>\n<p><span style=\"font-weight: 400;\">Prepara a quantidade certa para toda a fam\u00edlia, garantindo praticidade no dia a dia.<\/span><\/p>\n<p>&nbsp;<\/p>\n<p><b>Preparo R\u00e1pido:<\/b><\/p>\n<p><span style=\"font-weight: 400;\">Em apenas 20 minutos, a panela el\u00e9trica proporciona arroz pronto, soltinho e extremamente saboroso.<\/span><\/p>\n<p>&nbsp;<\/p>\n<p><b>Desligamento Autom\u00e1tico e Manter Aquecido:<\/b><\/p>\n<p><span style=\"font-weight: 400;\">Avisa quando o arroz est\u00e1 pronto, desligando automaticamente. A fun\u00e7\u00e3o Manter Aquecido mant\u00e9m suas receitas sempre quentes.<\/span><\/p>\n<p>&nbsp;<\/p>\n<p><b>Tampa de Vidro Remov\u00edvel:<\/b><\/p>\n<p><span style=\"font-weight: 400;\">Com orif\u00edcio para sa\u00edda de vapor, possibilita o acompanhamento em tempo real do preparo das receitas.<\/span><\/p>\n<p>&nbsp;<\/p>\n<p><b>Recipiente Interno Antiaderente e Remov\u00edvel<\/b><span style=\"font-weight: 400;\">:<\/span><\/p>\n<p><span style=\"font-weight: 400;\">Proporciona praticidade tanto no preparo quanto na limpeza da panela.<\/span><\/p>\n<p>&nbsp;<\/p>\n<p><b>Suporte para Cozimento a Vapor:<\/b><\/p>\n<p><span style=\"font-weight: 400;\">Cozinhe legumes simultaneamente ao preparo do arroz, ampliando suas op\u00e7\u00f5es culin\u00e1rias.<\/span><\/p>\n<p>&nbsp;<\/p>\n<p><b>Acess\u00f3rios Exclusivos:<\/b><\/p>\n<p><span style=\"font-weight: 400;\">Acompanha uma esp\u00e1tula que n\u00e3o risca o revestimento da panela e um copo medidor, oferecendo um conjunto completo.<\/span><\/p>\n<p>&nbsp;<\/p>\n<p><b>Funcionalidades Adicionais:<\/b><\/p>\n<p>&nbsp;<\/p>\n<p><b>Fun\u00e7\u00e3o Cozinhar:<\/b><\/p>\n<p><span style=\"font-weight: 400;\">Rapidez no preparo, com o arroz pronto em apenas 20 minutos.<\/span><\/p>\n<p>&nbsp;<\/p>\n<p><b>Tampa de Vidro Remov\u00edvel:<\/b><\/p>\n<p><span style=\"font-weight: 400;\">Com orif\u00edcio para sa\u00edda do vapor, permite o acompanhamento visual durante o preparo das receitas.<\/span><\/p>\n<p>&nbsp;<\/p>\n<p><strong>A <\/strong><b>Panela de Arroz El\u00e9trica Electrolux Easyline<\/b><span style=\"font-weight: 400;\"> combina sabor, praticidade e funcionalidades extras para tornar seu cotidiano na cozinha mais eficiente e saboroso.<\/span><\/p>\n<p>&nbsp;<\/p>\n","protected":false},"excerpt":{"rendered":"<p><span style=\"font-weight: 400;\">Esta panela vers\u00e1til vai al\u00e9m do preparo de arroz, permitindo o cozimento de legumes e proporcionando a praticidade do suporte para cozimento a vapor.<\/span><\/p>\n","protected":false},"featured_media":69,"comment_status":"open","ping_status":"closed","template":"","meta":[],"pwb-brand":[],"product_brand":[],"product_cat":[23,20,21],"product_tag":[],"class_list":{"0":"post-336","1":"product","2":"type-product","3":"status-publish","4":"has-post-thumbnail","6":"product_cat-arrozeira","7":"product_cat-eletroportateis","8":"product_cat-para-cozinha","10":"first","11":"instock","12":"shipping-taxable","13":"purchasable","14":"product-type-simple"},"brands":[],"_links":{"self":[{"href":"https:\/\/lucasvasconcelos.com.br\/bumper\/wp-json\/wp\/v2\/product\/336","targetHints":{"allow":["GET"]}}],"collection":[{"href":"https:\/\/lucasvasconcelos.com.br\/bumper\/wp-json\/wp\/v2\/product"}],"about":[{"href":"https:\/\/lucasvasconcelos.com.br\/bumper\/wp-json\/wp\/v2\/types\/product"}],"replies":[{"embeddable":true,"href":"https:\/\/lucasvasconcelos.com.br\/bumper\/wp-json\/wp\/v2\/comments?post=336"}],"wp:featuredmedia":[{"embeddable":true,"href":"https:\/\/lucasvasconcelos.com.br\/bumper\/wp-json\/wp\/v2\/media\/69"}],"wp:attachment":[{"href":"https:\/\/lucasvasconcelos.com.br\/bumper\/wp-json\/wp\/v2\/media?parent=336"}],"wp:term":[{"taxonomy":"pwb-brand","embeddable":true,"href":"https:\/\/lucasvasconcelos.com.br\/bumper\/wp-json\/wp\/v2\/pwb-brand?post=336"},{"taxonomy":"product_brand","embeddable":true,"href":"https:\/\/lucasvasconcelos.com.br\/bumper\/wp-json\/wp\/v2\/product_brand?post=336"},{"taxonomy":"product_cat","embeddable":true,"href":"https:\/\/lucasvasconcelos.com.br\/bumper\/wp-json\/wp\/v2\/product_cat?post=336"},{"taxonomy":"product_tag","embeddable":true,"href":"https:\/\/lucasvasconcelos.com.br\/bumper\/wp-json\/wp\/v2\/product_tag?post=336"}],"curies":[{"name":"wp","href":"https:\/\/api.w.org\/{rel}","templated":true}]}}