{"id":345,"date":"2025-01-20T23:46:11","date_gmt":"2025-01-21T02:46:11","guid":{"rendered":"https:\/\/lucasvasconcelos.com.br\/bumper\/?post_type=product&#038;p=345"},"modified":"2025-01-20T23:46:11","modified_gmt":"2025-01-21T02:46:11","slug":"panela-de-arroz-eletrica-agratto-6-xicaras-cor-branca-pa6x-127v","status":"publish","type":"product","link":"https:\/\/lucasvasconcelos.com.br\/bumper\/produto\/panela-de-arroz-eletrica-agratto-6-xicaras-cor-branca-pa6x-127v\/","title":{"rendered":"Panela de Arroz El\u00e9trica Agratto 6 X\u00edcaras Cor Branca (PA6X) &#8211; 127V"},"content":{"rendered":"<h2 class=\"\" data-sourcepos=\"1:1-1:75\">Panela El\u00e9trica de Arroz Agratto PA6X: Versatilidade para suas Refei\u00e7\u00f5es<\/h2>\n<p>&nbsp;<\/p>\n<p data-sourcepos=\"3:1-3:87\">Descubra a Panela El\u00e9trica de Arroz Agratto PA6X e prepare muito mais do que arroz!<\/p>\n<p data-sourcepos=\"3:1-3:87\">\n<p data-sourcepos=\"5:1-5:29\"><strong>Versatilidade na Cozinha:<\/strong><\/p>\n<ul data-sourcepos=\"7:1-9:20\">\n<li data-sourcepos=\"7:1-7:50\">Cozinhe arroz soltinho e saboroso com perfei\u00e7\u00e3o.<\/li>\n<li data-sourcepos=\"8:1-8:50\">Prepare sopas,\u00a0caldos e risotos com praticidade.<\/li>\n<li data-sourcepos=\"9:1-9:20\">Cozinhe legumes no vapor preservando nutrientes e sabor.<\/li>\n<\/ul>\n<p data-sourcepos=\"11:1-11:25\">\n<p data-sourcepos=\"11:1-11:25\"><strong>Refei\u00e7\u00f5es para Todos:<\/strong><\/p>\n<ul data-sourcepos=\"13:1-13:62\">\n<li data-sourcepos=\"13:1-13:62\">Capacidade para at\u00e9 6 x\u00edcaras de arroz,\u00a0ideal para fam\u00edlias.<\/li>\n<\/ul>\n<p data-sourcepos=\"15:1-15:28\">\n<p data-sourcepos=\"15:1-15:28\"><strong>Praticidade e Seguran\u00e7a:<\/strong><\/p>\n<ul data-sourcepos=\"17:1-21:0\">\n<li data-sourcepos=\"17:1-17:74\">Bandeja para legumes no vapor facilita o preparo de refei\u00e7\u00f5es completas.<\/li>\n<li data-sourcepos=\"18:1-18:78\">Fun\u00e7\u00e3o manter aquecido conserva o arroz na temperatura ideal por mais tempo.<\/li>\n<li data-sourcepos=\"19:1-19:65\">Cuba antiaderente facilita a limpeza e evita que o arroz grude.<\/li>\n<li data-sourcepos=\"20:1-21:0\">Pode ser levada \u00e0 mesa para servir com eleg\u00e2ncia.<\/li>\n<\/ul>\n<p data-sourcepos=\"22:1-22:21\">\n<p data-sourcepos=\"22:1-22:21\"><strong>Acess\u00f3rios \u00dateis:<\/strong><\/p>\n<ul data-sourcepos=\"24:1-25:0\">\n<li data-sourcepos=\"24:1-25:0\">Copo medidor e colher para facilitar o preparo das receitas.<\/li>\n<\/ul>\n<p data-sourcepos=\"26:1-26:70\">\n<p data-sourcepos=\"26:1-26:70\">A Panela El\u00e9trica de Arroz Agratto PA6X \u00e9 a sua nova aliada na cozinha!<\/p>\n","protected":false},"excerpt":{"rendered":"<p>Sua nova aliada na cozinha, prepara arroz e legumes simultaneamente.<\/p>\n","protected":false},"featured_media":97,"comment_status":"open","ping_status":"closed","template":"","meta":[],"pwb-brand":[],"product_brand":[],"product_cat":[23,20,21],"product_tag":[24],"class_list":{"0":"post-345","1":"product","2":"type-product","3":"status-publish","4":"has-post-thumbnail","6":"product_cat-arrozeira","7":"product_cat-eletroportateis","8":"product_cat-para-cozinha","9":"product_tag-novos-produtos","11":"first","12":"instock","13":"shipping-taxable","14":"purchasable","15":"product-type-simple"},"brands":[],"_links":{"self":[{"href":"https:\/\/lucasvasconcelos.com.br\/bumper\/wp-json\/wp\/v2\/product\/345","targetHints":{"allow":["GET"]}}],"collection":[{"href":"https:\/\/lucasvasconcelos.com.br\/bumper\/wp-json\/wp\/v2\/product"}],"about":[{"href":"https:\/\/lucasvasconcelos.com.br\/bumper\/wp-json\/wp\/v2\/types\/product"}],"replies":[{"embeddable":true,"href":"https:\/\/lucasvasconcelos.com.br\/bumper\/wp-json\/wp\/v2\/comments?post=345"}],"wp:featuredmedia":[{"embeddable":true,"href":"https:\/\/lucasvasconcelos.com.br\/bumper\/wp-json\/wp\/v2\/media\/97"}],"wp:attachment":[{"href":"https:\/\/lucasvasconcelos.com.br\/bumper\/wp-json\/wp\/v2\/media?parent=345"}],"wp:term":[{"taxonomy":"pwb-brand","embeddable":true,"href":"https:\/\/lucasvasconcelos.com.br\/bumper\/wp-json\/wp\/v2\/pwb-brand?post=345"},{"taxonomy":"product_brand","embeddable":true,"href":"https:\/\/lucasvasconcelos.com.br\/bumper\/wp-json\/wp\/v2\/product_brand?post=345"},{"taxonomy":"product_cat","embeddable":true,"href":"https:\/\/lucasvasconcelos.com.br\/bumper\/wp-json\/wp\/v2\/product_cat?post=345"},{"taxonomy":"product_tag","embeddable":true,"href":"https:\/\/lucasvasconcelos.com.br\/bumper\/wp-json\/wp\/v2\/product_tag?post=345"}],"curies":[{"name":"wp","href":"https:\/\/api.w.org\/{rel}","templated":true}]}}