{"id":348,"date":"2025-01-20T23:46:38","date_gmt":"2025-01-21T02:46:38","guid":{"rendered":"https:\/\/lucasvasconcelos.com.br\/bumper\/?post_type=product&#038;p=348"},"modified":"2025-01-20T23:46:38","modified_gmt":"2025-01-21T02:46:38","slug":"capa-para-maquina-de-lavar-electrolux-10kg-a-16kg-cor-cinza","status":"publish","type":"product","link":"https:\/\/lucasvasconcelos.com.br\/bumper\/produto\/capa-para-maquina-de-lavar-electrolux-10kg-a-16kg-cor-cinza\/","title":{"rendered":"Capa para M\u00e1quina de Lavar Electrolux 10kg a 16kg Cor Cinza"},"content":{"rendered":"<p>A <strong>capa para lavadora<\/strong> desempenha um papel crucial na preserva\u00e7\u00e3o da longevidade das m\u00e1quinas de lavar roupa.<\/p>\n<p>&nbsp;<\/p>\n<p>Desenvolvida para <strong>assegurar a prote\u00e7\u00e3o<\/strong> essencial que sua lavadora de roupas merece, essas capas s\u00e3o resistentes contra os efeitos do tempo, sujeira, poeira e oferecem alta resist\u00eancia \u00e0 \u00e1gua e outras altera\u00e7\u00f5es ambientais.<\/p>\n<p>&nbsp;<\/p>\n<p><strong>Composi\u00e7\u00e3o:<\/strong><\/p>\n<p>100% poli\u00e9ster &#8211; Flanelado internamente \/ 100% filme de policloreto de vinila.<\/p>\n<p>&nbsp;<\/p>\n<p><strong>Aplica\u00e7\u00e3o:<\/strong><\/p>\n<p>Compat\u00edveis com todas as lavadoras, secadoras e lava e seca dispon\u00edveis no mercado.<\/p>\n<p>&nbsp;<\/p>\n<p><strong>Indica\u00e7\u00e3o de peso (Kg) da m\u00e1quina:<\/strong><\/p>\n<p>10 a 16 kg.<\/p>\n","protected":false},"excerpt":{"rendered":"<p>Desenvolvida para assegurar a prote\u00e7\u00e3o essencial que sua lavadora de roupas merece.<\/p>\n","protected":false},"featured_media":266,"comment_status":"open","ping_status":"closed","template":"","meta":[],"pwb-brand":[],"product_brand":[],"product_cat":[40,21,39],"product_tag":[41],"class_list":{"0":"post-348","1":"product","2":"type-product","3":"status-publish","4":"has-post-thumbnail","6":"product_cat-acessorios-para-lavadoras","7":"product_cat-para-cozinha","8":"product_cat-pecas-e-acessorios","9":"product_tag-acessorios-para-lavadoras","11":"first","12":"instock","13":"shipping-taxable","14":"purchasable","15":"product-type-simple"},"brands":[],"_links":{"self":[{"href":"https:\/\/lucasvasconcelos.com.br\/bumper\/wp-json\/wp\/v2\/product\/348","targetHints":{"allow":["GET"]}}],"collection":[{"href":"https:\/\/lucasvasconcelos.com.br\/bumper\/wp-json\/wp\/v2\/product"}],"about":[{"href":"https:\/\/lucasvasconcelos.com.br\/bumper\/wp-json\/wp\/v2\/types\/product"}],"replies":[{"embeddable":true,"href":"https:\/\/lucasvasconcelos.com.br\/bumper\/wp-json\/wp\/v2\/comments?post=348"}],"wp:featuredmedia":[{"embeddable":true,"href":"https:\/\/lucasvasconcelos.com.br\/bumper\/wp-json\/wp\/v2\/media\/266"}],"wp:attachment":[{"href":"https:\/\/lucasvasconcelos.com.br\/bumper\/wp-json\/wp\/v2\/media?parent=348"}],"wp:term":[{"taxonomy":"pwb-brand","embeddable":true,"href":"https:\/\/lucasvasconcelos.com.br\/bumper\/wp-json\/wp\/v2\/pwb-brand?post=348"},{"taxonomy":"product_brand","embeddable":true,"href":"https:\/\/lucasvasconcelos.com.br\/bumper\/wp-json\/wp\/v2\/product_brand?post=348"},{"taxonomy":"product_cat","embeddable":true,"href":"https:\/\/lucasvasconcelos.com.br\/bumper\/wp-json\/wp\/v2\/product_cat?post=348"},{"taxonomy":"product_tag","embeddable":true,"href":"https:\/\/lucasvasconcelos.com.br\/bumper\/wp-json\/wp\/v2\/product_tag?post=348"}],"curies":[{"name":"wp","href":"https:\/\/api.w.org\/{rel}","templated":true}]}}