{"id":364,"date":"2025-01-20T23:49:46","date_gmt":"2025-01-21T02:49:46","guid":{"rendered":"https:\/\/lucasvasconcelos.com.br\/bumper\/?post_type=product&#038;p=364"},"modified":"2025-01-20T23:50:31","modified_gmt":"2025-01-21T02:50:31","slug":"filtro-para-aspirador-de-po-electrolux-power-speed-hepa-cor-verde","status":"publish","type":"product","link":"https:\/\/lucasvasconcelos.com.br\/bumper\/produto\/filtro-para-aspirador-de-po-electrolux-power-speed-hepa-cor-verde\/","title":{"rendered":"Filtro para Aspirador de P\u00f3 Electrolux Power Speed HEPA Cor Verde"},"content":{"rendered":"<p><strong>Filtro HEPA para Aspirador de P\u00f3 Electrolux Power Speed<\/strong><\/p>\n<p>&nbsp;<\/p>\n<p>Durante o processo de limpeza, \u00e9 comum que uma parte da sujeira retorne ao ambiente, comprometendo a qualidade do ar em sua casa. O Filtro HEPA Electrolux surge como a solu\u00e7\u00e3o ideal para garantir a efici\u00eancia do seu aspirador de p\u00f3, assegurando que sua resid\u00eancia permane\u00e7a limpa e livre de impurezas.<\/p>\n<p>&nbsp;<\/p>\n<p>Este filtro HEPA ret\u00e9m e impede o retorno de 99,9% das bact\u00e9rias, fungos e \u00e1caros, evitando que esses microrganismos circulem novamente no ambiente. Dessa forma, contribui significativamente para prevenir a propaga\u00e7\u00e3o de doen\u00e7as respirat\u00f3rias e alergias.<\/p>\n<p>&nbsp;<\/p>\n<p><strong>Compat\u00edvel com os modelos:<\/strong><\/p>\n<ul>\n<li>Aspirador de P\u00f3 Vertical 1000W PowerSpeed Electrolux 2 em 1 (STK12).<\/li>\n<li>Aspirador de P\u00f3 Vertical 1300W Powerspeed Plus Electrolux 2 mm 1 (STK14).<\/li>\n<\/ul>\n","protected":false},"excerpt":{"rendered":"<p>Este filtro HEPA ret\u00e9m e impede o retorno de 99,9% das bact\u00e9rias, fungos e \u00e1caros, evitando que esses microrganismos circulem novamente no ambiente.<\/p>\n","protected":false},"featured_media":405,"comment_status":"open","ping_status":"closed","template":"","meta":[],"pwb-brand":[],"product_brand":[],"product_cat":[72,39],"product_tag":[73],"class_list":{"0":"post-364","1":"product","2":"type-product","3":"status-publish","4":"has-post-thumbnail","6":"product_cat-filtro-para-aspirador-de-po","7":"product_cat-pecas-e-acessorios","8":"product_tag-pecas-e-acessorios","10":"first","11":"instock","12":"shipping-taxable","13":"purchasable","14":"product-type-simple"},"brands":[],"_links":{"self":[{"href":"https:\/\/lucasvasconcelos.com.br\/bumper\/wp-json\/wp\/v2\/product\/364","targetHints":{"allow":["GET"]}}],"collection":[{"href":"https:\/\/lucasvasconcelos.com.br\/bumper\/wp-json\/wp\/v2\/product"}],"about":[{"href":"https:\/\/lucasvasconcelos.com.br\/bumper\/wp-json\/wp\/v2\/types\/product"}],"replies":[{"embeddable":true,"href":"https:\/\/lucasvasconcelos.com.br\/bumper\/wp-json\/wp\/v2\/comments?post=364"}],"wp:featuredmedia":[{"embeddable":true,"href":"https:\/\/lucasvasconcelos.com.br\/bumper\/wp-json\/wp\/v2\/media\/405"}],"wp:attachment":[{"href":"https:\/\/lucasvasconcelos.com.br\/bumper\/wp-json\/wp\/v2\/media?parent=364"}],"wp:term":[{"taxonomy":"pwb-brand","embeddable":true,"href":"https:\/\/lucasvasconcelos.com.br\/bumper\/wp-json\/wp\/v2\/pwb-brand?post=364"},{"taxonomy":"product_brand","embeddable":true,"href":"https:\/\/lucasvasconcelos.com.br\/bumper\/wp-json\/wp\/v2\/product_brand?post=364"},{"taxonomy":"product_cat","embeddable":true,"href":"https:\/\/lucasvasconcelos.com.br\/bumper\/wp-json\/wp\/v2\/product_cat?post=364"},{"taxonomy":"product_tag","embeddable":true,"href":"https:\/\/lucasvasconcelos.com.br\/bumper\/wp-json\/wp\/v2\/product_tag?post=364"}],"curies":[{"name":"wp","href":"https:\/\/api.w.org\/{rel}","templated":true}]}}