{"id":379,"date":"2025-01-20T23:49:46","date_gmt":"2025-01-21T02:49:46","guid":{"rendered":"https:\/\/lucasvasconcelos.com.br\/bumper\/?post_type=product&#038;p=379"},"modified":"2025-01-20T23:51:19","modified_gmt":"2025-01-21T02:51:19","slug":"telefone-sem-fio-panasonic-kx-tg6722lbb-com-base-1-ramal-preto-prata-bivolt","status":"publish","type":"product","link":"https:\/\/lucasvasconcelos.com.br\/bumper\/produto\/telefone-sem-fio-panasonic-kx-tg6722lbb-com-base-1-ramal-preto-prata-bivolt\/","title":{"rendered":"Telefone Sem Fio Panasonic KX-TG6722LBB Com Base + 1 Ramal Preto\/Prata Bivolt"},"content":{"rendered":"<p>Desfrute da conveni\u00eancia do Telefone Sem Fio Panasonic Combo, que inclui a base e um ramal adicional. Com elegante design cinza, este telefone oferece uma s\u00e9rie de recursos para melhorar sua experi\u00eancia de comunica\u00e7\u00e3o.<\/p>\n<p>Secret\u00e1ria eletr\u00f4nica: Nunca perca uma mensagem importante. A Secret\u00e1ria Eletr\u00f4nica permite atender e gravar chamadas quando n\u00e3o estiver dispon\u00edvel para atender. Voc\u00ea pode acessar a base remotamente para ouvir mensagens ou ajustar as configura\u00e7\u00f5es do sistema de atendimento autom\u00e1tico.<\/p>\n<p>Opera\u00e7\u00e3o durante falta de energia: Mesmo em situa\u00e7\u00f5es de falta de energia, o telefone permanece operacional. Equipado com um potente backup de bateria, o telefone pode funcionar por at\u00e9 2 horas sem energia el\u00e9trica, permitindo que voc\u00ea fa\u00e7a e receba chamadas quando necess\u00e1rio.<\/p>\n<p>Bot\u00e3o LED superior: Atenda chamadas com facilidade, mesmo com o telefone na base. O bot\u00e3o LED superior indica chamadas recebidas e pisca para notific\u00e1-lo, oferecendo praticidade ao atender.<\/p>\n<p>Bloqueador de chamadas indesejadas: Mantenha-se livre de chamadas indesejadas. Com a capacidade de bloquear n\u00fameros espec\u00edficos, voc\u00ea pode evitar liga\u00e7\u00f5es indesejadas. *Requer assinatura do servi\u00e7o de identifica\u00e7\u00e3o de chamadas\/caixa postal oferecido por companhias de telefonia locais. **Requer registro do n\u00famero na agenda telef\u00f4nica.<\/p>\n","protected":false},"excerpt":{"rendered":"<p>Desfrute da conveni\u00eancia do Telefone Sem Fio Panasonic Combo. Com secret\u00e1ria eletr\u00f4nica, opera\u00e7\u00e3o durante falta de energia e bloqueador de chamadas indesejadas, \u00e9 a solu\u00e7\u00e3o ideal para suas comunica\u00e7\u00f5es dom\u00e9sticas<\/p>\n","protected":false},"featured_media":460,"comment_status":"open","ping_status":"closed","template":"","meta":[],"pwb-brand":[94],"product_brand":[],"product_cat":[60,81],"product_tag":[],"class_list":{"0":"post-379","1":"product","2":"type-product","3":"status-publish","4":"has-post-thumbnail","6":"pwb-brand-panasonic","7":"product_cat-eletronicos","8":"product_cat-telefones","10":"first","11":"instock","12":"shipping-taxable","13":"purchasable","14":"product-type-simple"},"brands":[{"id":94,"name":"Panasonic","slug":"panasonic"}],"_links":{"self":[{"href":"https:\/\/lucasvasconcelos.com.br\/bumper\/wp-json\/wp\/v2\/product\/379","targetHints":{"allow":["GET"]}}],"collection":[{"href":"https:\/\/lucasvasconcelos.com.br\/bumper\/wp-json\/wp\/v2\/product"}],"about":[{"href":"https:\/\/lucasvasconcelos.com.br\/bumper\/wp-json\/wp\/v2\/types\/product"}],"replies":[{"embeddable":true,"href":"https:\/\/lucasvasconcelos.com.br\/bumper\/wp-json\/wp\/v2\/comments?post=379"}],"wp:featuredmedia":[{"embeddable":true,"href":"https:\/\/lucasvasconcelos.com.br\/bumper\/wp-json\/wp\/v2\/media\/460"}],"wp:attachment":[{"href":"https:\/\/lucasvasconcelos.com.br\/bumper\/wp-json\/wp\/v2\/media?parent=379"}],"wp:term":[{"taxonomy":"pwb-brand","embeddable":true,"href":"https:\/\/lucasvasconcelos.com.br\/bumper\/wp-json\/wp\/v2\/pwb-brand?post=379"},{"taxonomy":"product_brand","embeddable":true,"href":"https:\/\/lucasvasconcelos.com.br\/bumper\/wp-json\/wp\/v2\/product_brand?post=379"},{"taxonomy":"product_cat","embeddable":true,"href":"https:\/\/lucasvasconcelos.com.br\/bumper\/wp-json\/wp\/v2\/product_cat?post=379"},{"taxonomy":"product_tag","embeddable":true,"href":"https:\/\/lucasvasconcelos.com.br\/bumper\/wp-json\/wp\/v2\/product_tag?post=379"}],"curies":[{"name":"wp","href":"https:\/\/api.w.org\/{rel}","templated":true}]}}