{"id":381,"date":"2025-01-20T23:49:46","date_gmt":"2025-01-21T02:49:46","guid":{"rendered":"https:\/\/lucasvasconcelos.com.br\/bumper\/?post_type=product&#038;p=381"},"modified":"2025-01-20T23:51:23","modified_gmt":"2025-01-21T02:51:23","slug":"telefone-sem-fio-com-base-2-ramais-panasonic","status":"publish","type":"product","link":"https:\/\/lucasvasconcelos.com.br\/bumper\/produto\/telefone-sem-fio-com-base-2-ramais-panasonic\/","title":{"rendered":"Telefone Sem Fio Com Base + 2 Ramais Panasonic"},"content":{"rendered":"<p>Obtenha total tranquilidade e conveni\u00eancia com o Telefone Sem Fio Panasonic . Este dispositivo \u00e9 projetado para manter voc\u00ea conectado, mesmo em situa\u00e7\u00f5es adversas, gra\u00e7as ao seu recurso de opera\u00e7\u00e3o de falta de energia que permite que o telefone continue funcionando por at\u00e9 2 horas sem energia.<\/p>\n<p>Diga adeus \u00e0s chamadas indesejadas com o bloqueador de chamadas integrado, que permite que voc\u00ea bloqueie n\u00fameros espec\u00edficos para evitar interrup\u00e7\u00f5es indesejadas. Al\u00e9m disso, o modo eco com redu\u00e7\u00e3o de consumo garante uma efici\u00eancia energ\u00e9tica superior, reduzindo automaticamente o consumo de energia quando o monofone est\u00e1 pr\u00f3ximo \u00e0 base.<\/p>\n<p>Com o bot\u00e3o LED superior, voc\u00ea pode atender chamadas com praticidade, sem precisar remover o telefone da base. Basta pressionar o bot\u00e3o quando estiver piscando para atender a liga\u00e7\u00e3o rapidamente.<\/p>\n<p>\u00c9 importante notar que alguns recursos, como o bloqueador de chamadas e a identifica\u00e7\u00e3o de chamadas, podem exigir a assinatura de servi\u00e7os adicionais oferecidos por companhias de telefonia locais. No entanto, uma vez configurados, voc\u00ea ter\u00e1 total controle sobre quem pode contat\u00e1-lo e quando.<\/p>\n<p>Em resumo, o Telefone Sem Fio Panasonic oferece uma combina\u00e7\u00e3o perfeita de praticidade, efici\u00eancia e tranquilidade. N\u00e3o deixe de adquirir o seu e desfrutar de uma comunica\u00e7\u00e3o sem fio sem complica\u00e7\u00f5es!<\/p>\n","protected":false},"excerpt":{"rendered":"<p>Obtenha total tranquilidade e conveni\u00eancia com o Telefone Sem Fio Panasonic.<\/p>\n","protected":false},"featured_media":0,"comment_status":"open","ping_status":"closed","template":"","meta":[],"pwb-brand":[94],"product_brand":[],"product_cat":[81],"product_tag":[],"class_list":{"0":"post-381","1":"product","2":"type-product","3":"status-publish","5":"pwb-brand-panasonic","6":"product_cat-telefones","8":"first","9":"instock","10":"shipping-taxable","11":"purchasable","12":"product-type-simple"},"brands":[{"id":94,"name":"Panasonic","slug":"panasonic"}],"_links":{"self":[{"href":"https:\/\/lucasvasconcelos.com.br\/bumper\/wp-json\/wp\/v2\/product\/381","targetHints":{"allow":["GET"]}}],"collection":[{"href":"https:\/\/lucasvasconcelos.com.br\/bumper\/wp-json\/wp\/v2\/product"}],"about":[{"href":"https:\/\/lucasvasconcelos.com.br\/bumper\/wp-json\/wp\/v2\/types\/product"}],"replies":[{"embeddable":true,"href":"https:\/\/lucasvasconcelos.com.br\/bumper\/wp-json\/wp\/v2\/comments?post=381"}],"wp:attachment":[{"href":"https:\/\/lucasvasconcelos.com.br\/bumper\/wp-json\/wp\/v2\/media?parent=381"}],"wp:term":[{"taxonomy":"pwb-brand","embeddable":true,"href":"https:\/\/lucasvasconcelos.com.br\/bumper\/wp-json\/wp\/v2\/pwb-brand?post=381"},{"taxonomy":"product_brand","embeddable":true,"href":"https:\/\/lucasvasconcelos.com.br\/bumper\/wp-json\/wp\/v2\/product_brand?post=381"},{"taxonomy":"product_cat","embeddable":true,"href":"https:\/\/lucasvasconcelos.com.br\/bumper\/wp-json\/wp\/v2\/product_cat?post=381"},{"taxonomy":"product_tag","embeddable":true,"href":"https:\/\/lucasvasconcelos.com.br\/bumper\/wp-json\/wp\/v2\/product_tag?post=381"}],"curies":[{"name":"wp","href":"https:\/\/api.w.org\/{rel}","templated":true}]}}