{"id":592,"date":"2025-01-21T11:46:36","date_gmt":"2025-01-21T14:46:36","guid":{"rendered":"https:\/\/lucasvasconcelos.com.br\/bumper\/?post_type=product&#038;p=592"},"modified":"2025-01-21T11:47:25","modified_gmt":"2025-01-21T14:47:25","slug":"grampeador-pinador-eletrico-vonder-gpe-916-220v","status":"publish","type":"product","link":"https:\/\/lucasvasconcelos.com.br\/bumper\/produto\/grampeador-pinador-eletrico-vonder-gpe-916-220v\/","title":{"rendered":"Grampeador\/Pinador El\u00e9trico Vonder (GPE 916) &#8211; 220V"},"content":{"rendered":"<p><strong>Potencialize sua Efici\u00eancia com o Pinador El\u00e9trico Vonder GPE 916!<\/strong><\/p>\n<p>&nbsp;<\/p>\n<p>O Pinador El\u00e9trico Vonder GPE 916 \u00e9 a escolha ideal para otimizar os processos de fixa\u00e7\u00e3o, proporcionando agilidade e precis\u00e3o. Seu design inclui uma empunhadura com cobertura emborrachada, oferecendo conforto adicional ao operador. Al\u00e9m disso, possui um amortecedor de borracha que evita marcas indesejadas nas pe\u00e7as e um sistema de seguran\u00e7a inteligente, permitindo o acionamento apenas quando pressionado contra a pe\u00e7a. Isso evita disparos involunt\u00e1rios, proporcionando um ambiente de trabalho mais seguro. O bot\u00e3o de ajuste de profundidade permite uma adapta\u00e7\u00e3o f\u00e1cil conforme a necessidade do projeto.<\/p>\n<p>&nbsp;<\/p>\n<p><strong>Principais Caracter\u00edsticas:<\/strong><\/p>\n<ul>\n<li><strong>Modelo:<\/strong> GPE 916<\/li>\n<li><strong>Tens\u00e3o (V):<\/strong> 127 V~<\/li>\n<li><strong>Frequ\u00eancia:<\/strong> 60 Hz<\/li>\n<li><strong>Tipo e Tamanho de Pino Indicado:<\/strong> Tipo &#8220;F&#8221; de 15 mm, 20 mm e 25 mm<\/li>\n<li><strong>Largura do Grampo Indicado:<\/strong> 5,7 mm<\/li>\n<li><strong>Altura do Grampo Indicado:<\/strong> 16 mm e 19 mm<\/li>\n<li><strong>Espessura do Grampo Indicado:<\/strong> 1,0 mm<\/li>\n<li><strong>Espessura do Pino:<\/strong> 1,00 mm<\/li>\n<li><strong>Capacidade Aproximada de Grampos\/Pinos:<\/strong> 100 grampos \/ 100 pinos<\/li>\n<li><strong>\u00cdndice de Prote\u00e7\u00e3o (IP):<\/strong> IP20<\/li>\n<li><strong>Normas de Seguran\u00e7a:<\/strong> IEC 60745-1 e IEC 60745-2-16<\/li>\n<li><strong>Massa Aproximada (Peso):<\/strong> 1,6 kg<\/li>\n<\/ul>\n<p>&nbsp;<\/p>\n<p>Indicado para uma variedade de aplica\u00e7\u00f5es, como estofarias, marcenarias, artesanato, e trabalhos em madeiras macias, o Pinador El\u00e9trico Vonder GPE 916 \u00e9 uma ferramenta essencial para quem busca efici\u00eancia e precis\u00e3o nos projetos. Conquiste resultados profissionais com essa poderosa ferramenta!<\/p>\n","protected":false},"excerpt":{"rendered":"<p>Indicado para uma variedade de aplica\u00e7\u00f5es, como estofarias, marcenarias, artesanato, e trabalhos em madeiras macias.<\/p>\n","protected":false},"featured_media":651,"comment_status":"open","ping_status":"closed","template":"","meta":[],"pwb-brand":[],"product_brand":[],"product_cat":[115,116,21,117],"product_tag":[],"class_list":{"0":"post-592","1":"product","2":"type-product","3":"status-publish","4":"has-post-thumbnail","6":"product_cat-ferramentas","7":"product_cat-ferramentas-eletricas","8":"product_cat-para-cozinha","9":"product_cat-perfuracao","11":"first","12":"instock","13":"shipping-taxable","14":"purchasable","15":"product-type-simple"},"brands":[],"_links":{"self":[{"href":"https:\/\/lucasvasconcelos.com.br\/bumper\/wp-json\/wp\/v2\/product\/592","targetHints":{"allow":["GET"]}}],"collection":[{"href":"https:\/\/lucasvasconcelos.com.br\/bumper\/wp-json\/wp\/v2\/product"}],"about":[{"href":"https:\/\/lucasvasconcelos.com.br\/bumper\/wp-json\/wp\/v2\/types\/product"}],"replies":[{"embeddable":true,"href":"https:\/\/lucasvasconcelos.com.br\/bumper\/wp-json\/wp\/v2\/comments?post=592"}],"wp:featuredmedia":[{"embeddable":true,"href":"https:\/\/lucasvasconcelos.com.br\/bumper\/wp-json\/wp\/v2\/media\/651"}],"wp:attachment":[{"href":"https:\/\/lucasvasconcelos.com.br\/bumper\/wp-json\/wp\/v2\/media?parent=592"}],"wp:term":[{"taxonomy":"pwb-brand","embeddable":true,"href":"https:\/\/lucasvasconcelos.com.br\/bumper\/wp-json\/wp\/v2\/pwb-brand?post=592"},{"taxonomy":"product_brand","embeddable":true,"href":"https:\/\/lucasvasconcelos.com.br\/bumper\/wp-json\/wp\/v2\/product_brand?post=592"},{"taxonomy":"product_cat","embeddable":true,"href":"https:\/\/lucasvasconcelos.com.br\/bumper\/wp-json\/wp\/v2\/product_cat?post=592"},{"taxonomy":"product_tag","embeddable":true,"href":"https:\/\/lucasvasconcelos.com.br\/bumper\/wp-json\/wp\/v2\/product_tag?post=592"}],"curies":[{"name":"wp","href":"https:\/\/api.w.org\/{rel}","templated":true}]}}