{"id":593,"date":"2025-01-21T11:46:36","date_gmt":"2025-01-21T14:46:36","guid":{"rendered":"https:\/\/lucasvasconcelos.com.br\/bumper\/?post_type=product&#038;p=593"},"modified":"2025-01-21T11:47:30","modified_gmt":"2025-01-21T14:47:30","slug":"maquina-para-assentar-piso-a-bateria-com-ventosa-vonder-map-120-bivolt","status":"publish","type":"product","link":"https:\/\/lucasvasconcelos.com.br\/bumper\/produto\/maquina-para-assentar-piso-a-bateria-com-ventosa-vonder-map-120-bivolt\/","title":{"rendered":"M\u00e1quina para assentar piso a bateria, com ventosa Vonder (MAP 120) &#8211; Bivolt"},"content":{"rendered":"<div class=\"flex-1 overflow-hidden\">\n<div class=\"react-scroll-to-bottom--css-bwnnq-79elbk h-full\">\n<div class=\"react-scroll-to-bottom--css-bwnnq-1n7m0yu\">\n<div class=\"flex flex-col pb-9 text-sm\">\n<div class=\"w-full text-token-text-primary\" data-testid=\"conversation-turn-151\">\n<div class=\"px-4 py-2 justify-center text-base md:gap-6 m-auto\">\n<div class=\"flex flex-1 text-base mx-auto gap-3 md:px-5 lg:px-1 xl:px-5 md:max-w-3xl lg:max-w-[40rem] xl:max-w-[48rem] group final-completion\">\n<div class=\"relative flex w-full flex-col lg:w-[calc(100%-115px)] agent-turn\">\n<div class=\"flex-col gap-1 md:gap-3\">\n<div class=\"flex flex-grow flex-col max-w-full\">\n<div class=\"min-h-[20px] text-message flex flex-col items-start gap-3 whitespace-pre-wrap break-words [.text-message+&amp;]:mt-5 overflow-x-auto\" data-message-author-role=\"assistant\" data-message-id=\"298ffe02-d6c2-471b-9d4e-ba127d4eb013\">\n<div class=\"markdown prose w-full break-words dark:prose-invert light\">\n<p><strong>Experi\u00eancia Eficiente com a M\u00e1quina para Assentar Piso a Bateria VONDER (MAP 120) &#8211; Bivolt<\/strong><\/p>\n<p>&nbsp;<\/p>\n<p>A M\u00e1quina para Assentar Piso a Bateria VONDER MAP 120 \u00e9 a solu\u00e7\u00e3o completa para facilitar a instala\u00e7\u00e3o de pisos com praticidade e efici\u00eancia. Acompanhada por uma maleta pl\u00e1stica para transporte seguro, uma bateria de 12V e uma fonte bivolt autom\u00e1tica, essa ferramenta oferece versatilidade e desempenho excepcionais.<\/p>\n<p>&nbsp;<\/p>\n<p><strong>Principais Caracter\u00edsticas:<\/strong><\/p>\n<ul>\n<li><strong>Modelo:<\/strong> MAP 120<\/li>\n<li><strong>Pot\u00eancia do Motor:<\/strong> 120W<\/li>\n<li><strong>Tipo de Bateria:<\/strong> \u00cdons de L\u00edtio 12V &#8211; 2,2 Ah<\/li>\n<li><strong>Di\u00e2metro da Ventosa:<\/strong> 120mm<\/li>\n<li><strong>Capacidade de Carga:<\/strong> 30 kgf<\/li>\n<li><strong>N\u00famero de Vibra\u00e7\u00f5es por Minuto (vpm):<\/strong>\n<ul>\n<li>1\u00b0 n\u00edvel: 2.200\/min<\/li>\n<li>2\u00b0 n\u00edvel: 5.520\/min<\/li>\n<li>3\u00b0 n\u00edvel: 6.920\/min<\/li>\n<li>4\u00b0 n\u00edvel: 8.250\/min<\/li>\n<li>5\u00b0 n\u00edvel: 9.300\/min<\/li>\n<\/ul>\n<\/li>\n<li><strong>Tens\u00e3o de Sa\u00edda da Fonte:<\/strong> 12V DC<\/li>\n<li><strong>Tens\u00e3o de Entrada da Fonte:<\/strong> 100 V~ &#8211; 240 V~ &#8211; Bivolt Autom\u00e1tico<\/li>\n<li><strong>Tempo de Carregamento:<\/strong> 2 horas<\/li>\n<li><strong>Dimens\u00f5es:<\/strong> 320mm x 120mm x 130mm<\/li>\n<li><strong>N\u00edvel de Ru\u00eddo:<\/strong>\n<ul>\n<li>Sem Carga: 60dB(A)<\/li>\n<li>Com Carga: 70dB(A)<\/li>\n<\/ul>\n<\/li>\n<li><strong>Acelera\u00e7\u00e3o Transmitida nas M\u00e3os &#8211; Bra\u00e7os do Operador &#8211; ah:<\/strong>\n<ul>\n<li>1\u00b0 n\u00edvel: 3 m\/s\u00b2<\/li>\n<li>2\u00b0 n\u00edvel: 45 m\/s\u00b2<\/li>\n<li>3\u00b0 n\u00edvel: 55 m\/s\u00b2<\/li>\n<li>4\u00b0 n\u00edvel: 70 m\/s\u00b2<\/li>\n<li>5\u00b0 n\u00edvel: 150 m\/s\u00b2<\/li>\n<\/ul>\n<\/li>\n<li><strong>Incerteza da Acelera\u00e7\u00e3o Transmitida nas M\u00e3os &#8211; Bra\u00e7os do Operador &#8211; k:<\/strong> 1,5 m\/s\u00b2<\/li>\n<\/ul>\n<p>&nbsp;<\/p>\n<p>Equipada com uma ventosa eficaz e sistema de suc\u00e7\u00e3o de alta pot\u00eancia, esta m\u00e1quina oferece 5 n\u00edveis de regulagem de vibra\u00e7\u00e3o, proporcionando controle preciso conforme a aplica\u00e7\u00e3o. Ideal para assentar porcelanatos e pisos em geral, garantindo resultados excepcionais em superf\u00edcies lisas de at\u00e9 70 cm x 70 cm.<\/p>\n<p>&nbsp;<\/p>\n<p>Eleve o padr\u00e3o de sua experi\u00eancia em instala\u00e7\u00e3o de pisos com a M<strong>\u00e1quina para Assentar Piso a Bateria VONDER MAP 120<\/strong>. Pot\u00eancia, controle e efici\u00eancia reunidos para tornar seu trabalho mais pr\u00e1tico e preciso.<\/p>\n<\/div>\n<\/div>\n<\/div>\n<\/div>\n<\/div>\n<\/div>\n<\/div>\n<\/div>\n<\/div>\n<\/div>\n<\/div>\n<\/div>\n","protected":false},"excerpt":{"rendered":"<p>Ideal para assentar porcelanatos e pisos em geral, garantindo resultados excepcionais em superf\u00edcies lisas de at\u00e9 70 cm x 70 cm.<\/p>\n","protected":false},"featured_media":656,"comment_status":"open","ping_status":"closed","template":"","meta":[],"pwb-brand":[],"product_brand":[],"product_cat":[115,116,118,21],"product_tag":[],"class_list":{"0":"post-593","1":"product","2":"type-product","3":"status-publish","4":"has-post-thumbnail","6":"product_cat-ferramentas","7":"product_cat-ferramentas-eletricas","8":"product_cat-maquina-para-assentar-piso","9":"product_cat-para-cozinha","11":"first","12":"instock","13":"shipping-taxable","14":"purchasable","15":"product-type-simple"},"brands":[],"_links":{"self":[{"href":"https:\/\/lucasvasconcelos.com.br\/bumper\/wp-json\/wp\/v2\/product\/593","targetHints":{"allow":["GET"]}}],"collection":[{"href":"https:\/\/lucasvasconcelos.com.br\/bumper\/wp-json\/wp\/v2\/product"}],"about":[{"href":"https:\/\/lucasvasconcelos.com.br\/bumper\/wp-json\/wp\/v2\/types\/product"}],"replies":[{"embeddable":true,"href":"https:\/\/lucasvasconcelos.com.br\/bumper\/wp-json\/wp\/v2\/comments?post=593"}],"wp:featuredmedia":[{"embeddable":true,"href":"https:\/\/lucasvasconcelos.com.br\/bumper\/wp-json\/wp\/v2\/media\/656"}],"wp:attachment":[{"href":"https:\/\/lucasvasconcelos.com.br\/bumper\/wp-json\/wp\/v2\/media?parent=593"}],"wp:term":[{"taxonomy":"pwb-brand","embeddable":true,"href":"https:\/\/lucasvasconcelos.com.br\/bumper\/wp-json\/wp\/v2\/pwb-brand?post=593"},{"taxonomy":"product_brand","embeddable":true,"href":"https:\/\/lucasvasconcelos.com.br\/bumper\/wp-json\/wp\/v2\/product_brand?post=593"},{"taxonomy":"product_cat","embeddable":true,"href":"https:\/\/lucasvasconcelos.com.br\/bumper\/wp-json\/wp\/v2\/product_cat?post=593"},{"taxonomy":"product_tag","embeddable":true,"href":"https:\/\/lucasvasconcelos.com.br\/bumper\/wp-json\/wp\/v2\/product_tag?post=593"}],"curies":[{"name":"wp","href":"https:\/\/api.w.org\/{rel}","templated":true}]}}