{"id":594,"date":"2025-01-21T11:46:36","date_gmt":"2025-01-21T14:46:36","guid":{"rendered":"https:\/\/lucasvasconcelos.com.br\/bumper\/?post_type=product&#038;p=594"},"modified":"2025-01-21T11:47:38","modified_gmt":"2025-01-21T14:47:38","slug":"filtro-refil-de-agua-para-purificador-electrolux-pa10n-pa20g-pa25g-pa30g-pa40g","status":"publish","type":"product","link":"https:\/\/lucasvasconcelos.com.br\/bumper\/produto\/filtro-refil-de-agua-para-purificador-electrolux-pa10n-pa20g-pa25g-pa30g-pa40g\/","title":{"rendered":"Filtro\/Refil de \u00c1gua para Purificador Electrolux &#8211; PA10N, PA20G, PA25G, PA30G, PA40G"},"content":{"rendered":"<p>O Refil Original da Electrolux assegura a pureza da \u00e1gua, preservando a sua sa\u00fade. Equipado com uma tecnologia de filtragem avan\u00e7ada, devidamente aprovada por todos os crit\u00e9rios do Inmetro, o refil demonstra efic\u00e1cia comprovada na reten\u00e7\u00e3o de part\u00edculas, controle microbiol\u00f3gico e redu\u00e7\u00e3o do cloro livre.<\/p>\n<p>&nbsp;<\/p>\n<p>Com um poder de purifica\u00e7\u00e3o e controle microbiol\u00f3gico significativo, o Carv\u00e3o Ativado com \u00cdons de Prata atua na redu\u00e7\u00e3o do excesso de cloro livre, inibindo o desenvolvimento de bact\u00e9rias e outros microrganismos, al\u00e9m de minimizar odores e sabores indesejados.<\/p>\n<p>&nbsp;<\/p>\n<p>A barreira de Polipropileno Meltblown presente no refil proporciona uma maior capacidade de reten\u00e7\u00e3o de contaminantes, reduzindo diversos tipos de part\u00edculas s\u00f3lidas e aprimorando ainda mais a qualidade da \u00e1gua.<\/p>\n<p>&nbsp;<\/p>\n<p>Testado e aprovado de acordo com a ABNT NBR:16098:2012 e a portaria 394\/2014 do Inmetro, o refil Original Electrolux passa por rigorosos padr\u00f5es de qualidade, garantindo efici\u00eancia na reten\u00e7\u00e3o de part\u00edculas, redu\u00e7\u00e3o do excesso de cloro livre e controle microbiol\u00f3gico.<\/p>\n<p>&nbsp;<\/p>\n<p>A vida \u00fatil recomendada para o refil \u00e9 a troca a cada 2.500 litros ou a cada 6 meses, o que ocorrer primeiro. \u00c9 fundamental observar as orienta\u00e7\u00f5es e evitar o uso de refis compat\u00edveis, que n\u00e3o s\u00e3o testados e aprovados pela Electrolux, podendo comprometer a qualidade da \u00e1gua, a durabilidade e o desempenho do seu Purificador Electrolux. Certifique-se sempre de verificar o c\u00f3digo, modelo aplicado e compatibilidade do refil.<\/p>\n<p>&nbsp;<\/p>\n<p>Compat\u00edvel com os modelos PA10N, PA20G, PA25G, PA30G e PA40G, o <strong>Refil Original Electrolux<\/strong> proporciona um funcionamento confi\u00e1vel e eficiente para seu purificador.<\/p>\n","protected":false},"excerpt":{"rendered":"<p>Compat\u00edvel com os modelos de purificadores Elextrolux: PA10N, PA20G, PA25G, PA30G e PA40G.<\/p>\n","protected":false},"featured_media":668,"comment_status":"open","ping_status":"closed","template":"","meta":[],"pwb-brand":[],"product_brand":[],"product_cat":[120,39],"product_tag":[45],"class_list":{"0":"post-594","1":"product","2":"type-product","3":"status-publish","4":"has-post-thumbnail","6":"product_cat-filtro-para-purificadores","7":"product_cat-pecas-e-acessorios","8":"product_tag-em-alta","10":"first","11":"instock","12":"shipping-taxable","13":"purchasable","14":"product-type-simple"},"brands":[],"_links":{"self":[{"href":"https:\/\/lucasvasconcelos.com.br\/bumper\/wp-json\/wp\/v2\/product\/594","targetHints":{"allow":["GET"]}}],"collection":[{"href":"https:\/\/lucasvasconcelos.com.br\/bumper\/wp-json\/wp\/v2\/product"}],"about":[{"href":"https:\/\/lucasvasconcelos.com.br\/bumper\/wp-json\/wp\/v2\/types\/product"}],"replies":[{"embeddable":true,"href":"https:\/\/lucasvasconcelos.com.br\/bumper\/wp-json\/wp\/v2\/comments?post=594"}],"wp:featuredmedia":[{"embeddable":true,"href":"https:\/\/lucasvasconcelos.com.br\/bumper\/wp-json\/wp\/v2\/media\/668"}],"wp:attachment":[{"href":"https:\/\/lucasvasconcelos.com.br\/bumper\/wp-json\/wp\/v2\/media?parent=594"}],"wp:term":[{"taxonomy":"pwb-brand","embeddable":true,"href":"https:\/\/lucasvasconcelos.com.br\/bumper\/wp-json\/wp\/v2\/pwb-brand?post=594"},{"taxonomy":"product_brand","embeddable":true,"href":"https:\/\/lucasvasconcelos.com.br\/bumper\/wp-json\/wp\/v2\/product_brand?post=594"},{"taxonomy":"product_cat","embeddable":true,"href":"https:\/\/lucasvasconcelos.com.br\/bumper\/wp-json\/wp\/v2\/product_cat?post=594"},{"taxonomy":"product_tag","embeddable":true,"href":"https:\/\/lucasvasconcelos.com.br\/bumper\/wp-json\/wp\/v2\/product_tag?post=594"}],"curies":[{"name":"wp","href":"https:\/\/api.w.org\/{rel}","templated":true}]}}