{"id":597,"date":"2025-01-21T11:46:36","date_gmt":"2025-01-21T14:46:36","guid":{"rendered":"https:\/\/lucasvasconcelos.com.br\/bumper\/?post_type=product&#038;p=597"},"modified":"2025-01-21T11:48:08","modified_gmt":"2025-01-21T14:48:08","slug":"lavadora-de-alta-pressao-electrolux-1800-psi-power-wash-eco-ews30-127v","status":"publish","type":"product","link":"https:\/\/lucasvasconcelos.com.br\/bumper\/produto\/lavadora-de-alta-pressao-electrolux-1800-psi-power-wash-eco-ews30-127v\/","title":{"rendered":"Lavadora de Alta Press\u00e3o Electrolux 1800 PSI Power Wash Eco (EWS30) &#8211; 127V"},"content":{"rendered":"<h2 data-sourcepos=\"1:1-1:88\"><strong>Lavadora de Alta Press\u00e3o Electrolux Power Wash Eco: Limpeza Eficiente e Econ\u00f4mica<\/strong><\/h2>\n<p>&nbsp;<\/p>\n<p data-sourcepos=\"3:1-3:246\">Transforme a limpeza da sua casa com a<strong> Lavadora de Alta Press\u00e3o Electrolux Power Wash Eco!<\/strong> Potente e econ\u00f4mica, ela oferece a solu\u00e7\u00e3o ideal para <strong>remover a sujeira mais dif\u00edcil<\/strong> de forma r\u00e1pida e pr\u00e1tica, com <strong>economia de \u00e1gua e energia<\/strong>.<\/p>\n<p data-sourcepos=\"3:1-3:246\">\n<p data-sourcepos=\"5:1-5:37\"><strong>Desfrute de benef\u00edcios incr\u00edveis:<\/strong><\/p>\n<p data-sourcepos=\"7:1-7:119\"><strong>Pot\u00eancia imbat\u00edvel:<\/strong> 1450W de pot\u00eancia garantem um <strong>funcionamento impec\u00e1vel<\/strong> e resultados excepcionais na limpeza.<\/p>\n<p data-sourcepos=\"9:1-9:122\"><strong>Press\u00e3o ideal:<\/strong> 1800 psi de press\u00e3o proporcionam a <strong>limpeza completa<\/strong> sem desperd\u00edcios, otimizando o uso de recursos.<\/p>\n<p data-sourcepos=\"11:1-11:162\"><strong>Economia de \u00e1gua:<\/strong> A vaz\u00e3o de 300 l\/h representa uma <strong>economia de 80%<\/strong> em compara\u00e7\u00e3o com uma mangueira comum, <strong>reduzindo significativamente o seu consumo<\/strong>.<\/p>\n<p data-sourcepos=\"13:1-13:28\">\n<p data-sourcepos=\"13:1-13:28\"><strong>Pr\u00e1tica e f\u00e1cil de usar:<\/strong><\/p>\n<ul data-sourcepos=\"15:1-17:0\">\n<li data-sourcepos=\"15:1-15:68\">Suporte para cabo el\u00e9trico e mangueira\u00a0<strong>mant\u00e9m tudo organizado<\/strong>.<\/li>\n<li data-sourcepos=\"16:1-17:0\">Rodas e al\u00e7a para transporte facilitam a\u00a0<strong>locomo\u00e7\u00e3o e o armazenamento<\/strong>.<\/li>\n<\/ul>\n<p data-sourcepos=\"18:1-18:26\">\n<p data-sourcepos=\"18:1-18:26\"><strong>Qualidade e seguran\u00e7a:<\/strong><\/p>\n<ul data-sourcepos=\"20:1-23:0\">\n<li data-sourcepos=\"20:1-20:56\">Fabricada no Brasil com\u00a0<strong>garantia e alta qualidade<\/strong>.<\/li>\n<li data-sourcepos=\"21:1-21:77\">Possui\u00a0<strong>rede de assist\u00eancias t\u00e9cnicas<\/strong>\u00a0em todo o pa\u00eds para o seu suporte.<\/li>\n<li data-sourcepos=\"22:1-23:0\">Protetor t\u00e9rmico desliga automaticamente o aparelho em caso de superaquecimento, garantindo\u00a0<strong>maior seguran\u00e7a<\/strong>.<\/li>\n<\/ul>\n<p data-sourcepos=\"24:1-24:25\">\n<p data-sourcepos=\"24:1-24:25\"><strong>Tecnologia inovadora:<\/strong><\/p>\n<ul data-sourcepos=\"26:1-28:0\">\n<li data-sourcepos=\"26:1-26:148\">Sistema &#8220;Stop Total&#8221; interrompe o fluxo de \u00e1gua e o motor ao desacionar o gatilho,\u00a0<strong>economizando energia e prolongando a vida \u00fatil do aparelho<\/strong>.<\/li>\n<li data-sourcepos=\"27:1-28:0\">Nova Motobomba garante\u00a0<strong>maior efici\u00eancia, durabilidade e economia de energia<\/strong>.<\/li>\n<\/ul>\n<p data-sourcepos=\"29:1-29:43\">\n<p data-sourcepos=\"29:1-29:43\"><strong>Versatilidade para diversas aplica\u00e7\u00f5es:<\/strong><\/p>\n<ul data-sourcepos=\"31:1-33:0\">\n<li data-sourcepos=\"31:1-31:120\">Bico Vario permite ajustar o jato de \u00e1gua em formato concentrado ou leque, ideal para\u00a0<strong>diferentes tipos de limpeza<\/strong>.<\/li>\n<li data-sourcepos=\"32:1-33:0\">Acompanha agulha de limpeza para\u00a0<strong>desobstruir o bico<\/strong>.<\/li>\n<\/ul>\n<p data-sourcepos=\"34:1-34:72\">\n<p data-sourcepos=\"34:1-34:72\"><strong>Com a Lavadora de Alta Press\u00e3o Electrolux Power Wash Eco, voc\u00ea ter\u00e1:<\/strong><\/p>\n<ul data-sourcepos=\"36:1-42:0\">\n<li data-sourcepos=\"36:1-36:34\">Limpeza profunda e eficiente<\/li>\n<li data-sourcepos=\"37:1-37:32\">Economia de \u00e1gua e energia<\/li>\n<li data-sourcepos=\"38:1-38:37\">Praticidade e facilidade de uso<\/li>\n<li data-sourcepos=\"39:1-39:27\">Qualidade e seguran\u00e7a<\/li>\n<li data-sourcepos=\"40:1-40:26\">Tecnologia inovadora<\/li>\n<li data-sourcepos=\"41:1-42:0\">Versatilidade para diversas aplica\u00e7\u00f5es<\/li>\n<\/ul>\n<p>&nbsp;<\/p>\n<p>A<strong> Lavadora de Alta Press\u00e3o Electrolux Power Wash Eco <\/strong>\u00e9 a melhor solu\u00e7\u00e3o em limpeza de alta press\u00e3o!<\/p>\n","protected":false},"excerpt":{"rendered":"<p>Potente e econ\u00f4mica, ela oferece a solu\u00e7\u00e3o ideal para remover a sujeira mais dif\u00edcil de forma r\u00e1pida e pr\u00e1tica, com economia de \u00e1gua e energia.<\/p>\n","protected":false},"featured_media":689,"comment_status":"open","ping_status":"closed","template":"","meta":[],"pwb-brand":[],"product_brand":[],"product_cat":[20,121,122],"product_tag":[],"class_list":{"0":"post-597","1":"product","2":"type-product","3":"status-publish","4":"has-post-thumbnail","6":"product_cat-eletroportateis","7":"product_cat-lavadora-de-alta-pressao","8":"product_cat-para-casa","10":"first","11":"instock","12":"shipping-taxable","13":"purchasable","14":"product-type-simple"},"brands":[],"_links":{"self":[{"href":"https:\/\/lucasvasconcelos.com.br\/bumper\/wp-json\/wp\/v2\/product\/597","targetHints":{"allow":["GET"]}}],"collection":[{"href":"https:\/\/lucasvasconcelos.com.br\/bumper\/wp-json\/wp\/v2\/product"}],"about":[{"href":"https:\/\/lucasvasconcelos.com.br\/bumper\/wp-json\/wp\/v2\/types\/product"}],"replies":[{"embeddable":true,"href":"https:\/\/lucasvasconcelos.com.br\/bumper\/wp-json\/wp\/v2\/comments?post=597"}],"wp:featuredmedia":[{"embeddable":true,"href":"https:\/\/lucasvasconcelos.com.br\/bumper\/wp-json\/wp\/v2\/media\/689"}],"wp:attachment":[{"href":"https:\/\/lucasvasconcelos.com.br\/bumper\/wp-json\/wp\/v2\/media?parent=597"}],"wp:term":[{"taxonomy":"pwb-brand","embeddable":true,"href":"https:\/\/lucasvasconcelos.com.br\/bumper\/wp-json\/wp\/v2\/pwb-brand?post=597"},{"taxonomy":"product_brand","embeddable":true,"href":"https:\/\/lucasvasconcelos.com.br\/bumper\/wp-json\/wp\/v2\/product_brand?post=597"},{"taxonomy":"product_cat","embeddable":true,"href":"https:\/\/lucasvasconcelos.com.br\/bumper\/wp-json\/wp\/v2\/product_cat?post=597"},{"taxonomy":"product_tag","embeddable":true,"href":"https:\/\/lucasvasconcelos.com.br\/bumper\/wp-json\/wp\/v2\/product_tag?post=597"}],"curies":[{"name":"wp","href":"https:\/\/api.w.org\/{rel}","templated":true}]}}