{"id":603,"date":"2025-01-21T11:46:37","date_gmt":"2025-01-21T14:46:37","guid":{"rendered":"https:\/\/lucasvasconcelos.com.br\/bumper\/?post_type=product&#038;p=603"},"modified":"2025-01-21T11:49:30","modified_gmt":"2025-01-21T14:49:30","slug":"filtro-refil-de-agua-c3-para-purificador-ibbl","status":"publish","type":"product","link":"https:\/\/lucasvasconcelos.com.br\/bumper\/produto\/filtro-refil-de-agua-c3-para-purificador-ibbl\/","title":{"rendered":"Filtro\/Refil de \u00c1gua C+3 para Purificador IBBL"},"content":{"rendered":"<h2 class=\"\" data-sourcepos=\"1:1-1:69\">Filtro\/Refil de \u00c1gua C+3: \u00c1gua Pura e Saud\u00e1vel para Toda a Fam\u00edlia<\/h2>\n<p data-sourcepos=\"3:1-3:36\">\n<p data-sourcepos=\"3:1-3:36\">Desfrute de \u00e1gua pura e cristalina com o Filtro\/Refil de \u00c1gua C+3!<\/p>\n<p data-sourcepos=\"5:1-5:28\">\n<p data-sourcepos=\"5:1-5:28\"><strong>Tripla Filtra\u00e7\u00e3o Eficaz:<\/strong><\/p>\n<ul data-sourcepos=\"7:1-7:27\">\n<li data-sourcepos=\"7:1-7:27\">Ret\u00e9m part\u00edculas de barro,\u00a0ferrugem e sedimentos,\u00a0garantindo \u00e1gua limpa e livre de impurezas.<\/li>\n<li data-sourcepos=\"8:1-8:50\">Reduz o cloro,\u00a0eliminando sabores e odores indesej\u00e1veis,\u00a0proporcionando \u00e1gua com sabor natural.<\/li>\n<li data-sourcepos=\"9:1-10:0\">Elimina bact\u00e9rias,\u00a0protegendo sua sa\u00fade e a de sua fam\u00edlia.<\/li>\n<\/ul>\n<p data-sourcepos=\"11:1-11:12\"><strong>Economia e Durabilidade:<\/strong><\/p>\n<ul data-sourcepos=\"13:1-15:0\">\n<li data-sourcepos=\"13:1-13:84\">Vida \u00fatil de at\u00e9 3.000 litros ou 6 meses,\u00a0proporcionando \u00e1gua pura por mais tempo.<\/li>\n<li data-sourcepos=\"14:1-15:0\">Excelente custo-benef\u00edcio,\u00a0ideal para quem busca qualidade e economia.<\/li>\n<\/ul>\n<p data-sourcepos=\"16:1-16:29\"><strong>F\u00e1cil Troca e Instala\u00e7\u00e3o:<\/strong><\/p>\n<ul data-sourcepos=\"18:1-20:0\">\n<li data-sourcepos=\"18:1-18:100\">Sistema Girou Trocou garante uma troca r\u00e1pida e pr\u00e1tica do filtro,\u00a0sem necessidade de ferramentas.<\/li>\n<li data-sourcepos=\"19:1-20:0\">Instala\u00e7\u00e3o simples e r\u00e1pida,\u00a0que pode ser feita pelo pr\u00f3prio usu\u00e1rio,\u00a0sem a necessidade de um t\u00e9cnico.<\/li>\n<\/ul>\n<p data-sourcepos=\"21:1-21:38\"><strong>Compat\u00edvel com Purificadores IBBL:<\/strong><\/p>\n<ul data-sourcepos=\"23:1-23:72\">\n<li data-sourcepos=\"23:1-23:72\">Pode ser usado em todos os purificadores refrigerados IBBL,\u00a0oferecendo versatilidade e praticidade.<\/li>\n<\/ul>\n<p data-sourcepos=\"25:1-25:27\"><strong>Filtros Originais IBBL:<\/strong><\/p>\n<ul data-sourcepos=\"27:1-29:0\">\n<li data-sourcepos=\"27:1-27:105\">Desenvolvidos com a mais alta qualidade e tecnologia,\u00a0para garantir a sua seguran\u00e7a e a de sua fam\u00edlia.<\/li>\n<li data-sourcepos=\"28:1-29:0\">Lacrados para garantir a pureza da \u00e1gua e evitar contamina\u00e7\u00f5es.<\/li>\n<\/ul>\n<p data-sourcepos=\"30:1-30:22\"><strong>Sa\u00fade e Bem-Estar:<\/strong><\/p>\n<ul data-sourcepos=\"32:1-34:0\">\n<li data-sourcepos=\"32:1-32:89\">Consumir \u00e1gua pura e filtrada \u00e9 essencial para a sa\u00fade e o bem-estar de toda a fam\u00edlia.<\/li>\n<li data-sourcepos=\"33:1-34:0\">O Filtro\/Refil de \u00c1gua C+3 ajuda a prevenir doen\u00e7as e manter o corpo hidratado.<\/li>\n<\/ul>\n<p>&nbsp;<\/p>\n","protected":false},"excerpt":{"rendered":"<div class=\"tfcusf-culligan-theme-2-x-content h-auto\">\n<p>Compat\u00edvel com todos os purificadores refrigerados IBBL.<\/p>\n<\/div>\n<div class=\"absolute bottom-0 w-100 h-100 flex-column justify-end flex\"><\/div>\n","protected":false},"featured_media":737,"comment_status":"open","ping_status":"closed","template":"","meta":[],"pwb-brand":[],"product_brand":[],"product_cat":[120,39],"product_tag":[62],"class_list":{"0":"post-603","1":"product","2":"type-product","3":"status-publish","4":"has-post-thumbnail","6":"product_cat-filtro-para-purificadores","7":"product_cat-pecas-e-acessorios","8":"product_tag-mais-procurados","10":"first","11":"instock","12":"shipping-taxable","13":"purchasable","14":"product-type-simple"},"brands":[],"_links":{"self":[{"href":"https:\/\/lucasvasconcelos.com.br\/bumper\/wp-json\/wp\/v2\/product\/603","targetHints":{"allow":["GET"]}}],"collection":[{"href":"https:\/\/lucasvasconcelos.com.br\/bumper\/wp-json\/wp\/v2\/product"}],"about":[{"href":"https:\/\/lucasvasconcelos.com.br\/bumper\/wp-json\/wp\/v2\/types\/product"}],"replies":[{"embeddable":true,"href":"https:\/\/lucasvasconcelos.com.br\/bumper\/wp-json\/wp\/v2\/comments?post=603"}],"wp:featuredmedia":[{"embeddable":true,"href":"https:\/\/lucasvasconcelos.com.br\/bumper\/wp-json\/wp\/v2\/media\/737"}],"wp:attachment":[{"href":"https:\/\/lucasvasconcelos.com.br\/bumper\/wp-json\/wp\/v2\/media?parent=603"}],"wp:term":[{"taxonomy":"pwb-brand","embeddable":true,"href":"https:\/\/lucasvasconcelos.com.br\/bumper\/wp-json\/wp\/v2\/pwb-brand?post=603"},{"taxonomy":"product_brand","embeddable":true,"href":"https:\/\/lucasvasconcelos.com.br\/bumper\/wp-json\/wp\/v2\/product_brand?post=603"},{"taxonomy":"product_cat","embeddable":true,"href":"https:\/\/lucasvasconcelos.com.br\/bumper\/wp-json\/wp\/v2\/product_cat?post=603"},{"taxonomy":"product_tag","embeddable":true,"href":"https:\/\/lucasvasconcelos.com.br\/bumper\/wp-json\/wp\/v2\/product_tag?post=603"}],"curies":[{"name":"wp","href":"https:\/\/api.w.org\/{rel}","templated":true}]}}