{"id":605,"date":"2025-01-21T11:46:37","date_gmt":"2025-01-21T14:46:37","guid":{"rendered":"https:\/\/lucasvasconcelos.com.br\/bumper\/?post_type=product&#038;p=605"},"modified":"2025-01-21T11:49:34","modified_gmt":"2025-01-21T14:49:34","slug":"filtro-refil-de-agua-balance-equilibrium-para-purificador-ibbl","status":"publish","type":"product","link":"https:\/\/lucasvasconcelos.com.br\/bumper\/produto\/filtro-refil-de-agua-balance-equilibrium-para-purificador-ibbl\/","title":{"rendered":"Filtro\/Refil de \u00c1gua Balance Equilibrium para purificador IBBL"},"content":{"rendered":"<h2 class=\"\" data-sourcepos=\"1:1-1:83\">Filtro\/Refil de \u00c1gua Balance Equilibrium: \u00c1gua Pura e Equilibrada para Sua Sa\u00fade<\/h2>\n<p>&nbsp;<\/p>\n<p data-sourcepos=\"3:1-3:39\">Desfrute de \u00e1gua pura e com pH equilibrado com o Filtro\/Refil de \u00c1gua Balance Equilibrium!<\/p>\n<p data-sourcepos=\"5:1-5:28\"><strong>Benef\u00edcios Inigual\u00e1veis:<\/strong><\/p>\n<ul data-sourcepos=\"7:1-7:29\">\n<li data-sourcepos=\"7:1-7:29\"><strong>Equil\u00edbrio do pH:<\/strong>\u00a0Reduz a acidez da \u00e1gua,\u00a0proporcionando um pH ideal para o consumo e preservando sua sa\u00fade.<\/li>\n<li data-sourcepos=\"8:1-8:35\"><strong>Pureza Absoluta:<\/strong>\u00a0Ret\u00e9m impurezas como barro,\u00a0areia e sedimentos,\u00a0garantindo \u00e1gua cristalina e livre de part\u00edculas indesej\u00e1veis.<\/li>\n<li data-sourcepos=\"9:1-9:28\"><strong>Sabor Natural:<\/strong>\u00a0Reduz o cloro e elimina sabores e odores indesej\u00e1veis,\u00a0proporcionando \u00e1gua com sabor puro e agrad\u00e1vel.<\/li>\n<li data-sourcepos=\"10:1-11:0\"><strong>Prote\u00e7\u00e3o Cont\u00ednua:<\/strong>\u00a0A\u00e7\u00e3o bacteriost\u00e1tica que controla a prolifera\u00e7\u00e3o de bact\u00e9rias,\u00a0protegendo voc\u00ea e sua fam\u00edlia de doen\u00e7as.<\/li>\n<\/ul>\n<p data-sourcepos=\"12:1-12:26\"><strong>Praticidade Inovadora:<\/strong><\/p>\n<ul data-sourcepos=\"14:1-16:75\">\n<li data-sourcepos=\"14:1-14:98\"><strong>Sistema Girou Trocou:<\/strong>\u00a0F\u00e1cil e r\u00e1pida substitui\u00e7\u00e3o do filtro,\u00a0sem necessidade de ferramentas.<\/li>\n<li data-sourcepos=\"15:1-15:95\"><strong>Instala\u00e7\u00e3o Simples:<\/strong>\u00a0Pode ser feito pelo pr\u00f3prio usu\u00e1rio,\u00a0sem a necessidade de um t\u00e9cnico.<\/li>\n<li data-sourcepos=\"16:1-16:75\"><strong>Compat\u00edvel com Purificadores IBBL:<\/strong>\u00a0Versatilidade para uso em todos os purificadores refrigerados da marca.<\/li>\n<\/ul>\n<p data-sourcepos=\"18:1-18:27\"><strong>Filtros Originais IBBL:<\/strong><\/p>\n<ul data-sourcepos=\"20:1-22:0\">\n<li data-sourcepos=\"20:1-20:101\"><strong>Qualidade Garantida:<\/strong>\u00a0Desenvolvidos com a mais alta tecnologia para garantir \u00e1gua pura e segura.<\/li>\n<li data-sourcepos=\"21:1-22:0\"><strong>Lacrados para Seguran\u00e7a:<\/strong>\u00a0Protegem a \u00e1gua contra contamina\u00e7\u00f5es e garantem sua pureza.<\/li>\n<\/ul>\n<p data-sourcepos=\"23:1-23:22\"><strong>Sa\u00fade e Bem-Estar:<\/strong><\/p>\n<ul data-sourcepos=\"25:1-27:0\">\n<li data-sourcepos=\"25:1-25:87\">Consumir \u00e1gua pura e com pH equilibrado \u00e9 essencial para a sa\u00fade e o bem-estar geral.<\/li>\n<li data-sourcepos=\"26:1-27:0\">O Filtro\/Refil de \u00c1gua Balance Equilibrium ajuda a prevenir doen\u00e7as,\u00a0melhorar a digest\u00e3o e aumentar a disposi\u00e7\u00e3o.<\/li>\n<\/ul>\n","protected":false},"excerpt":{"rendered":"<div class=\"tfcusf-culligan-theme-2-x-content h-auto\">\n<p>Compat\u00edvel com todos os purificadores refrigerados IBBL. <span style=\"font-size: 16px;\">Ret\u00e9m as impurezas da \u00e1gua como barro, areia e sedimentos; reduz o cloro e elimina sabores e odores indesej\u00e1veis da \u00e1gua; possui a\u00e7\u00e3o bacteriost\u00e1tica que controla a prolifera\u00e7\u00e3o de bact\u00e9rias.<\/span><\/p>\n<div class=\"vtex-flex-layout-0-x-flexColChild vtex-flex-layout-0-x-flexColChild--layout-pdp-one pb0\">\n<div class=\"tfcusf-culligan-theme-2-x-productDescriptionContainer\">\n<div class=\"tfcusf-culligan-theme-2-x-productDescriptionText c-muted-1\">\n<div class=\"tfcusf-culligan-theme-2-x-container relative\">\n<div class=\"absolute bottom-0 w-100 h-100 flex-column justify-end flex\"><\/div>\n<\/div>\n<\/div>\n<\/div>\n<\/div>\n<\/div>\n<div class=\"absolute bottom-0 w-100 h-100 flex-column justify-end flex\"><\/div>\n","protected":false},"featured_media":740,"comment_status":"open","ping_status":"closed","template":"","meta":[],"pwb-brand":[],"product_brand":[],"product_cat":[120,39],"product_tag":[],"class_list":{"0":"post-605","1":"product","2":"type-product","3":"status-publish","4":"has-post-thumbnail","6":"product_cat-filtro-para-purificadores","7":"product_cat-pecas-e-acessorios","9":"first","10":"instock","11":"shipping-taxable","12":"purchasable","13":"product-type-simple"},"brands":[],"_links":{"self":[{"href":"https:\/\/lucasvasconcelos.com.br\/bumper\/wp-json\/wp\/v2\/product\/605","targetHints":{"allow":["GET"]}}],"collection":[{"href":"https:\/\/lucasvasconcelos.com.br\/bumper\/wp-json\/wp\/v2\/product"}],"about":[{"href":"https:\/\/lucasvasconcelos.com.br\/bumper\/wp-json\/wp\/v2\/types\/product"}],"replies":[{"embeddable":true,"href":"https:\/\/lucasvasconcelos.com.br\/bumper\/wp-json\/wp\/v2\/comments?post=605"}],"wp:featuredmedia":[{"embeddable":true,"href":"https:\/\/lucasvasconcelos.com.br\/bumper\/wp-json\/wp\/v2\/media\/740"}],"wp:attachment":[{"href":"https:\/\/lucasvasconcelos.com.br\/bumper\/wp-json\/wp\/v2\/media?parent=605"}],"wp:term":[{"taxonomy":"pwb-brand","embeddable":true,"href":"https:\/\/lucasvasconcelos.com.br\/bumper\/wp-json\/wp\/v2\/pwb-brand?post=605"},{"taxonomy":"product_brand","embeddable":true,"href":"https:\/\/lucasvasconcelos.com.br\/bumper\/wp-json\/wp\/v2\/product_brand?post=605"},{"taxonomy":"product_cat","embeddable":true,"href":"https:\/\/lucasvasconcelos.com.br\/bumper\/wp-json\/wp\/v2\/product_cat?post=605"},{"taxonomy":"product_tag","embeddable":true,"href":"https:\/\/lucasvasconcelos.com.br\/bumper\/wp-json\/wp\/v2\/product_tag?post=605"}],"curies":[{"name":"wp","href":"https:\/\/api.w.org\/{rel}","templated":true}]}}