{"id":650,"date":"2025-01-21T11:47:23","date_gmt":"2025-01-21T14:47:23","guid":{"rendered":"https:\/\/lucasvasconcelos.com.br\/bumper\/?post_type=product&#038;p=650"},"modified":"2025-01-21T11:50:18","modified_gmt":"2025-01-21T14:50:18","slug":"radio-comunicador-motorola-talkabout-25km-t110br-vermelho","status":"publish","type":"product","link":"https:\/\/lucasvasconcelos.com.br\/bumper\/produto\/radio-comunicador-motorola-talkabout-25km-t110br-vermelho\/","title":{"rendered":"R\u00e1dio Comunicador Motorola Talkabout 25km T110BR Vermelho"},"content":{"rendered":"<div class=\"flex-1 overflow-hidden\">\n<div class=\"react-scroll-to-bottom--css-cfcny-79elbk h-full\">\n<div class=\"react-scroll-to-bottom--css-cfcny-1n7m0yu\">\n<div>\n<div class=\"flex flex-col text-sm pb-9\">\n<div class=\"w-full text-token-text-primary\" dir=\"auto\" data-testid=\"conversation-turn-7\" data-scroll-anchor=\"true\">\n<div class=\"py-2 px-3 text-base md:px-4 m-auto md:px-5 lg:px-1 xl:px-5\">\n<div class=\"mx-auto flex flex-1 gap-3 text-base juice:gap-4 juice:md:gap-6 md:max-w-3xl lg:max-w-[40rem] xl:max-w-[48rem]\">\n<div class=\"relative flex w-full min-w-0 flex-col agent-turn\">\n<div class=\"flex-col gap-1 md:gap-3\">\n<div class=\"flex flex-grow flex-col max-w-full\">\n<div class=\"min-h-[20px] text-message flex flex-col items-start whitespace-pre-wrap break-words [.text-message+&amp;]:mt-5 overflow-x-auto gap-3\" dir=\"auto\" data-message-author-role=\"assistant\" data-message-id=\"76fc21c0-44fa-4513-a0f9-af4d346b1531\">\n<div class=\"markdown prose w-full break-words dark:prose-invert dark\">\n<p>Desfrute de m\u00e1xima conectividade onde quer que v\u00e1 com os R\u00e1dios Comunicadores TALKABOUT T110BR. Seja acampando nas vastas montanhas, explorando a natureza exuberante ou simplesmente relaxando na praia ou no conforto do seu jardim, estes r\u00e1dios s\u00e3o seus companheiros confi\u00e1veis para se manter em contato, independentemente de onde a aventura o leve.<\/p>\n<p><strong>Simplicidade Instant\u00e2nea<\/strong> Iniciar uma conversa nunca foi t\u00e3o simples. Com a fun\u00e7\u00e3o de emparelhamento intuitiva dos T110BR, voc\u00ea pode come\u00e7ar a falar com amigos e familiares com apenas o toque de um bot\u00e3o. N\u00e3o h\u00e1 complica\u00e7\u00f5es, apenas comunica\u00e7\u00e3o instant\u00e2nea para manter todos conectados.<\/p>\n<p><strong>Conectividade Vers\u00e1til<\/strong> Com 26 canais \u00e0 sua disposi\u00e7\u00e3o, encontrar uma frequ\u00eancia livre para comunica\u00e7\u00e3o \u00e9 f\u00e1cil. Al\u00e9m disso, esses r\u00e1dios s\u00e3o compat\u00edveis com qualquer r\u00e1dio FRS\/GMRS, garantindo que voc\u00ea possa se comunicar sem problemas, mesmo com dispositivos de outras marcas que estejam no mesmo canal.<\/p>\n<p><strong>Fique Alerta<\/strong> Nunca fique sem energia quando mais precisar. Com o alerta de bateria fraca, voc\u00ea ser\u00e1 notificado quando for hora de trocar as pilhas, garantindo que voc\u00ea nunca perca uma conversa importante.<\/p>\n<p><strong>Seguran\u00e7a Personalizada<\/strong> Com a trava do teclado, voc\u00ea pode ter certeza de que suas configura\u00e7\u00f5es personalizadas permanecer\u00e3o intactas, evitando altera\u00e7\u00f5es acidentais durante o uso.<\/p>\n<p><strong>Kit Completo<\/strong> A embalagem dos T110BR inclui tudo o que voc\u00ea precisa para come\u00e7ar: dois r\u00e1dios, dois clipes para cinto e um guia do usu\u00e1rio abrangente para orient\u00e1-lo em todas as funcionalidades.<\/p>\n<p>Lembre-se: para alimentar os T110BR, voc\u00ea precisar\u00e1 de 3 pilhas AAA, que n\u00e3o est\u00e3o inclu\u00eddas na embalagem.<\/p>\n<p>Com os R\u00e1dios Comunicadores TALKABOUT T110BR, voc\u00ea nunca estar\u00e1 fora de alcance. Mantenha-se conectado e aproveite cada momento da sua aventura com a confian\u00e7a de uma comunica\u00e7\u00e3o constante e confi\u00e1vel.<\/p>\n<\/div>\n<\/div>\n<\/div>\n<\/div>\n<\/div>\n<\/div>\n<\/div>\n<\/div>\n<\/div>\n<\/div>\n<\/div>\n<\/div>\n<\/div>\n","protected":false},"excerpt":{"rendered":"<p>Comunique-se sem limites com os R\u00e1dios Comunicadores TALKABOUT T110BR. Simples, intuitivos e confi\u00e1veis, mantenha-se conectado onde quer que v\u00e1<\/p>\n","protected":false},"featured_media":779,"comment_status":"open","ping_status":"closed","template":"","meta":[],"pwb-brand":[],"product_brand":[],"product_cat":[60,137],"product_tag":[],"class_list":{"0":"post-650","1":"product","2":"type-product","3":"status-publish","4":"has-post-thumbnail","6":"product_cat-eletronicos","7":"product_cat-radio-comunicador","9":"first","10":"instock","11":"shipping-taxable","12":"purchasable","13":"product-type-simple"},"brands":[],"_links":{"self":[{"href":"https:\/\/lucasvasconcelos.com.br\/bumper\/wp-json\/wp\/v2\/product\/650","targetHints":{"allow":["GET"]}}],"collection":[{"href":"https:\/\/lucasvasconcelos.com.br\/bumper\/wp-json\/wp\/v2\/product"}],"about":[{"href":"https:\/\/lucasvasconcelos.com.br\/bumper\/wp-json\/wp\/v2\/types\/product"}],"replies":[{"embeddable":true,"href":"https:\/\/lucasvasconcelos.com.br\/bumper\/wp-json\/wp\/v2\/comments?post=650"}],"wp:featuredmedia":[{"embeddable":true,"href":"https:\/\/lucasvasconcelos.com.br\/bumper\/wp-json\/wp\/v2\/media\/779"}],"wp:attachment":[{"href":"https:\/\/lucasvasconcelos.com.br\/bumper\/wp-json\/wp\/v2\/media?parent=650"}],"wp:term":[{"taxonomy":"pwb-brand","embeddable":true,"href":"https:\/\/lucasvasconcelos.com.br\/bumper\/wp-json\/wp\/v2\/pwb-brand?post=650"},{"taxonomy":"product_brand","embeddable":true,"href":"https:\/\/lucasvasconcelos.com.br\/bumper\/wp-json\/wp\/v2\/product_brand?post=650"},{"taxonomy":"product_cat","embeddable":true,"href":"https:\/\/lucasvasconcelos.com.br\/bumper\/wp-json\/wp\/v2\/product_cat?post=650"},{"taxonomy":"product_tag","embeddable":true,"href":"https:\/\/lucasvasconcelos.com.br\/bumper\/wp-json\/wp\/v2\/product_tag?post=650"}],"curies":[{"name":"wp","href":"https:\/\/api.w.org\/{rel}","templated":true}]}}