{"id":680,"date":"2025-01-21T11:47:50","date_gmt":"2025-01-21T14:47:50","guid":{"rendered":"https:\/\/lucasvasconcelos.com.br\/bumper\/?post_type=product&#038;p=680"},"modified":"2025-01-21T11:51:12","modified_gmt":"2025-01-21T14:51:12","slug":"fone-de-ouvido-sem-fio-samsung-galaxy-buds-fe-branco","status":"publish","type":"product","link":"https:\/\/lucasvasconcelos.com.br\/bumper\/produto\/fone-de-ouvido-sem-fio-samsung-galaxy-buds-fe-branco\/","title":{"rendered":"Fone de ouvido sem fio Samsung Galaxy Buds Fe Branco"},"content":{"rendered":"<p><strong>Desfrute da Liberdade com o Galaxy Buds FE<\/strong><\/p>\n<p>O Galaxy Buds FE \u00e9 mais do que um simples fone de ouvido sem fio &#8211; \u00e9 a sua chave para a tecnologia e praticidade em um \u00fanico dispositivo. Projetado para oferecer a m\u00e1xima liberdade em todas as suas atividades di\u00e1rias, desde o trabalho at\u00e9 o lazer e a pr\u00e1tica esportiva, este fone de ouvido redefine a experi\u00eancia auditiva.<\/p>\n<p>Com um alto-falante impressionante de 6,5mm, o Galaxy Buds FE proporciona uma imers\u00e3o total no seu \u00e1udio favorito. Cada detalhe \u00e9 n\u00edtido e cristalino, elevando sua experi\u00eancia sonora a novos patamares. N\u00e3o apenas isso, mas sua qualidade de som excepcional tamb\u00e9m se estende \u00e0s suas chamadas telef\u00f4nicas, gra\u00e7as aos tr\u00eas microfones integrados em cada fone.<\/p>\n<p>Mesmo em ambientes ruidosos, a capta\u00e7\u00e3o de voz \u00e9 eficiente, garantindo que suas conversas sejam claras e sem interfer\u00eancias. Com a tecnologia de Cancelamento Ativo de Ru\u00eddo (ANC), os sons indesejados s\u00e3o minimizados, permitindo que voc\u00ea se concentre apenas no que realmente importa. Al\u00e9m disso, o modo som ambiente oferece a flexibilidade de permanecer conectado ao seu entorno, sem perder a qualidade do \u00e1udio.<\/p>\n<p>Confort\u00e1vel e ergon\u00f4mico, o design do Galaxy Buds FE \u00e9 pensado para longas horas de uso sem desconforto. Seu ajuste perfeito garante que voc\u00ea se mova livremente, sem se preocupar com os fones de ouvido saindo do lugar. E com a integra\u00e7\u00e3o perfeita ao Ecossistema Galaxy, o pareamento \u00e9 simples e r\u00e1pido, permitindo uma transi\u00e7\u00e3o suave entre dispositivos. Com recursos como Bixby Voice e Smartthing Find, voc\u00ea tem o controle total na ponta dos dedos, garantindo que seus Galaxy Buds FE estejam sempre ao seu alcance.<\/p>\n<p>Experimente a verdadeira liberdade com o Galaxy Buds FE &#8211; onde a tecnologia e a praticidade se encontram para criar uma experi\u00eancia auditiva incompar\u00e1vel.<\/p>\n","protected":false},"excerpt":{"rendered":"<p>Desfrute da Liberdade com o Galaxy Buds FE<\/p>\n","protected":false},"featured_media":787,"comment_status":"open","ping_status":"closed","template":"","meta":[],"pwb-brand":[103],"product_brand":[],"product_cat":[123],"product_tag":[45,62],"class_list":{"0":"post-680","1":"product","2":"type-product","3":"status-publish","4":"has-post-thumbnail","6":"pwb-brand-samsung","7":"product_cat-fone-de-ouvido","8":"product_tag-em-alta","9":"product_tag-mais-procurados","11":"first","12":"instock","13":"shipping-taxable","14":"purchasable","15":"product-type-simple"},"brands":[{"id":103,"name":"Samsung","slug":"samsung"}],"_links":{"self":[{"href":"https:\/\/lucasvasconcelos.com.br\/bumper\/wp-json\/wp\/v2\/product\/680","targetHints":{"allow":["GET"]}}],"collection":[{"href":"https:\/\/lucasvasconcelos.com.br\/bumper\/wp-json\/wp\/v2\/product"}],"about":[{"href":"https:\/\/lucasvasconcelos.com.br\/bumper\/wp-json\/wp\/v2\/types\/product"}],"replies":[{"embeddable":true,"href":"https:\/\/lucasvasconcelos.com.br\/bumper\/wp-json\/wp\/v2\/comments?post=680"}],"wp:featuredmedia":[{"embeddable":true,"href":"https:\/\/lucasvasconcelos.com.br\/bumper\/wp-json\/wp\/v2\/media\/787"}],"wp:attachment":[{"href":"https:\/\/lucasvasconcelos.com.br\/bumper\/wp-json\/wp\/v2\/media?parent=680"}],"wp:term":[{"taxonomy":"pwb-brand","embeddable":true,"href":"https:\/\/lucasvasconcelos.com.br\/bumper\/wp-json\/wp\/v2\/pwb-brand?post=680"},{"taxonomy":"product_brand","embeddable":true,"href":"https:\/\/lucasvasconcelos.com.br\/bumper\/wp-json\/wp\/v2\/product_brand?post=680"},{"taxonomy":"product_cat","embeddable":true,"href":"https:\/\/lucasvasconcelos.com.br\/bumper\/wp-json\/wp\/v2\/product_cat?post=680"},{"taxonomy":"product_tag","embeddable":true,"href":"https:\/\/lucasvasconcelos.com.br\/bumper\/wp-json\/wp\/v2\/product_tag?post=680"}],"curies":[{"name":"wp","href":"https:\/\/api.w.org\/{rel}","templated":true}]}}