{"id":681,"date":"2025-01-21T11:47:50","date_gmt":"2025-01-21T14:47:50","guid":{"rendered":"https:\/\/lucasvasconcelos.com.br\/bumper\/?post_type=product&#038;p=681"},"modified":"2025-01-21T11:51:12","modified_gmt":"2025-01-21T14:51:12","slug":"fone-de-ouvido-sem-fio-samsung-galaxy-buds-fe-grafite","status":"publish","type":"product","link":"https:\/\/lucasvasconcelos.com.br\/bumper\/produto\/fone-de-ouvido-sem-fio-samsung-galaxy-buds-fe-grafite\/","title":{"rendered":"Fone De Ouvido Sem Fio Samsung Galaxy Buds Fe Grafite"},"content":{"rendered":"<p><strong>Experimente a Liberdade com os Galaxy Buds FE<\/strong><\/p>\n<p>Os Galaxy Buds FE s\u00e3o mais do que simples fones de ouvido sem fio. S\u00e3o seu companheiro perfeito para uma vida repleta de tecnologia e praticidade. Projetados para oferecer a m\u00e1xima liberdade em todas as suas atividades di\u00e1rias, desde o trabalho at\u00e9 o lazer e a pr\u00e1tica esportiva, esses fones de ouvido sem fio definem uma nova era em \u00e1udio port\u00e1til.<\/p>\n<p>Com um alto-falante impressionante de 6,5mm, os Galaxy Buds FE proporcionam uma experi\u00eancia de som imersiva e envolvente, elevando sua audi\u00e7\u00e3o a novos patamares de qualidade. Aproveite uma qualidade sonora excepcional, seja para curtir suas m\u00fasicas favoritas ou para realizar chamadas n\u00edtidas e claras.<\/p>\n<p>Equipados com tr\u00eas microfones em cada fone, os Galaxy Buds FE garantem uma capta\u00e7\u00e3o eficiente da sua voz, mesmo em ambientes ruidosos, permitindo que voc\u00ea desfrute de conversas telef\u00f4nicas tranquilas e sem interfer\u00eancias. Al\u00e9m disso, o Cancelamento Ativo de Ru\u00eddo (ANC) reduz os ru\u00eddos indesejados, oferecendo uma experi\u00eancia auditiva ainda mais imersiva. Com o modo som ambiente, voc\u00ea pode permanecer conectado ao seu entorno sem comprometer a qualidade do \u00e1udio.<\/p>\n<p>O design ergon\u00f4mico dos Galaxy Buds FE garante um ajuste confort\u00e1vel, para que voc\u00ea possa us\u00e1-los durante horas sem sentir desconforto. Esque\u00e7a que est\u00e1 usando fones de ouvido e concentre-se no que realmente importa.<\/p>\n<p>Aproveite os benef\u00edcios do Ecossistema Galaxy, incluindo o pareamento facilitado, a troca autom\u00e1tica de dispositivos, o assistente de voz Bixby e a rede Smartthing Find, que permite localizar facilmente seus Galaxy Buds FE caso eles sejam perdidos.<\/p>\n<p>Experimente a verdadeira liberdade com os Galaxy Buds FE &#8211; onde tecnologia e praticidade se encontram para oferecer uma experi\u00eancia auditiva excepcional.<\/p>\n","protected":false},"excerpt":{"rendered":"<p>Experimente a Liberdade com os Galaxy Buds FE.<\/p>\n","protected":false},"featured_media":0,"comment_status":"open","ping_status":"closed","template":"","meta":[],"pwb-brand":[103],"product_brand":[],"product_cat":[60,123],"product_tag":[45],"class_list":{"0":"post-681","1":"product","2":"type-product","3":"status-publish","5":"pwb-brand-samsung","6":"product_cat-eletronicos","7":"product_cat-fone-de-ouvido","8":"product_tag-em-alta","10":"first","11":"instock","12":"shipping-taxable","13":"purchasable","14":"product-type-simple"},"brands":[{"id":103,"name":"Samsung","slug":"samsung"}],"_links":{"self":[{"href":"https:\/\/lucasvasconcelos.com.br\/bumper\/wp-json\/wp\/v2\/product\/681","targetHints":{"allow":["GET"]}}],"collection":[{"href":"https:\/\/lucasvasconcelos.com.br\/bumper\/wp-json\/wp\/v2\/product"}],"about":[{"href":"https:\/\/lucasvasconcelos.com.br\/bumper\/wp-json\/wp\/v2\/types\/product"}],"replies":[{"embeddable":true,"href":"https:\/\/lucasvasconcelos.com.br\/bumper\/wp-json\/wp\/v2\/comments?post=681"}],"wp:attachment":[{"href":"https:\/\/lucasvasconcelos.com.br\/bumper\/wp-json\/wp\/v2\/media?parent=681"}],"wp:term":[{"taxonomy":"pwb-brand","embeddable":true,"href":"https:\/\/lucasvasconcelos.com.br\/bumper\/wp-json\/wp\/v2\/pwb-brand?post=681"},{"taxonomy":"product_brand","embeddable":true,"href":"https:\/\/lucasvasconcelos.com.br\/bumper\/wp-json\/wp\/v2\/product_brand?post=681"},{"taxonomy":"product_cat","embeddable":true,"href":"https:\/\/lucasvasconcelos.com.br\/bumper\/wp-json\/wp\/v2\/product_cat?post=681"},{"taxonomy":"product_tag","embeddable":true,"href":"https:\/\/lucasvasconcelos.com.br\/bumper\/wp-json\/wp\/v2\/product_tag?post=681"}],"curies":[{"name":"wp","href":"https:\/\/api.w.org\/{rel}","templated":true}]}}