{"id":733,"date":"2025-01-21T11:49:22","date_gmt":"2025-01-21T14:49:22","guid":{"rendered":"https:\/\/lucasvasconcelos.com.br\/bumper\/?post_type=product&#038;p=733"},"modified":"2025-01-21T11:51:32","modified_gmt":"2025-01-21T14:51:32","slug":"refil-cz7-filtro-purificador-ibbl-fr600","status":"publish","type":"product","link":"https:\/\/lucasvasconcelos.com.br\/bumper\/produto\/refil-cz7-filtro-purificador-ibbl-fr600\/","title":{"rendered":"Refil Cz+7 Filtro Purificador IBBL FR600"},"content":{"rendered":"<p>Mantenha a qualidade da \u00e1gua do seu purificador com o Refil Cz+7 Filtro Purificador IBBL FR600. Este refil \u00e9 a solu\u00e7\u00e3o ideal para garantir que sua fam\u00edlia tenha acesso a \u00e1gua limpa e livre de impurezas, proporcionando sa\u00fade e bem-estar para todos.<\/p>\n<p>Com tecnologia avan\u00e7ada de filtragem, o Refil Cz+7 remove sedimentos, cloro e outras impurezas da \u00e1gua, garantindo uma \u00e1gua pura e cristalina para o consumo di\u00e1rio. Al\u00e9m disso, sua capacidade de filtragem de longa dura\u00e7\u00e3o garante \u00e1gua de qualidade por um per\u00edodo prolongado, proporcionando conveni\u00eancia e economia para voc\u00ea e sua fam\u00edlia.<\/p>\n<p>Este refil \u00e9 compat\u00edvel com o purificador IBBL FR600, oferecendo uma instala\u00e7\u00e3o f\u00e1cil e r\u00e1pida, sem a necessidade de ferramentas especiais. Basta seguir as instru\u00e7\u00f5es do fabricante para substituir o refil e desfrutar de \u00e1gua fresca e pura em poucos minutos.<\/p>\n<p>Invista na sa\u00fade e no bem-estar da sua fam\u00edlia com o Refil Cz+7 Filtro Purificador IBBL FR600. Tenha a tranquilidade de saber que voc\u00ea est\u00e1 proporcionando \u00e1gua de qualidade para aqueles que voc\u00ea ama.<\/p>\n","protected":false},"excerpt":{"rendered":"<p>Refil Filtro Purificador IBBL FR600: Garanta \u00e1gua limpa e saud\u00e1vel para sua fam\u00edlia. Tecnologia avan\u00e7ada de filtragem para resultados confi\u00e1veis.<\/p>\n","protected":false},"featured_media":807,"comment_status":"open","ping_status":"closed","template":"","meta":[],"pwb-brand":[159],"product_brand":[],"product_cat":[120,39],"product_tag":[],"class_list":{"0":"post-733","1":"product","2":"type-product","3":"status-publish","4":"has-post-thumbnail","6":"pwb-brand-ibbl","7":"product_cat-filtro-para-purificadores","8":"product_cat-pecas-e-acessorios","10":"first","11":"instock","12":"shipping-taxable","13":"purchasable","14":"product-type-simple"},"brands":[{"id":159,"name":"IBBL","slug":"ibbl"}],"_links":{"self":[{"href":"https:\/\/lucasvasconcelos.com.br\/bumper\/wp-json\/wp\/v2\/product\/733","targetHints":{"allow":["GET"]}}],"collection":[{"href":"https:\/\/lucasvasconcelos.com.br\/bumper\/wp-json\/wp\/v2\/product"}],"about":[{"href":"https:\/\/lucasvasconcelos.com.br\/bumper\/wp-json\/wp\/v2\/types\/product"}],"replies":[{"embeddable":true,"href":"https:\/\/lucasvasconcelos.com.br\/bumper\/wp-json\/wp\/v2\/comments?post=733"}],"wp:featuredmedia":[{"embeddable":true,"href":"https:\/\/lucasvasconcelos.com.br\/bumper\/wp-json\/wp\/v2\/media\/807"}],"wp:attachment":[{"href":"https:\/\/lucasvasconcelos.com.br\/bumper\/wp-json\/wp\/v2\/media?parent=733"}],"wp:term":[{"taxonomy":"pwb-brand","embeddable":true,"href":"https:\/\/lucasvasconcelos.com.br\/bumper\/wp-json\/wp\/v2\/pwb-brand?post=733"},{"taxonomy":"product_brand","embeddable":true,"href":"https:\/\/lucasvasconcelos.com.br\/bumper\/wp-json\/wp\/v2\/product_brand?post=733"},{"taxonomy":"product_cat","embeddable":true,"href":"https:\/\/lucasvasconcelos.com.br\/bumper\/wp-json\/wp\/v2\/product_cat?post=733"},{"taxonomy":"product_tag","embeddable":true,"href":"https:\/\/lucasvasconcelos.com.br\/bumper\/wp-json\/wp\/v2\/product_tag?post=733"}],"curies":[{"name":"wp","href":"https:\/\/api.w.org\/{rel}","templated":true}]}}