{"id":755,"date":"2025-01-21T11:49:50","date_gmt":"2025-01-21T14:49:50","guid":{"rendered":"https:\/\/lucasvasconcelos.com.br\/bumper\/?post_type=product&#038;p=755"},"modified":"2025-01-21T11:51:40","modified_gmt":"2025-01-21T14:51:40","slug":"refil-hidrofiltros-para-purificador-de-agua-facile-c3","status":"publish","type":"product","link":"https:\/\/lucasvasconcelos.com.br\/bumper\/produto\/refil-hidrofiltros-para-purificador-de-agua-facile-c3\/","title":{"rendered":"Refil Hidrofiltros Para Purificador De \u00c1gua Facile C3"},"content":{"rendered":"<p>Mantenha a qualidade da \u00e1gua em seu purificador com o Refil Hidrofiltros Para Purificador De \u00c1gua Facile C3. Este refil de reposi\u00e7\u00e3o oferece uma solu\u00e7\u00e3o pr\u00e1tica e eficiente para garantir que sua fam\u00edlia tenha acesso \u00e0 \u00e1gua limpa e pura em todos os momentos.<\/p>\n<p>Projetado especificamente para o Purificador De \u00c1gua Facile C3, este refil \u00e9 f\u00e1cil de instalar e oferece um desempenho superior na remo\u00e7\u00e3o de impurezas, cloro e odores da \u00e1gua, proporcionando uma experi\u00eancia de consumo segura e agrad\u00e1vel.<\/p>\n<p>Com sua tecnologia avan\u00e7ada de filtragem, o Refil Hidrofiltros remove at\u00e9 as menores part\u00edculas de sujeira e sedimentos, garantindo uma \u00e1gua cristalina e de qualidade para voc\u00ea e sua fam\u00edlia. Al\u00e9m disso, ele possui uma vida \u00fatil prolongada, oferecendo meses de uso cont\u00ednuo antes da necessidade de substitui\u00e7\u00e3o.<\/p>\n<p>N\u00e3o comprometa a qualidade da \u00e1gua que voc\u00ea consome. Garanta a pureza e a seguran\u00e7a da sua \u00e1gua com o Refil Hidrofiltros Para Purificador De \u00c1gua Facile C3.<\/p>\n","protected":false},"excerpt":{"rendered":"<p>Garanta com o Refil Hidrofiltros Para Purificador De \u00c1gua Facile C3 \u00e1gua limpa e pura em seu purificador com facilidade. Remove impurezas, cloro e odores para uma experi\u00eancia de consumo segura e agrad\u00e1vel.<\/p>\n","protected":false},"featured_media":815,"comment_status":"open","ping_status":"closed","template":"","meta":[],"pwb-brand":[168],"product_brand":[],"product_cat":[120,39],"product_tag":[],"class_list":{"0":"post-755","1":"product","2":"type-product","3":"status-publish","4":"has-post-thumbnail","6":"pwb-brand-hidrofiltros","7":"product_cat-filtro-para-purificadores","8":"product_cat-pecas-e-acessorios","10":"first","11":"instock","12":"shipping-taxable","13":"purchasable","14":"product-type-simple"},"brands":[{"id":168,"name":"Hidrofiltros","slug":"hidrofiltros"}],"_links":{"self":[{"href":"https:\/\/lucasvasconcelos.com.br\/bumper\/wp-json\/wp\/v2\/product\/755","targetHints":{"allow":["GET"]}}],"collection":[{"href":"https:\/\/lucasvasconcelos.com.br\/bumper\/wp-json\/wp\/v2\/product"}],"about":[{"href":"https:\/\/lucasvasconcelos.com.br\/bumper\/wp-json\/wp\/v2\/types\/product"}],"replies":[{"embeddable":true,"href":"https:\/\/lucasvasconcelos.com.br\/bumper\/wp-json\/wp\/v2\/comments?post=755"}],"wp:featuredmedia":[{"embeddable":true,"href":"https:\/\/lucasvasconcelos.com.br\/bumper\/wp-json\/wp\/v2\/media\/815"}],"wp:attachment":[{"href":"https:\/\/lucasvasconcelos.com.br\/bumper\/wp-json\/wp\/v2\/media?parent=755"}],"wp:term":[{"taxonomy":"pwb-brand","embeddable":true,"href":"https:\/\/lucasvasconcelos.com.br\/bumper\/wp-json\/wp\/v2\/pwb-brand?post=755"},{"taxonomy":"product_brand","embeddable":true,"href":"https:\/\/lucasvasconcelos.com.br\/bumper\/wp-json\/wp\/v2\/product_brand?post=755"},{"taxonomy":"product_cat","embeddable":true,"href":"https:\/\/lucasvasconcelos.com.br\/bumper\/wp-json\/wp\/v2\/product_cat?post=755"},{"taxonomy":"product_tag","embeddable":true,"href":"https:\/\/lucasvasconcelos.com.br\/bumper\/wp-json\/wp\/v2\/product_tag?post=755"}],"curies":[{"name":"wp","href":"https:\/\/api.w.org\/{rel}","templated":true}]}}