{"id":909,"date":"2025-01-21T12:08:42","date_gmt":"2025-01-21T15:08:42","guid":{"rendered":"https:\/\/lucasvasconcelos.com.br\/bumper\/?post_type=product&#038;p=909"},"modified":"2025-01-21T12:10:18","modified_gmt":"2025-01-21T15:10:18","slug":"robo-aspirador-de-po-electrolux-home-e-power-experience-com-autonomous-technology-azul-escuro-erb40-bivolt","status":"publish","type":"product","link":"https:\/\/lucasvasconcelos.com.br\/bumper\/produto\/robo-aspirador-de-po-electrolux-home-e-power-experience-com-autonomous-technology-azul-escuro-erb40-bivolt\/","title":{"rendered":"Rob\u00f4 Aspirador de P\u00f3 Electrolux Home-E Power Experience com Autonomous Technology Azul Escuro (ERB40) &#8211; Bivolt"},"content":{"rendered":"<p><strong>Rob\u00f4 Aspirador de P\u00f3 Electrolux Home-e Ultra Experience: Versatilidade e Praticidade para Sua Casa<\/strong><\/p>\n<p>&nbsp;<\/p>\n<p>Transforme a limpeza de sua casa em uma tarefa simples e eficiente com o <strong>Rob\u00f4 Aspirador de P\u00f3 Electrolux Home-e Ultra Experience com Autonomous Technology (ERB40)<\/strong>. Este potente aparelho <strong>4 em 1<\/strong> varre, aspira e realiza a limpeza com pano \u00famido e seco no ch\u00e3o. Quando a bateria est\u00e1 prestes a acabar, n\u00e3o h\u00e1 com o que se preocupar, pois o rob\u00f4 retorna automaticamente para a base de carregamento inteligente.<\/p>\n<p>&nbsp;<\/p>\n<p>O controle remoto oferece a praticidade de selecionar fun\u00e7\u00f5es pr\u00e9-programadas, permitindo que o aspirador rob\u00f4 atue em \u00e1reas espec\u00edficas. A bateria de l\u00edtio oferece uma impressionante dura\u00e7\u00e3o de 2 horas e 20 minutos, proporcionando maior autonomia durante a limpeza. Enquanto as escovas laterais limpam os cantos, o aparelho realiza a fun\u00e7\u00e3o MOP, passando pano quando programado.<\/p>\n<p>&nbsp;<\/p>\n<p>O Filtro HEPA Allergy Protect devolve um ar mais puro para sua casa, retendo impurezas e garantindo um ambiente mais saud\u00e1vel. Conte com a tecnologia e alta performance que os eletroport\u00e1teis Electrolux oferecem para tornar a limpeza de sua casa mais eficiente.<\/p>\n<p>&nbsp;<\/p>\n<p><strong>Recursos Destacados:<\/strong><\/p>\n<ul>\n<li><strong>4 em 1:<\/strong> Aspira p\u00f3, varre e realiza a limpeza com pano \u00famido e seco.<\/li>\n<li><strong>Base de Carregamento Inteligente:<\/strong> Auto recarga de bateria, garantindo que o rob\u00f4 retorne sozinho para a base.<\/li>\n<li><strong>Controle Remoto:<\/strong> Permite selecionar fun\u00e7\u00f5es pr\u00e9-programadas e direcionar a limpeza em \u00e1reas espec\u00edficas.<\/li>\n<li><strong>Bateria de L\u00edtio &#8211; Autonomia de 2h20:<\/strong> Longa dura\u00e7\u00e3o para uma limpeza eficiente, com autonomia de 2 horas e 20 minutos.<\/li>\n<li><strong>Dupla Escova de Varredura de Cantos:<\/strong> Limpeza eficiente, inclusive nos cantos de dif\u00edcil acesso.<\/li>\n<li><strong>Filtro HEPA (Allergy Protect):<\/strong> Ret\u00e9m impurezas do ar, proporcionando um ambiente mais puro.<\/li>\n<li><strong>Design de Perfil Baixo (8 cm de Altura):<\/strong> Ideal para limpar embaixo de m\u00f3veis e locais de dif\u00edcil acesso.<\/li>\n<\/ul>\n","protected":false},"excerpt":{"rendered":"<p><strong>Versatilidade e Praticidade para Sua Casa.<\/strong><\/p>\n<p>Transforme a limpeza de sua casa em uma tarefa simples e eficiente com o <strong>Rob\u00f4 Aspirador de P\u00f3 Electrolux Home-e Ultra Experience com Autonomous Technology (ERB40)<\/strong>. Este potente aparelho <strong>4 em 1<\/strong> varre, aspira e realiza a limpeza com pano \u00famido e seco no ch\u00e3o. Quando a bateria est\u00e1 prestes a acabar, n\u00e3o h\u00e1 com o que se preocupar, pois o rob\u00f4 retorna automaticamente para a base de carregamento inteligente.<\/p>\n","protected":false},"featured_media":984,"comment_status":"open","ping_status":"closed","template":"","meta":[],"pwb-brand":[],"product_brand":[],"product_cat":[20,122,201],"product_tag":[202],"class_list":{"0":"post-909","1":"product","2":"type-product","3":"status-publish","4":"has-post-thumbnail","6":"product_cat-eletroportateis","7":"product_cat-para-casa","8":"product_cat-robo-aspirador","9":"product_tag-robo-aspirador","11":"first","12":"instock","13":"shipping-taxable","14":"purchasable","15":"product-type-simple"},"brands":[],"_links":{"self":[{"href":"https:\/\/lucasvasconcelos.com.br\/bumper\/wp-json\/wp\/v2\/product\/909","targetHints":{"allow":["GET"]}}],"collection":[{"href":"https:\/\/lucasvasconcelos.com.br\/bumper\/wp-json\/wp\/v2\/product"}],"about":[{"href":"https:\/\/lucasvasconcelos.com.br\/bumper\/wp-json\/wp\/v2\/types\/product"}],"replies":[{"embeddable":true,"href":"https:\/\/lucasvasconcelos.com.br\/bumper\/wp-json\/wp\/v2\/comments?post=909"}],"wp:featuredmedia":[{"embeddable":true,"href":"https:\/\/lucasvasconcelos.com.br\/bumper\/wp-json\/wp\/v2\/media\/984"}],"wp:attachment":[{"href":"https:\/\/lucasvasconcelos.com.br\/bumper\/wp-json\/wp\/v2\/media?parent=909"}],"wp:term":[{"taxonomy":"pwb-brand","embeddable":true,"href":"https:\/\/lucasvasconcelos.com.br\/bumper\/wp-json\/wp\/v2\/pwb-brand?post=909"},{"taxonomy":"product_brand","embeddable":true,"href":"https:\/\/lucasvasconcelos.com.br\/bumper\/wp-json\/wp\/v2\/product_brand?post=909"},{"taxonomy":"product_cat","embeddable":true,"href":"https:\/\/lucasvasconcelos.com.br\/bumper\/wp-json\/wp\/v2\/product_cat?post=909"},{"taxonomy":"product_tag","embeddable":true,"href":"https:\/\/lucasvasconcelos.com.br\/bumper\/wp-json\/wp\/v2\/product_tag?post=909"}],"curies":[{"name":"wp","href":"https:\/\/api.w.org\/{rel}","templated":true}]}}