{"id":910,"date":"2025-01-21T12:08:42","date_gmt":"2025-01-21T15:08:42","guid":{"rendered":"https:\/\/lucasvasconcelos.com.br\/bumper\/?post_type=product&#038;p=910"},"modified":"2025-01-21T12:10:19","modified_gmt":"2025-01-21T15:10:19","slug":"aspirador-de-po-vertical-com-fio-electrolux-1300w-powerspeed-plus-2-em-1-azul-stk14-220v","status":"publish","type":"product","link":"https:\/\/lucasvasconcelos.com.br\/bumper\/produto\/aspirador-de-po-vertical-com-fio-electrolux-1300w-powerspeed-plus-2-em-1-azul-stk14-220v\/","title":{"rendered":"Aspirador de P\u00f3 Vertical com Fio Electrolux 1300W PowerSpeed Plus 2 em 1 Azul (STK14) &#8211; 220V"},"content":{"rendered":"<p><strong>Aspirador de P\u00f3 Vertical com Fio Electrolux PowerSpeed Plus 2 em 1: Limpeza Eficiente com Praticidade.<\/strong><\/p>\n<p>&nbsp;<\/p>\n<p>O <strong>Aspirador de P\u00f3 Vertical com Fio Electrolux PowerSpeed Plus 2 em 1<\/strong> proporciona uma limpeza simples e eficiente para sua casa. Com versatilidade 2 em 1, podendo ser utilizado como aspirador vertical ou de m\u00e3o, este aparelho conta com um poder de limpeza 2x mais robusto\u00b9, gra\u00e7as aos seus 1300W de pot\u00eancia e alto poder de suc\u00e7\u00e3o. Garanta maior cuidado para sua fam\u00edlia, pois o Filtro HEPA Allergy Protect ret\u00e9m alerg\u00eanicos, \u00e1caros e fungos, devolvendo um ar mais puro e seguro ao ambiente.<\/p>\n<p>&nbsp;<\/p>\n<p>Equipado com bocal de cantos e um reservat\u00f3rio de 1,6L de capacidade total, o Aspirador de P\u00f3 2 em 1 oferece uma limpeza eficiente em cantos de dif\u00edcil acesso, como janelas e espa\u00e7os entre m\u00f3veis. Al\u00e9m disso, possui um bocal 180\u00ba para pisos, facilitando a limpeza entre cadeiras e permitindo um movimento mais f\u00e1cil durante o uso.<\/p>\n<p>&nbsp;<\/p>\n<p>Para reduzir a necessidade de trocar de tomada constantemente, o aspirador de p\u00f3 Electrolux possui um cabo el\u00e9trico longo de 5 metros com suporte, proporcionando uma limpeza pr\u00e1tica, r\u00e1pida, eficiente e com a alta performance caracter\u00edstica dos aspiradores Electrolux.<\/p>\n<p>&nbsp;<\/p>\n<p><strong>Recursos Destacados:<\/strong><\/p>\n<ul>\n<li><strong>Aspirador Vertical 2 em 1:<\/strong> Versatilidade para limpar toda a casa, m\u00f3veis e carro com facilidade.<\/li>\n<li><strong>Super Pot\u00eancia de 1300W:<\/strong> Poder de limpeza 2x mais robusto\u00b9 para uma limpeza extremamente eficiente e profunda.<br \/>\n\u00b9Comparado com o modelo Electrolux STK10.<\/li>\n<li><strong>Alta Capacidade do Reservat\u00f3rio:<\/strong> Reservat\u00f3rio para p\u00f3 70% maior\u00b2, com 1,6L de capacidade total.<br \/>\n\u00b2Comparado com o modelo Electrolux STK10.<\/li>\n<li><strong>Filtro HEPA Allergy Protect:<\/strong> Reten\u00e7\u00e3o de \u00e1caros, fungos e bact\u00e9rias, proporcionando um ambiente mais puro e seguro para sua fam\u00edlia.<\/li>\n<li><strong>Cabo El\u00e9trico Longo:<\/strong> 5 metros com suporte para armazenamento, garantindo maior autonomia e mobilidade.<\/li>\n<li><strong>Bocal Ultra Clean:<\/strong> Ideal para alcan\u00e7ar locais de dif\u00edcil acesso e superf\u00edcies delicadas como m\u00f3veis, sof\u00e1s e cadeiras.<\/li>\n<li><strong>Bocal 180\u00ba para Pisos:<\/strong> Facilita a limpeza de todos os cantos e acessos.<\/li>\n<li><strong>Alto Poder de Suc\u00e7\u00e3o:<\/strong> Efici\u00eancia e praticidade para uma limpeza completa em uma \u00fanica vez.<\/li>\n<li><strong>ThermoControl Technology:<\/strong> Prote\u00e7\u00e3o contra superaquecimento, garantindo maior vida \u00fatil ao seu aspirador.<\/li>\n<\/ul>\n<p>&nbsp;<\/p>\n<p>Garanta um ambiente limpo e saud\u00e1vel com o <strong>Aspirador de P\u00f3 Vertical com Fio Electrolux PowerSpeed Plus 2 em 1<\/strong>.<\/p>\n","protected":false},"excerpt":{"rendered":"<p>Com versatilidade 2 em 1, podendo ser utilizado como aspirador vertical ou de m\u00e3o, este aparelho conta com um poder de limpeza 2x mais robusto.<\/p>\n","protected":false},"featured_media":0,"comment_status":"open","ping_status":"closed","template":"","meta":[],"pwb-brand":[],"product_brand":[],"product_cat":[199,20,122],"product_tag":[45],"class_list":{"0":"post-910","1":"product","2":"type-product","3":"status-publish","5":"product_cat-aspiradores-de-po","6":"product_cat-eletroportateis","7":"product_cat-para-casa","8":"product_tag-em-alta","10":"first","11":"instock","12":"shipping-taxable","13":"purchasable","14":"product-type-simple"},"brands":[],"_links":{"self":[{"href":"https:\/\/lucasvasconcelos.com.br\/bumper\/wp-json\/wp\/v2\/product\/910","targetHints":{"allow":["GET"]}}],"collection":[{"href":"https:\/\/lucasvasconcelos.com.br\/bumper\/wp-json\/wp\/v2\/product"}],"about":[{"href":"https:\/\/lucasvasconcelos.com.br\/bumper\/wp-json\/wp\/v2\/types\/product"}],"replies":[{"embeddable":true,"href":"https:\/\/lucasvasconcelos.com.br\/bumper\/wp-json\/wp\/v2\/comments?post=910"}],"wp:attachment":[{"href":"https:\/\/lucasvasconcelos.com.br\/bumper\/wp-json\/wp\/v2\/media?parent=910"}],"wp:term":[{"taxonomy":"pwb-brand","embeddable":true,"href":"https:\/\/lucasvasconcelos.com.br\/bumper\/wp-json\/wp\/v2\/pwb-brand?post=910"},{"taxonomy":"product_brand","embeddable":true,"href":"https:\/\/lucasvasconcelos.com.br\/bumper\/wp-json\/wp\/v2\/product_brand?post=910"},{"taxonomy":"product_cat","embeddable":true,"href":"https:\/\/lucasvasconcelos.com.br\/bumper\/wp-json\/wp\/v2\/product_cat?post=910"},{"taxonomy":"product_tag","embeddable":true,"href":"https:\/\/lucasvasconcelos.com.br\/bumper\/wp-json\/wp\/v2\/product_tag?post=910"}],"curies":[{"name":"wp","href":"https:\/\/api.w.org\/{rel}","templated":true}]}}