{"id":930,"date":"2025-01-21T12:08:43","date_gmt":"2025-01-21T15:08:43","guid":{"rendered":"https:\/\/lucasvasconcelos.com.br\/bumper\/?post_type=product&#038;p=930"},"modified":"2025-01-21T12:18:12","modified_gmt":"2025-01-21T15:18:12","slug":"purificador-de-agua-consul-refrigerado-com-protecao-antibacterias-cor-grafite-cpb34afvna-bivolt","status":"publish","type":"product","link":"https:\/\/lucasvasconcelos.com.br\/bumper\/produto\/purificador-de-agua-consul-refrigerado-com-protecao-antibacterias-cor-grafite-cpb34afvna-bivolt\/","title":{"rendered":"Purificador De \u00c1gua Consul Refrigerado com Prote\u00e7\u00e3o Antibact\u00e9rias Cor Grafite (CPB34AFVNA) &#8211; Bivolt"},"content":{"rendered":"<p><strong>Purificador De \u00c1gua Consul Refrigerado com Prote\u00e7\u00e3o Antibact\u00e9rias<\/strong> oferece diferenciais not\u00e1veis para garantir a qualidade da \u00e1gua que voc\u00ea e sua fam\u00edlia consomem diariamente.<\/p>\n<p>&nbsp;<\/p>\n<p>Com um avan\u00e7ado sistema de filtragem classe A, o refil de alta tecnologia assegura m\u00e1xima redu\u00e7\u00e3o de cloro livre, reten\u00e7\u00e3o de part\u00edculas e efici\u00eancia bacteriol\u00f3gica, proporcionando uma \u00e1gua purificada de alta qualidade.<\/p>\n<p>&nbsp;<\/p>\n<p>Al\u00e9m disso, o <strong>Purificador de \u00c1gua Consul (CPB34AFVNA)<\/strong> mant\u00e9m a pureza da \u00e1gua mesmo em situa\u00e7\u00f5es de falta de energia el\u00e9trica, garantindo um fornecimento constante. A prote\u00e7\u00e3o antibact\u00e9rias \u00e9 outro destaque, assegurando que a \u00e1gua consumida seja livre de micro-organismos prejudiciais \u00e0 sa\u00fade.<\/p>\n<p>&nbsp;<\/p>\n<p>A praticidade \u00e9 incorporada ao design, com um sistema de troca f\u00e1cil do refil. Sem complica\u00e7\u00f5es e sem a necessidade de assist\u00eancia t\u00e9cnica, basta girar e substituir o refil, tornando o processo simples e acess\u00edvel.<\/p>\n<p>&nbsp;<\/p>\n<p>Conte com o <strong>Purificador De \u00c1gua Consul Refrigerado com Prote\u00e7\u00e3o Antibact\u00e9rias<\/strong> para fornecer \u00e1gua pura e saud\u00e1vel para toda a fam\u00edlia.<\/p>\n","protected":false},"excerpt":{"rendered":"<p>Com um avan\u00e7ado sistema de filtragem classe A, o refil de alta tecnologia assegura m\u00e1xima redu\u00e7\u00e3o de cloro livre, reten\u00e7\u00e3o de part\u00edculas e efici\u00eancia bacteriol\u00f3gica.<\/p>\n","protected":false},"featured_media":1310,"comment_status":"open","ping_status":"closed","template":"","meta":[],"pwb-brand":[258],"product_brand":[],"product_cat":[20,21,119],"product_tag":[45],"class_list":{"0":"post-930","1":"product","2":"type-product","3":"status-publish","4":"has-post-thumbnail","6":"pwb-brand-consul","7":"product_cat-eletroportateis","8":"product_cat-para-cozinha","9":"product_cat-purificadores","10":"product_tag-em-alta","12":"first","13":"instock","14":"shipping-taxable","15":"purchasable","16":"product-type-simple"},"brands":[{"id":258,"name":"Consul","slug":"consul"}],"_links":{"self":[{"href":"https:\/\/lucasvasconcelos.com.br\/bumper\/wp-json\/wp\/v2\/product\/930","targetHints":{"allow":["GET"]}}],"collection":[{"href":"https:\/\/lucasvasconcelos.com.br\/bumper\/wp-json\/wp\/v2\/product"}],"about":[{"href":"https:\/\/lucasvasconcelos.com.br\/bumper\/wp-json\/wp\/v2\/types\/product"}],"replies":[{"embeddable":true,"href":"https:\/\/lucasvasconcelos.com.br\/bumper\/wp-json\/wp\/v2\/comments?post=930"}],"wp:featuredmedia":[{"embeddable":true,"href":"https:\/\/lucasvasconcelos.com.br\/bumper\/wp-json\/wp\/v2\/media\/1310"}],"wp:attachment":[{"href":"https:\/\/lucasvasconcelos.com.br\/bumper\/wp-json\/wp\/v2\/media?parent=930"}],"wp:term":[{"taxonomy":"pwb-brand","embeddable":true,"href":"https:\/\/lucasvasconcelos.com.br\/bumper\/wp-json\/wp\/v2\/pwb-brand?post=930"},{"taxonomy":"product_brand","embeddable":true,"href":"https:\/\/lucasvasconcelos.com.br\/bumper\/wp-json\/wp\/v2\/product_brand?post=930"},{"taxonomy":"product_cat","embeddable":true,"href":"https:\/\/lucasvasconcelos.com.br\/bumper\/wp-json\/wp\/v2\/product_cat?post=930"},{"taxonomy":"product_tag","embeddable":true,"href":"https:\/\/lucasvasconcelos.com.br\/bumper\/wp-json\/wp\/v2\/product_tag?post=930"}],"curies":[{"name":"wp","href":"https:\/\/api.w.org\/{rel}","templated":true}]}}