{"id":935,"date":"2025-01-21T12:08:43","date_gmt":"2025-01-21T15:08:43","guid":{"rendered":"https:\/\/lucasvasconcelos.com.br\/bumper\/?post_type=product&#038;p=935"},"modified":"2025-01-21T12:11:49","modified_gmt":"2025-01-21T15:11:49","slug":"purificador-de-agua-electrolux-pa21g-branco-bivolt","status":"publish","type":"product","link":"https:\/\/lucasvasconcelos.com.br\/bumper\/produto\/purificador-de-agua-electrolux-pa21g-branco-bivolt\/","title":{"rendered":"Purificador de \u00c1gua Electrolux PA21G Branco Bivolt"},"content":{"rendered":"<p>O Purificador PA21G Electrolux \u00e9 projetado para proporcionar uma vida mais saud\u00e1vel, oferecendo \u00e1gua livre de impurezas, cloro e odores. Seu design moderno destaca-se pelo painel Blue Touch, sens\u00edvel ao toque e com fun\u00e7\u00f5es bem sinalizadas.<\/p>\n<p><strong>Caracter\u00edsticas Destacadas:<\/strong><\/p>\n<p>Sistema eletr\u00f4nico de refrigera\u00e7\u00e3o com tr\u00eas temperaturas selecion\u00e1veis.<br \/>\nFiltro Acqua Clean, classificado pelo Inmetro (P1\/C1), assegura m\u00e1xima efici\u00eancia.<br \/>\nAlerta autom\u00e1tico de troca do filtro para durabilidade e praticidade.<br \/>\nBandeja flex\u00edvel para f\u00e1cil remo\u00e7\u00e3o e limpeza.<br \/>\nControle de por\u00e7\u00f5es de \u00e1gua, com fluxo cont\u00ednuo ou controlado de acordo com sua prefer\u00eancia.<br \/>\nProporcione \u00e0 sua fam\u00edlia \u00e1gua de qualidade com o Purificador de \u00c1gua Electrolux PA21G &#8211; Sa\u00fade e Modernidade ao Seu Alcance.<\/p>\n","protected":false},"excerpt":{"rendered":"<p>Purificador de \u00c1gua Electrolux PA21G &#8211; Sa\u00fade e Modernidade para Sua Fam\u00edlia. \u00c1gua Pura, Design Inovador e Praticidade em um \u00danico Aparelho.<\/p>\n","protected":false},"featured_media":0,"comment_status":"open","ping_status":"closed","template":"","meta":[],"pwb-brand":[],"product_brand":[],"product_cat":[20,119],"product_tag":[207,205],"class_list":{"0":"post-935","1":"product","2":"type-product","3":"status-publish","5":"product_cat-eletroportateis","6":"product_cat-purificadores","7":"product_tag-purificador-de-agua","8":"product_tag-purificadores-de-agua","10":"first","11":"instock","12":"shipping-taxable","13":"purchasable","14":"product-type-simple"},"brands":[],"_links":{"self":[{"href":"https:\/\/lucasvasconcelos.com.br\/bumper\/wp-json\/wp\/v2\/product\/935","targetHints":{"allow":["GET"]}}],"collection":[{"href":"https:\/\/lucasvasconcelos.com.br\/bumper\/wp-json\/wp\/v2\/product"}],"about":[{"href":"https:\/\/lucasvasconcelos.com.br\/bumper\/wp-json\/wp\/v2\/types\/product"}],"replies":[{"embeddable":true,"href":"https:\/\/lucasvasconcelos.com.br\/bumper\/wp-json\/wp\/v2\/comments?post=935"}],"wp:attachment":[{"href":"https:\/\/lucasvasconcelos.com.br\/bumper\/wp-json\/wp\/v2\/media?parent=935"}],"wp:term":[{"taxonomy":"pwb-brand","embeddable":true,"href":"https:\/\/lucasvasconcelos.com.br\/bumper\/wp-json\/wp\/v2\/pwb-brand?post=935"},{"taxonomy":"product_brand","embeddable":true,"href":"https:\/\/lucasvasconcelos.com.br\/bumper\/wp-json\/wp\/v2\/product_brand?post=935"},{"taxonomy":"product_cat","embeddable":true,"href":"https:\/\/lucasvasconcelos.com.br\/bumper\/wp-json\/wp\/v2\/product_cat?post=935"},{"taxonomy":"product_tag","embeddable":true,"href":"https:\/\/lucasvasconcelos.com.br\/bumper\/wp-json\/wp\/v2\/product_tag?post=935"}],"curies":[{"name":"wp","href":"https:\/\/api.w.org\/{rel}","templated":true}]}}