{"id":982,"date":"2025-01-21T12:09:54","date_gmt":"2025-01-21T15:09:54","guid":{"rendered":"https:\/\/lucasvasconcelos.com.br\/bumper\/?post_type=product&#038;p=982"},"modified":"2025-01-21T12:11:49","modified_gmt":"2025-01-21T15:11:49","slug":"torradeira-eletrica-electrolux-expert-top70-inox-220v","status":"publish","type":"product","link":"https:\/\/lucasvasconcelos.com.br\/bumper\/produto\/torradeira-eletrica-electrolux-expert-top70-inox-220v\/","title":{"rendered":"Torradeira El\u00e9trica Electrolux Expert TOP70 Inox 220V"},"content":{"rendered":"<div class=\"flex-1 overflow-hidden\">\n<div class=\"react-scroll-to-bottom--css-xbefk-79elbk h-full\">\n<div class=\"react-scroll-to-bottom--css-xbefk-1n7m0yu\">\n<div class=\"flex flex-col pb-9 text-sm\">\n<div class=\"w-full text-token-text-primary\" data-testid=\"conversation-turn-19\">\n<div class=\"px-4 py-2 justify-center text-base md:gap-6 m-auto\">\n<div class=\"flex flex-1 text-base mx-auto gap-3 md:px-5 lg:px-1 xl:px-5 md:max-w-3xl lg:max-w-[40rem] xl:max-w-[48rem] group final-completion\">\n<div class=\"relative flex w-full flex-col lg:w-[calc(100%-115px)] agent-turn\">\n<div class=\"flex-col gap-1 md:gap-3\">\n<div class=\"flex flex-grow flex-col max-w-full\">\n<div class=\"min-h-[20px] text-message flex flex-col items-start gap-3 whitespace-pre-wrap break-words [.text-message+&amp;]:mt-5 overflow-x-auto\" data-message-author-role=\"assistant\" data-message-id=\"7125885b-e1aa-4d82-90e0-406968471bca\">\n<div class=\"markdown prose w-full break-words dark:prose-invert dark\">\n<p>Comece suas manh\u00e3s com p\u00e3es quentinhos e crocantes do jeito que voc\u00ea gosta, gra\u00e7as \u00e0 tecnologia avan\u00e7ada da Torradeira El\u00e9trica Electrolux Expert TOP70. Com sete n\u00edveis de tostagem, alcance a croc\u00e2ncia perfeita para qualquer tipo de p\u00e3o, desde brioches macios at\u00e9 ciabattas firmes.<\/p>\n<p>A Fun\u00e7\u00e3o Lift and Check permite verificar o ponto desejado sem interromper o ciclo, garantindo que suas fatias atinjam a perfei\u00e7\u00e3o. Programe o descongelamento e reaquecimento com um toque, enquanto as aberturas extralargas e o suporte remov\u00edvel tornam o uso vers\u00e1til para diferentes espessuras e tipos de p\u00e3es.<\/p>\n<p>A bandeja coletora de migalhas facilita a limpeza, e o design em a\u00e7o inox com acabamento texturizado traz eleg\u00e2ncia e durabilidade \u00e0 sua cozinha. Combine a Torradeira El\u00e9trica Electrolux Expert TOP70 com outros eletroport\u00e1teis da linha para uma experi\u00eancia culin\u00e1ria completa. Transforme suas manh\u00e3s com estilo e tecnologia.<\/p>\n<\/div>\n<\/div>\n<\/div>\n<div class=\"mt-1 flex justify-start gap-3 empty:hidden\">\n<div class=\"text-gray-400 flex self-end lg:self-center justify-center lg:justify-start mt-0 -ml-1 visible\">\n<p>&nbsp;<\/p>\n<div class=\"flex\"><\/div>\n<div class=\"flex items-center gap-1.5 text-xs\"><\/div>\n<\/div>\n<\/div>\n<\/div>\n<\/div>\n<\/div>\n<\/div>\n<\/div>\n<\/div>\n<\/div>\n<\/div>\n<\/div>\n<div class=\"w-full pt-2 md:pt-0 dark:border-white\/20 md:border-transparent md:dark:border-transparent md:w-[calc(100%-.5rem)]\">\n<form class=\"stretch mx-2 flex flex-row gap-3 last:mb-2 md:mx-4 md:last:mb-6 lg:mx-auto lg:max-w-2xl xl:max-w-3xl\">\n<div class=\"relative flex h-full flex-1 items-stretch md:flex-col\">\n<div class=\"flex w-full items-center\"><\/div>\n<\/div>\n<\/form>\n<\/div>\n","protected":false},"excerpt":{"rendered":"<p><em>Torradeira El\u00e9trica Electrolux Expert TOP70: Croc\u00e2ncia Personalizada para Seus P\u00e3es Favoritos. Design Elegante em A\u00e7o Inox.<\/em><\/p>\n","protected":false},"featured_media":0,"comment_status":"open","ping_status":"closed","template":"","meta":[],"pwb-brand":[],"product_brand":[],"product_cat":[20,21,212],"product_tag":[213],"class_list":{"0":"post-982","1":"product","2":"type-product","3":"status-publish","5":"product_cat-eletroportateis","6":"product_cat-para-cozinha","7":"product_cat-torradeira","8":"product_tag-torradeira","10":"first","11":"instock","12":"shipping-taxable","13":"purchasable","14":"product-type-simple"},"brands":[],"_links":{"self":[{"href":"https:\/\/lucasvasconcelos.com.br\/bumper\/wp-json\/wp\/v2\/product\/982","targetHints":{"allow":["GET"]}}],"collection":[{"href":"https:\/\/lucasvasconcelos.com.br\/bumper\/wp-json\/wp\/v2\/product"}],"about":[{"href":"https:\/\/lucasvasconcelos.com.br\/bumper\/wp-json\/wp\/v2\/types\/product"}],"replies":[{"embeddable":true,"href":"https:\/\/lucasvasconcelos.com.br\/bumper\/wp-json\/wp\/v2\/comments?post=982"}],"wp:attachment":[{"href":"https:\/\/lucasvasconcelos.com.br\/bumper\/wp-json\/wp\/v2\/media?parent=982"}],"wp:term":[{"taxonomy":"pwb-brand","embeddable":true,"href":"https:\/\/lucasvasconcelos.com.br\/bumper\/wp-json\/wp\/v2\/pwb-brand?post=982"},{"taxonomy":"product_brand","embeddable":true,"href":"https:\/\/lucasvasconcelos.com.br\/bumper\/wp-json\/wp\/v2\/product_brand?post=982"},{"taxonomy":"product_cat","embeddable":true,"href":"https:\/\/lucasvasconcelos.com.br\/bumper\/wp-json\/wp\/v2\/product_cat?post=982"},{"taxonomy":"product_tag","embeddable":true,"href":"https:\/\/lucasvasconcelos.com.br\/bumper\/wp-json\/wp\/v2\/product_tag?post=982"}],"curies":[{"name":"wp","href":"https:\/\/api.w.org\/{rel}","templated":true}]}}